{"id":43,"date":"2023-07-25T23:44:18","date_gmt":"2023-07-25T23:44:18","guid":{"rendered":"https:\/\/limonna.cl\/?post_type=product&#038;p=43"},"modified":"2026-04-08T17:31:34","modified_gmt":"2026-04-08T21:31:34","slug":"unguento-multiproposito-para-mascotas-matico","status":"publish","type":"product","link":"https:\/\/limonna.cl\/en\/product\/unguento-multiproposito-para-mascotas-matico\/","title":{"rendered":"Multipurpose salve for pets - Orange ball tree"},"content":{"rendered":"<p>Botany and the wisdom in the traditional use of Chilean medicinal flora inspire the creation of this multipurpose ointment for pets.<\/p>\n<p>The <a href=\"https:\/\/limonna.cl\/en\/matico\/\">matico<\/a>, along with calendula and lavender, it is blended with vegetable oils in a slow and careful process, giving rise to a deep and balanced herbal composition.<\/p>\n<p>Our Limonna multipurpose pet ointment is designed to complement daily care, when the skin needs attention and a touch of relief.<\/p>\n<p>Formulated with vegetable oils, vitamin E and botanical extracts, it helps protect and care for the skin in everyday situations such as bites, minor scratches, folds, pads and dry areas.<\/p>\n<p>Matico, a tree native to Chile, has been traditionally used for skin care, especially in cases of irritation and minor injuries.<\/p>\n<p>Essential oil-free formula. Contains no petroleum-derived mineral oils, liquid paraffin, or petrolatum.<\/p>\n<p>For use on any pet.<\/p>\n<p>&nbsp;<\/p>\n<p><span data-sanitized-data-mce-fragment=\"1\">Net weight 1.2 oz \/ 34 g e (Aluminum Tin).<\/span><\/p>\n<p>Created and made in <a href=\"https:\/\/www.marcachile.cl\/licenciatarios\/limonna-spa\/\" target=\"_self\" data-trp-translate-id-href=\"5742\" data-trp-node-group-href=\"Lista de cadenas\" data-trp-unpreviewable=\"trp-unpreviewable\">Chile<\/a>.<br \/>\nVegan &amp; Crueltyfree by <a href=\"https:\/\/crueltyfree.peta.org\/company\/love-is-pet-vibrational-healing\/\" target=\"_self\" data-trp-translate-id-href=\"169\" data-trp-node-group-href=\"Lista de cadenas\" data-trp-unpreviewable=\"trp-unpreviewable\">PETA.org<\/a>.<\/p>\n<p>&nbsp;<\/p>\n<p data-sanitized-data-mce-fragment=\"1\">Reference image: Being a 100% natural product, its color may vary from yellow to greenish yellow or green.<\/p>","protected":false},"excerpt":{"rendered":"<p>Multipurpose botanical skin care, ideal for daily use and sensitive areas.<\/p>","protected":false},"featured_media":22304,"comment_status":"open","ping_status":"closed","template":"","meta":{"_editorskit_title_hidden":false,"_editorskit_reading_time":0,"_editorskit_is_block_options_detached":false,"_editorskit_block_options_position":"{}","_crdt_document":"","inline_featured_image":false,"iawp_total_views":1157},"product_brand":[504],"product_cat":[20,21,391,385,15],"product_tag":[363,110,451,455,109,449,505,248,387,108,461,450,462,398,247],"class_list":{"0":"post-43","1":"product","2":"type-product","3":"status-publish","4":"has-post-thumbnail","6":"product_brand-limonna","7":"product_cat-cuidado-patitas","8":"product_cat-cuidado-piel","9":"product_cat-gatos","10":"product_cat-perros","11":"product_cat-todos-los-productos","12":"product_tag-100-bio","13":"product_tag-animales-pequenos","14":"product_tag-cats","15":"product_tag-dogs","16":"product_tag-gatos","17":"product_tag-limonna","18":"product_tag-matico","19":"product_tag-natural","20":"product_tag-not-tested-on-animals","21":"product_tag-perros","22":"product_tag-salve-for-pets","23":"product_tag-small-animals","24":"product_tag-unguento-para-mascotas","25":"product_tag-vegan","26":"product_tag-vegano","27":"product_shipping_class-extra-pequeno","28":"ts_product_brand-limonna","30":"first","31":"instock","32":"taxable","33":"shipping-taxable","34":"purchasable","35":"product-type-simple"},"yoast_head":"<!-- This site is optimized with the Yoast SEO plugin v27.4 - https:\/\/yoast.com\/product\/yoast-seo-wordpress\/ -->\n<title>Ung\u00fcento natural para mascotas en Chile | Limonna<\/title>\n<meta name=\"description\" content=\"Ung\u00fcento bot\u00e1nico multiprop\u00f3sito para mascotas. Protege y nutre la piel de forma natural.\" \/>\n<meta name=\"robots\" content=\"index, follow, max-snippet:-1, max-image-preview:large, max-video-preview:-1\" \/>\n<link rel=\"canonical\" href=\"https:\/\/limonna.cl\/en\/product\/unguento-multiproposito-para-mascotas-matico\/\" \/>\n<meta property=\"og:locale\" content=\"en_US\" \/>\n<meta property=\"og:type\" content=\"article\" \/>\n<meta property=\"og:title\" content=\"Ung\u00fcento natural para mascotas en Chile | Limonna\" \/>\n<meta property=\"og:description\" content=\"Ung\u00fcento bot\u00e1nico multiprop\u00f3sito para mascotas. Protege y nutre la piel de forma natural.\" \/>\n<meta property=\"og:url\" content=\"https:\/\/limonna.cl\/en\/product\/unguento-multiproposito-para-mascotas-matico\/\" \/>\n<meta property=\"og:site_name\" content=\"Limonna e-boutique\" \/>\n<meta property=\"article:publisher\" content=\"https:\/\/www.facebook.com\/limonna.cl\" \/>\n<meta property=\"article:modified_time\" content=\"2026-04-08T21:31:34+00:00\" \/>\n<meta property=\"og:image\" content=\"https:\/\/limonna.cl\/wp-content\/uploads\/2024\/05\/Unguento-Limonna.jpg\" \/>\n\t<meta property=\"og:image:width\" content=\"1000\" \/>\n\t<meta property=\"og:image:height\" content=\"1000\" \/>\n\t<meta property=\"og:image:type\" content=\"image\/jpeg\" \/>\n<meta name=\"twitter:card\" content=\"summary_large_image\" \/>\n<meta name=\"twitter:label1\" content=\"Est. reading time\" \/>\n\t<meta name=\"twitter:data1\" content=\"2 minutes\" \/>\n<script type=\"application\/ld+json\" class=\"yoast-schema-graph\">{\"@context\":\"https:\\\/\\\/schema.org\",\"@graph\":[{\"@type\":\"WebPage\",\"@id\":\"https:\\\/\\\/limonna.cl\\\/producto\\\/unguento-multiproposito-para-mascotas-matico\\\/\",\"url\":\"https:\\\/\\\/limonna.cl\\\/producto\\\/unguento-multiproposito-para-mascotas-matico\\\/\",\"name\":\"Ung\u00fcento natural para mascotas en Chile | Limonna\",\"isPartOf\":{\"@id\":\"https:\\\/\\\/limonna.cl\\\/#website\"},\"primaryImageOfPage\":{\"@id\":\"https:\\\/\\\/limonna.cl\\\/producto\\\/unguento-multiproposito-para-mascotas-matico\\\/#primaryimage\"},\"image\":{\"@id\":\"https:\\\/\\\/limonna.cl\\\/producto\\\/unguento-multiproposito-para-mascotas-matico\\\/#primaryimage\"},\"thumbnailUrl\":\"https:\\\/\\\/limonna.cl\\\/wp-content\\\/uploads\\\/2024\\\/05\\\/Unguento-Limonna.jpg\",\"datePublished\":\"2023-07-25T23:44:18+00:00\",\"dateModified\":\"2026-04-08T21:31:34+00:00\",\"description\":\"Ung\u00fcento bot\u00e1nico multiprop\u00f3sito para mascotas. Protege y nutre la piel de forma natural.\",\"breadcrumb\":{\"@id\":\"https:\\\/\\\/limonna.cl\\\/producto\\\/unguento-multiproposito-para-mascotas-matico\\\/#breadcrumb\"},\"inLanguage\":\"en-US\",\"potentialAction\":[{\"@type\":\"ReadAction\",\"target\":[\"https:\\\/\\\/limonna.cl\\\/producto\\\/unguento-multiproposito-para-mascotas-matico\\\/\"]}]},{\"@type\":\"ImageObject\",\"inLanguage\":\"en-US\",\"@id\":\"https:\\\/\\\/limonna.cl\\\/producto\\\/unguento-multiproposito-para-mascotas-matico\\\/#primaryimage\",\"url\":\"https:\\\/\\\/limonna.cl\\\/wp-content\\\/uploads\\\/2024\\\/05\\\/Unguento-Limonna.jpg\",\"contentUrl\":\"https:\\\/\\\/limonna.cl\\\/wp-content\\\/uploads\\\/2024\\\/05\\\/Unguento-Limonna.jpg\",\"width\":1000,\"height\":1000,\"caption\":\"ung\u00fcento natural para mascotas Limonna\"},{\"@type\":\"BreadcrumbList\",\"@id\":\"https:\\\/\\\/limonna.cl\\\/producto\\\/unguento-multiproposito-para-mascotas-matico\\\/#breadcrumb\",\"itemListElement\":[{\"@type\":\"ListItem\",\"position\":1,\"name\":\"Portada\",\"item\":\"https:\\\/\\\/limonna.cl\\\/\"},{\"@type\":\"ListItem\",\"position\":2,\"name\":\"Boutique\",\"item\":\"https:\\\/\\\/limonna.cl\\\/shop\\\/\"},{\"@type\":\"ListItem\",\"position\":3,\"name\":\"Ung\u00fcento multiprop\u00f3sito para mascotas Matico\"}]},{\"@type\":\"WebSite\",\"@id\":\"https:\\\/\\\/limonna.cl\\\/#website\",\"url\":\"https:\\\/\\\/limonna.cl\\\/\",\"name\":\"Limonna | Plant based magic for pets\",\"description\":\"Plant - based magic for pets\",\"publisher\":{\"@id\":\"https:\\\/\\\/limonna.cl\\\/#organization\"},\"potentialAction\":[{\"@type\":\"SearchAction\",\"target\":{\"@type\":\"EntryPoint\",\"urlTemplate\":\"https:\\\/\\\/limonna.cl\\\/?s={search_term_string}\"},\"query-input\":{\"@type\":\"PropertyValueSpecification\",\"valueRequired\":true,\"valueName\":\"search_term_string\"}}],\"inLanguage\":\"en-US\"},{\"@type\":\"Organization\",\"@id\":\"https:\\\/\\\/limonna.cl\\\/#organization\",\"name\":\"Limonna\",\"url\":\"https:\\\/\\\/limonna.cl\\\/\",\"logo\":{\"@type\":\"ImageObject\",\"inLanguage\":\"en-US\",\"@id\":\"https:\\\/\\\/limonna.cl\\\/#\\\/schema\\\/logo\\\/image\\\/\",\"url\":\"https:\\\/\\\/limonna.cl\\\/wp-content\\\/uploads\\\/2023\\\/07\\\/logo-limonna-final-negro_Mesa-de-trabajo-1-copia-2.png\",\"contentUrl\":\"https:\\\/\\\/limonna.cl\\\/wp-content\\\/uploads\\\/2023\\\/07\\\/logo-limonna-final-negro_Mesa-de-trabajo-1-copia-2.png\",\"width\":3508,\"height\":2481,\"caption\":\"Limonna\"},\"image\":{\"@id\":\"https:\\\/\\\/limonna.cl\\\/#\\\/schema\\\/logo\\\/image\\\/\"},\"sameAs\":[\"https:\\\/\\\/www.facebook.com\\\/limonna.cl\",\"https:\\\/\\\/www.instagram.com\\\/limonna.cl\\\/\",\"https:\\\/\\\/www.linkedin.com\\\/company\\\/limonna\\\/\"]}]}<\/script>\n<!-- \/ Yoast SEO plugin. -->","yoast_head_json":{"title":"Ung\u00fcento natural para mascotas en Chile | Limonna","description":"Ung\u00fcento bot\u00e1nico multiprop\u00f3sito para mascotas. Protege y nutre la piel de forma natural.","robots":{"index":"index","follow":"follow","max-snippet":"max-snippet:-1","max-image-preview":"max-image-preview:large","max-video-preview":"max-video-preview:-1"},"canonical":"https:\/\/limonna.cl\/en\/product\/unguento-multiproposito-para-mascotas-matico\/","og_locale":"en_US","og_type":"article","og_title":"Ung\u00fcento natural para mascotas en Chile | Limonna","og_description":"Ung\u00fcento bot\u00e1nico multiprop\u00f3sito para mascotas. Protege y nutre la piel de forma natural.","og_url":"https:\/\/limonna.cl\/en\/product\/unguento-multiproposito-para-mascotas-matico\/","og_site_name":"Limonna e-boutique","article_publisher":"https:\/\/www.facebook.com\/limonna.cl","article_modified_time":"2026-04-08T21:31:34+00:00","og_image":[{"width":1000,"height":1000,"url":"https:\/\/limonna.cl\/wp-content\/uploads\/2024\/05\/Unguento-Limonna.jpg","type":"image\/jpeg"}],"twitter_card":"summary_large_image","twitter_misc":{"Est. reading time":"2 minutes"},"schema":{"@context":"https:\/\/schema.org","@graph":[{"@type":"WebPage","@id":"https:\/\/limonna.cl\/producto\/unguento-multiproposito-para-mascotas-matico\/","url":"https:\/\/limonna.cl\/producto\/unguento-multiproposito-para-mascotas-matico\/","name":"Ung\u00fcento natural para mascotas en Chile | Limonna","isPartOf":{"@id":"https:\/\/limonna.cl\/#website"},"primaryImageOfPage":{"@id":"https:\/\/limonna.cl\/producto\/unguento-multiproposito-para-mascotas-matico\/#primaryimage"},"image":{"@id":"https:\/\/limonna.cl\/producto\/unguento-multiproposito-para-mascotas-matico\/#primaryimage"},"thumbnailUrl":"https:\/\/limonna.cl\/wp-content\/uploads\/2024\/05\/Unguento-Limonna.jpg","datePublished":"2023-07-25T23:44:18+00:00","dateModified":"2026-04-08T21:31:34+00:00","description":"Ung\u00fcento bot\u00e1nico multiprop\u00f3sito para mascotas. Protege y nutre la piel de forma natural.","breadcrumb":{"@id":"https:\/\/limonna.cl\/producto\/unguento-multiproposito-para-mascotas-matico\/#breadcrumb"},"inLanguage":"en-US","potentialAction":[{"@type":"ReadAction","target":["https:\/\/limonna.cl\/producto\/unguento-multiproposito-para-mascotas-matico\/"]}]},{"@type":"ImageObject","inLanguage":"en-US","@id":"https:\/\/limonna.cl\/producto\/unguento-multiproposito-para-mascotas-matico\/#primaryimage","url":"https:\/\/limonna.cl\/wp-content\/uploads\/2024\/05\/Unguento-Limonna.jpg","contentUrl":"https:\/\/limonna.cl\/wp-content\/uploads\/2024\/05\/Unguento-Limonna.jpg","width":1000,"height":1000,"caption":"ung\u00fcento natural para mascotas Limonna"},{"@type":"BreadcrumbList","@id":"https:\/\/limonna.cl\/producto\/unguento-multiproposito-para-mascotas-matico\/#breadcrumb","itemListElement":[{"@type":"ListItem","position":1,"name":"Portada","item":"https:\/\/limonna.cl\/"},{"@type":"ListItem","position":2,"name":"Boutique","item":"https:\/\/limonna.cl\/shop\/"},{"@type":"ListItem","position":3,"name":"Ung\u00fcento multiprop\u00f3sito para mascotas Matico"}]},{"@type":"WebSite","@id":"https:\/\/limonna.cl\/#website","url":"https:\/\/limonna.cl\/","name":"Limonna | Plant based magic for pets","description":"Plant - based magic for pets","publisher":{"@id":"https:\/\/limonna.cl\/#organization"},"potentialAction":[{"@type":"SearchAction","target":{"@type":"EntryPoint","urlTemplate":"https:\/\/limonna.cl\/?s={search_term_string}"},"query-input":{"@type":"PropertyValueSpecification","valueRequired":true,"valueName":"search_term_string"}}],"inLanguage":"en-US"},{"@type":"Organization","@id":"https:\/\/limonna.cl\/#organization","name":"Limonna","url":"https:\/\/limonna.cl\/","logo":{"@type":"ImageObject","inLanguage":"en-US","@id":"https:\/\/limonna.cl\/#\/schema\/logo\/image\/","url":"https:\/\/limonna.cl\/wp-content\/uploads\/2023\/07\/logo-limonna-final-negro_Mesa-de-trabajo-1-copia-2.png","contentUrl":"https:\/\/limonna.cl\/wp-content\/uploads\/2023\/07\/logo-limonna-final-negro_Mesa-de-trabajo-1-copia-2.png","width":3508,"height":2481,"caption":"Limonna"},"image":{"@id":"https:\/\/limonna.cl\/#\/schema\/logo\/image\/"},"sameAs":["https:\/\/www.facebook.com\/limonna.cl","https:\/\/www.instagram.com\/limonna.cl\/","https:\/\/www.linkedin.com\/company\/limonna\/"]}]}},"_links":{"self":[{"href":"https:\/\/limonna.cl\/en\/wp-json\/wp\/v2\/product\/43","targetHints":{"allow":["GET"]}}],"collection":[{"href":"https:\/\/limonna.cl\/en\/wp-json\/wp\/v2\/product"}],"about":[{"href":"https:\/\/limonna.cl\/en\/wp-json\/wp\/v2\/types\/product"}],"replies":[{"embeddable":true,"href":"https:\/\/limonna.cl\/en\/wp-json\/wp\/v2\/comments?post=43"}],"wp:featuredmedia":[{"embeddable":true,"href":"https:\/\/limonna.cl\/en\/wp-json\/wp\/v2\/media\/22304"}],"wp:attachment":[{"href":"https:\/\/limonna.cl\/en\/wp-json\/wp\/v2\/media?parent=43"}],"wp:term":[{"taxonomy":"product_brand","embeddable":true,"href":"https:\/\/limonna.cl\/en\/wp-json\/wp\/v2\/product_brand?post=43"},{"taxonomy":"product_cat","embeddable":true,"href":"https:\/\/limonna.cl\/en\/wp-json\/wp\/v2\/product_cat?post=43"},{"taxonomy":"product_tag","embeddable":true,"href":"https:\/\/limonna.cl\/en\/wp-json\/wp\/v2\/product_tag?post=43"}],"curies":[{"name":"wp","href":"https:\/\/api.w.org\/{rel}","templated":true}]}}