{"id":41,"date":"2023-07-25T23:41:31","date_gmt":"2023-07-26T03:41:31","guid":{"rendered":"https:\/\/limonna.cl\/?post_type=product&#038;p=41"},"modified":"2026-04-08T17:31:31","modified_gmt":"2026-04-08T21:31:31","slug":"set-spa-para-perros","status":"publish","type":"product","link":"https:\/\/limonna.cl\/en\/product\/set-spa-para-perros\/","title":{"rendered":"Dog spa set"},"content":{"rendered":"<p>The Limonna dog spa set invites you to transform your skin and coat care routine into a moment of calm and well-being.<\/p>\n<p>Inspirado en la flora nativa chilena, este set re\u00fane las cualidades del quillay y el avellano chileno en un ritual completo de limpieza, nutrici\u00f3n y protecci\u00f3n.<\/p>\n<p><a href=\"https:\/\/limonna.cl\/en\/product\/champu-para-perros-y-gatos-quillay\/\">Shampoo for dogs and cats - Soap bark tree<\/a><\/p>\n<p>A gentle, moisturizing shampoo with quillay extract and aloe vera, created for regular use, even on sensitive skin. Cleanses without disrupting the natural balance of the skin and coat.<\/p>\n<p><a href=\"https:\/\/limonna.cl\/en\/product\/acondicionador-para-perros-y-gatos-avellana-chilena\/\">Conditioner for dogs and cats - Chilean hazelnut<\/a><\/p>\n<p>A nourishing conditioner formulated for sensitive, dry, or itchy skin. It contains Chilean hazelnut oil, organic shea butter, and phytokeratin, helping to detangle and condition the coat, leaving it soft, shiny, and moisturized.<\/p>\n<p><a href=\"https:\/\/limonna.cl\/en\/product\/manteca-para-almohadillas-de-perro-avellana-chilena\/\">Paw butter for dogs - Chilean hazelnut<\/a><\/p>\n<p>Una manteca nutritiva que hidrata, protege y suaviza almohadillas secas o agrietadas. El aceite de avellana chilena se combina con mantecas org\u00e1nicas de karit\u00e9 y cacao, dando origen a una textura cremosa y f\u00e1cil de aplicar.<\/p>\n<p>Un regalo ideal para obsequiar o para quienes buscan un momento de cuidado m\u00e1s completo.<\/p>\n<p>You can add the gift wrapping option and, at checkout, indicate a personal message and request that the printed receipt not be included.<\/p>\n<p>&nbsp;<\/p>\n<p>The set contains 1 conditioner of 7.4 fl. oz \/ 220 ml, 1 shampoo of 8 fl. oz \/ 237 ml and 1 butter of 2.1 oz \/ 60 g (PET containers).<\/p>\n<p>&nbsp;<\/p>\n<p>Created and made in <a href=\"https:\/\/www.marcachile.cl\/licenciatarios\/limonna-spa\/\">Chile<\/a>.<br \/>\nVegan &amp; Crueltyfree by <a href=\"https:\/\/crueltyfree.peta.org\/company\/love-is-pet-vibrational-healing\/\">PETA.org<\/a>.<\/p>\n<p data-sanitized-data-mce-fragment=\"1\">","protected":false},"excerpt":{"rendered":"<p>A complete care ritual that transforms bathing into a wellness experience for the skin and coat.<\/p>","protected":false},"featured_media":22299,"comment_status":"open","ping_status":"closed","template":"","meta":{"_editorskit_title_hidden":false,"_editorskit_reading_time":0,"_editorskit_is_block_options_detached":false,"_editorskit_block_options_position":"{}","_crdt_document":"","inline_featured_image":false,"iawp_total_views":1055},"product_brand":[504],"product_cat":[385,523,18,15],"product_tag":[438,507,433,437,434,449,442,443,108,506,398,247],"class_list":{"0":"post-41","1":"product","2":"type-product","3":"status-publish","4":"has-post-thumbnail","6":"product_brand-limonna","7":"product_cat-perros","8":"product_cat-regalos","9":"product_cat-regalos-y-sets","10":"product_cat-todos-los-productos","11":"product_tag-acondicionador-para-perros","12":"product_tag-avellana-chilena","13":"product_tag-champu-para-perros","14":"product_tag-dog-conditioner","15":"product_tag-dog-shampoo","16":"product_tag-limonna","17":"product_tag-manteca-para-almohadillas-de-perros","18":"product_tag-paw-butter-for-dogs","19":"product_tag-perros","20":"product_tag-quillay","21":"product_tag-vegan","22":"product_tag-vegano","23":"product_shipping_class-grande","24":"ts_product_brand-limonna","26":"first","27":"instock","28":"taxable","29":"shipping-taxable","30":"purchasable","31":"product-type-simple"},"yoast_head":"<!-- This site is optimized with the Yoast SEO plugin v27.4 - https:\/\/yoast.com\/product\/yoast-seo-wordpress\/ -->\n<title>Set spa para perros en Chile | Limonna<\/title>\n<meta name=\"description\" content=\"Set de cuidado bot\u00e1nico para perros. Ba\u00f1o, nutrici\u00f3n y protecci\u00f3n en un solo ritual.\" \/>\n<meta name=\"robots\" content=\"index, follow, max-snippet:-1, max-image-preview:large, max-video-preview:-1\" \/>\n<link rel=\"canonical\" href=\"https:\/\/limonna.cl\/en\/product\/set-spa-para-perros\/\" \/>\n<meta property=\"og:locale\" content=\"en_US\" \/>\n<meta property=\"og:type\" content=\"article\" \/>\n<meta property=\"og:title\" content=\"Set spa para perros en Chile | Limonna\" \/>\n<meta property=\"og:description\" content=\"Set de cuidado bot\u00e1nico para perros. Ba\u00f1o, nutrici\u00f3n y protecci\u00f3n en un solo ritual.\" \/>\n<meta property=\"og:url\" content=\"https:\/\/limonna.cl\/en\/product\/set-spa-para-perros\/\" \/>\n<meta property=\"og:site_name\" content=\"Limonna e-boutique\" \/>\n<meta property=\"article:publisher\" content=\"https:\/\/www.facebook.com\/limonna.cl\" \/>\n<meta property=\"article:modified_time\" content=\"2026-04-08T21:31:31+00:00\" \/>\n<meta property=\"og:image\" content=\"https:\/\/limonna.cl\/wp-content\/uploads\/2024\/05\/Set-spa-para-perros-Limonna.jpg\" \/>\n\t<meta property=\"og:image:width\" content=\"1000\" \/>\n\t<meta property=\"og:image:height\" content=\"1000\" \/>\n\t<meta property=\"og:image:type\" content=\"image\/jpeg\" \/>\n<meta name=\"twitter:card\" content=\"summary_large_image\" \/>\n<meta name=\"twitter:label1\" content=\"Est. reading time\" \/>\n\t<meta name=\"twitter:data1\" content=\"2 minutes\" \/>\n<script type=\"application\/ld+json\" class=\"yoast-schema-graph\">{\"@context\":\"https:\\\/\\\/schema.org\",\"@graph\":[{\"@type\":\"WebPage\",\"@id\":\"https:\\\/\\\/limonna.cl\\\/producto\\\/set-spa-para-perros\\\/\",\"url\":\"https:\\\/\\\/limonna.cl\\\/producto\\\/set-spa-para-perros\\\/\",\"name\":\"Set spa para perros en Chile | Limonna\",\"isPartOf\":{\"@id\":\"https:\\\/\\\/limonna.cl\\\/#website\"},\"primaryImageOfPage\":{\"@id\":\"https:\\\/\\\/limonna.cl\\\/producto\\\/set-spa-para-perros\\\/#primaryimage\"},\"image\":{\"@id\":\"https:\\\/\\\/limonna.cl\\\/producto\\\/set-spa-para-perros\\\/#primaryimage\"},\"thumbnailUrl\":\"https:\\\/\\\/limonna.cl\\\/wp-content\\\/uploads\\\/2024\\\/05\\\/Set-spa-para-perros-Limonna.jpg\",\"datePublished\":\"2023-07-26T03:41:31+00:00\",\"dateModified\":\"2026-04-08T21:31:31+00:00\",\"description\":\"Set de cuidado bot\u00e1nico para perros. Ba\u00f1o, nutrici\u00f3n y protecci\u00f3n en un solo ritual.\",\"breadcrumb\":{\"@id\":\"https:\\\/\\\/limonna.cl\\\/producto\\\/set-spa-para-perros\\\/#breadcrumb\"},\"inLanguage\":\"en-US\",\"potentialAction\":[{\"@type\":\"ReadAction\",\"target\":[\"https:\\\/\\\/limonna.cl\\\/producto\\\/set-spa-para-perros\\\/\"]}]},{\"@type\":\"ImageObject\",\"inLanguage\":\"en-US\",\"@id\":\"https:\\\/\\\/limonna.cl\\\/producto\\\/set-spa-para-perros\\\/#primaryimage\",\"url\":\"https:\\\/\\\/limonna.cl\\\/wp-content\\\/uploads\\\/2024\\\/05\\\/Set-spa-para-perros-Limonna.jpg\",\"contentUrl\":\"https:\\\/\\\/limonna.cl\\\/wp-content\\\/uploads\\\/2024\\\/05\\\/Set-spa-para-perros-Limonna.jpg\",\"width\":1000,\"height\":1000,\"caption\":\"set de cuidado para mascotas Limonna\"},{\"@type\":\"BreadcrumbList\",\"@id\":\"https:\\\/\\\/limonna.cl\\\/producto\\\/set-spa-para-perros\\\/#breadcrumb\",\"itemListElement\":[{\"@type\":\"ListItem\",\"position\":1,\"name\":\"Portada\",\"item\":\"https:\\\/\\\/limonna.cl\\\/\"},{\"@type\":\"ListItem\",\"position\":2,\"name\":\"Boutique\",\"item\":\"https:\\\/\\\/limonna.cl\\\/shop\\\/\"},{\"@type\":\"ListItem\",\"position\":3,\"name\":\"Set spa para perros\"}]},{\"@type\":\"WebSite\",\"@id\":\"https:\\\/\\\/limonna.cl\\\/#website\",\"url\":\"https:\\\/\\\/limonna.cl\\\/\",\"name\":\"Limonna | Plant based magic for pets\",\"description\":\"Plant - based magic for pets\",\"publisher\":{\"@id\":\"https:\\\/\\\/limonna.cl\\\/#organization\"},\"potentialAction\":[{\"@type\":\"SearchAction\",\"target\":{\"@type\":\"EntryPoint\",\"urlTemplate\":\"https:\\\/\\\/limonna.cl\\\/?s={search_term_string}\"},\"query-input\":{\"@type\":\"PropertyValueSpecification\",\"valueRequired\":true,\"valueName\":\"search_term_string\"}}],\"inLanguage\":\"en-US\"},{\"@type\":\"Organization\",\"@id\":\"https:\\\/\\\/limonna.cl\\\/#organization\",\"name\":\"Limonna\",\"url\":\"https:\\\/\\\/limonna.cl\\\/\",\"logo\":{\"@type\":\"ImageObject\",\"inLanguage\":\"en-US\",\"@id\":\"https:\\\/\\\/limonna.cl\\\/#\\\/schema\\\/logo\\\/image\\\/\",\"url\":\"https:\\\/\\\/limonna.cl\\\/wp-content\\\/uploads\\\/2023\\\/07\\\/logo-limonna-final-negro_Mesa-de-trabajo-1-copia-2.png\",\"contentUrl\":\"https:\\\/\\\/limonna.cl\\\/wp-content\\\/uploads\\\/2023\\\/07\\\/logo-limonna-final-negro_Mesa-de-trabajo-1-copia-2.png\",\"width\":3508,\"height\":2481,\"caption\":\"Limonna\"},\"image\":{\"@id\":\"https:\\\/\\\/limonna.cl\\\/#\\\/schema\\\/logo\\\/image\\\/\"},\"sameAs\":[\"https:\\\/\\\/www.facebook.com\\\/limonna.cl\",\"https:\\\/\\\/www.instagram.com\\\/limonna.cl\\\/\",\"https:\\\/\\\/www.linkedin.com\\\/company\\\/limonna\\\/\"]}]}<\/script>\n<!-- \/ Yoast SEO plugin. -->","yoast_head_json":{"title":"Set spa para perros en Chile | Limonna","description":"Set de cuidado bot\u00e1nico para perros. Ba\u00f1o, nutrici\u00f3n y protecci\u00f3n en un solo ritual.","robots":{"index":"index","follow":"follow","max-snippet":"max-snippet:-1","max-image-preview":"max-image-preview:large","max-video-preview":"max-video-preview:-1"},"canonical":"https:\/\/limonna.cl\/en\/product\/set-spa-para-perros\/","og_locale":"en_US","og_type":"article","og_title":"Set spa para perros en Chile | Limonna","og_description":"Set de cuidado bot\u00e1nico para perros. Ba\u00f1o, nutrici\u00f3n y protecci\u00f3n en un solo ritual.","og_url":"https:\/\/limonna.cl\/en\/product\/set-spa-para-perros\/","og_site_name":"Limonna e-boutique","article_publisher":"https:\/\/www.facebook.com\/limonna.cl","article_modified_time":"2026-04-08T21:31:31+00:00","og_image":[{"width":1000,"height":1000,"url":"https:\/\/limonna.cl\/wp-content\/uploads\/2024\/05\/Set-spa-para-perros-Limonna.jpg","type":"image\/jpeg"}],"twitter_card":"summary_large_image","twitter_misc":{"Est. reading time":"2 minutes"},"schema":{"@context":"https:\/\/schema.org","@graph":[{"@type":"WebPage","@id":"https:\/\/limonna.cl\/producto\/set-spa-para-perros\/","url":"https:\/\/limonna.cl\/producto\/set-spa-para-perros\/","name":"Set spa para perros en Chile | Limonna","isPartOf":{"@id":"https:\/\/limonna.cl\/#website"},"primaryImageOfPage":{"@id":"https:\/\/limonna.cl\/producto\/set-spa-para-perros\/#primaryimage"},"image":{"@id":"https:\/\/limonna.cl\/producto\/set-spa-para-perros\/#primaryimage"},"thumbnailUrl":"https:\/\/limonna.cl\/wp-content\/uploads\/2024\/05\/Set-spa-para-perros-Limonna.jpg","datePublished":"2023-07-26T03:41:31+00:00","dateModified":"2026-04-08T21:31:31+00:00","description":"Set de cuidado bot\u00e1nico para perros. Ba\u00f1o, nutrici\u00f3n y protecci\u00f3n en un solo ritual.","breadcrumb":{"@id":"https:\/\/limonna.cl\/producto\/set-spa-para-perros\/#breadcrumb"},"inLanguage":"en-US","potentialAction":[{"@type":"ReadAction","target":["https:\/\/limonna.cl\/producto\/set-spa-para-perros\/"]}]},{"@type":"ImageObject","inLanguage":"en-US","@id":"https:\/\/limonna.cl\/producto\/set-spa-para-perros\/#primaryimage","url":"https:\/\/limonna.cl\/wp-content\/uploads\/2024\/05\/Set-spa-para-perros-Limonna.jpg","contentUrl":"https:\/\/limonna.cl\/wp-content\/uploads\/2024\/05\/Set-spa-para-perros-Limonna.jpg","width":1000,"height":1000,"caption":"set de cuidado para mascotas Limonna"},{"@type":"BreadcrumbList","@id":"https:\/\/limonna.cl\/producto\/set-spa-para-perros\/#breadcrumb","itemListElement":[{"@type":"ListItem","position":1,"name":"Portada","item":"https:\/\/limonna.cl\/"},{"@type":"ListItem","position":2,"name":"Boutique","item":"https:\/\/limonna.cl\/shop\/"},{"@type":"ListItem","position":3,"name":"Set spa para perros"}]},{"@type":"WebSite","@id":"https:\/\/limonna.cl\/#website","url":"https:\/\/limonna.cl\/","name":"Limonna | Plant based magic for pets","description":"Plant - based magic for pets","publisher":{"@id":"https:\/\/limonna.cl\/#organization"},"potentialAction":[{"@type":"SearchAction","target":{"@type":"EntryPoint","urlTemplate":"https:\/\/limonna.cl\/?s={search_term_string}"},"query-input":{"@type":"PropertyValueSpecification","valueRequired":true,"valueName":"search_term_string"}}],"inLanguage":"en-US"},{"@type":"Organization","@id":"https:\/\/limonna.cl\/#organization","name":"Limonna","url":"https:\/\/limonna.cl\/","logo":{"@type":"ImageObject","inLanguage":"en-US","@id":"https:\/\/limonna.cl\/#\/schema\/logo\/image\/","url":"https:\/\/limonna.cl\/wp-content\/uploads\/2023\/07\/logo-limonna-final-negro_Mesa-de-trabajo-1-copia-2.png","contentUrl":"https:\/\/limonna.cl\/wp-content\/uploads\/2023\/07\/logo-limonna-final-negro_Mesa-de-trabajo-1-copia-2.png","width":3508,"height":2481,"caption":"Limonna"},"image":{"@id":"https:\/\/limonna.cl\/#\/schema\/logo\/image\/"},"sameAs":["https:\/\/www.facebook.com\/limonna.cl","https:\/\/www.instagram.com\/limonna.cl\/","https:\/\/www.linkedin.com\/company\/limonna\/"]}]}},"_links":{"self":[{"href":"https:\/\/limonna.cl\/en\/wp-json\/wp\/v2\/product\/41","targetHints":{"allow":["GET"]}}],"collection":[{"href":"https:\/\/limonna.cl\/en\/wp-json\/wp\/v2\/product"}],"about":[{"href":"https:\/\/limonna.cl\/en\/wp-json\/wp\/v2\/types\/product"}],"replies":[{"embeddable":true,"href":"https:\/\/limonna.cl\/en\/wp-json\/wp\/v2\/comments?post=41"}],"wp:featuredmedia":[{"embeddable":true,"href":"https:\/\/limonna.cl\/en\/wp-json\/wp\/v2\/media\/22299"}],"wp:attachment":[{"href":"https:\/\/limonna.cl\/en\/wp-json\/wp\/v2\/media?parent=41"}],"wp:term":[{"taxonomy":"product_brand","embeddable":true,"href":"https:\/\/limonna.cl\/en\/wp-json\/wp\/v2\/product_brand?post=41"},{"taxonomy":"product_cat","embeddable":true,"href":"https:\/\/limonna.cl\/en\/wp-json\/wp\/v2\/product_cat?post=41"},{"taxonomy":"product_tag","embeddable":true,"href":"https:\/\/limonna.cl\/en\/wp-json\/wp\/v2\/product_tag?post=41"}],"curies":[{"name":"wp","href":"https:\/\/api.w.org\/{rel}","templated":true}]}}