{"id":40,"date":"2023-07-25T23:38:03","date_gmt":"2023-07-26T03:38:03","guid":{"rendered":"https:\/\/limonna.cl\/?post_type=product&#038;p=40"},"modified":"2026-04-08T17:31:31","modified_gmt":"2026-04-08T21:31:31","slug":"set-champu-y-acondicionador-para-perros-gatos","status":"publish","type":"product","link":"https:\/\/limonna.cl\/en\/product\/set-champu-y-acondicionador-para-perros-gatos\/","title":{"rendered":"Shampoo + Conditioner set"},"content":{"rendered":"<p>The Limonna shampoo and conditioner set for dogs and cats combines two essential steps for skin and coat care.<\/p>\n<p>Inspired by native Chilean flora, this set is a celebration of two trees from the southern forest of Chile: the quillay and the Chilean hazelnut.<\/p>\n<p><a href=\"https:\/\/limonna.cl\/en\/product\/champu-para-perros-y-gatos-quillay\/\">Shampoo for dogs and cats - Soap bark tree<\/a><\/p>\n<p>A gentle, moisturizing shampoo with quillay extract and aloe vera, created for regular use, even on sensitive skin. Cleanses without disrupting the natural balance of the skin and coat.<\/p>\n<p><a href=\"https:\/\/limonna.cl\/en\/product\/acondicionador-para-perros-y-gatos-avellana-chilena\/\">Conditioner for dogs and cats - Chilean hazelnut<\/a><\/p>\n<p>A nourishing conditioner formulated for sensitive, dry, or itchy skin. It contains Chilean hazelnut oil, organic shea butter, and phytokeratin, helping to detangle and condition the coat, leaving it soft, shiny, and moisturized.<\/p>\n<p>An ideal gift for someone special or for those seeking a complete care ritual.<\/p>\n<p>You can add the gift wrapping option and, at checkout, indicate a personal message and request that the printed receipt not be included.<\/p>\n<p>&nbsp;<\/p>\n<p>The set contains 1 conditioner of 7.4 fl. oz \/ 220 ml and 1 shampoo of 8 fl. oz \/ 237 ml (PET bottles).<\/p>\n<p>&nbsp;<\/p>\n<p>Created and made in <a href=\"https:\/\/www.marcachile.cl\/licenciatarios\/limonna-spa\/\">Chile<\/a>.<br \/>\nVegan &amp; Crueltyfree by <a href=\"https:\/\/crueltyfree.peta.org\/company\/love-is-pet-vibrational-healing\/\">PETA.org<\/a>.<\/p>","protected":false},"excerpt":{"rendered":"<p>A complete cleansing and nourishing ritual for coat care, ideal for frequent use and sensitive skin.<\/p>","protected":false},"featured_media":22306,"comment_status":"open","ping_status":"closed","template":"","meta":{"_editorskit_title_hidden":false,"_editorskit_reading_time":0,"_editorskit_is_block_options_detached":false,"_editorskit_block_options_position":"{}","_crdt_document":"","rs_blank_template":"","rs_page_bg_color":"","slide_template_v7":"","inline_featured_image":false,"iawp_total_views":937},"product_brand":[504],"product_cat":[16,391,385,523,18,15],"product_tag":[507,439,435,436,433,437,434,109,449,387,108,506,398,247],"class_list":{"0":"post-40","1":"product","2":"type-product","3":"status-publish","4":"has-post-thumbnail","6":"product_brand-limonna","7":"product_cat-cuidado-pelaje","8":"product_cat-gatos","9":"product_cat-perros","10":"product_cat-regalos","11":"product_cat-regalos-y-sets","12":"product_cat-todos-los-productos","13":"product_tag-avellana-chilena","14":"product_tag-cat-conditioner","15":"product_tag-cat-shampoo","16":"product_tag-champu-para-gatos","17":"product_tag-champu-para-perros","18":"product_tag-dog-conditioner","19":"product_tag-dog-shampoo","20":"product_tag-gatos","21":"product_tag-limonna","22":"product_tag-not-tested-on-animals","23":"product_tag-perros","24":"product_tag-quillay","25":"product_tag-vegan","26":"product_tag-vegano","27":"product_shipping_class-mediano","28":"ts_product_brand-limonna","30":"first","31":"instock","32":"taxable","33":"shipping-taxable","34":"purchasable","35":"product-type-simple"},"yoast_head":"<!-- This site is optimized with the Yoast SEO plugin v27.5 - https:\/\/yoast.com\/product\/yoast-seo-wordpress\/ -->\n<title>Set champ\u00fa y acondicionador para mascotas | Limonna<\/title>\n<meta name=\"description\" content=\"Set de champ\u00fa y acondicionador bot\u00e1nico para mascotas. Ritual completo de cuidado natural.\" \/>\n<meta name=\"robots\" content=\"index, follow, max-snippet:-1, max-image-preview:large, max-video-preview:-1\" \/>\n<link rel=\"canonical\" href=\"https:\/\/limonna.cl\/en\/product\/set-champu-y-acondicionador-para-perros-gatos\/\" \/>\n<meta property=\"og:locale\" content=\"en_US\" \/>\n<meta property=\"og:type\" content=\"article\" \/>\n<meta property=\"og:title\" content=\"Set champ\u00fa y acondicionador para mascotas | Limonna\" \/>\n<meta property=\"og:description\" content=\"Set de champ\u00fa y acondicionador bot\u00e1nico para mascotas. Ritual completo de cuidado natural.\" \/>\n<meta property=\"og:url\" content=\"https:\/\/limonna.cl\/en\/product\/set-champu-y-acondicionador-para-perros-gatos\/\" \/>\n<meta property=\"og:site_name\" content=\"Limonna e-boutique\" \/>\n<meta property=\"article:publisher\" content=\"https:\/\/www.facebook.com\/limonna.cl\" \/>\n<meta property=\"article:modified_time\" content=\"2026-04-08T21:31:31+00:00\" \/>\n<meta property=\"og:image\" content=\"https:\/\/limonna.cl\/wp-content\/uploads\/2023\/07\/Set-champu-acondicionador-Limonna.jpg\" \/>\n\t<meta property=\"og:image:width\" content=\"1000\" \/>\n\t<meta property=\"og:image:height\" content=\"1000\" \/>\n\t<meta property=\"og:image:type\" content=\"image\/jpeg\" \/>\n<meta name=\"twitter:card\" content=\"summary_large_image\" \/>\n<meta name=\"twitter:label1\" content=\"Est. reading time\" \/>\n\t<meta name=\"twitter:data1\" content=\"2 minutes\" \/>\n<script type=\"application\/ld+json\" class=\"yoast-schema-graph\">{\"@context\":\"https:\\\/\\\/schema.org\",\"@graph\":[{\"@type\":\"WebPage\",\"@id\":\"https:\\\/\\\/limonna.cl\\\/producto\\\/set-champu-y-acondicionador-para-perros-gatos\\\/\",\"url\":\"https:\\\/\\\/limonna.cl\\\/producto\\\/set-champu-y-acondicionador-para-perros-gatos\\\/\",\"name\":\"Set champ\u00fa y acondicionador para mascotas | Limonna\",\"isPartOf\":{\"@id\":\"https:\\\/\\\/limonna.cl\\\/#website\"},\"primaryImageOfPage\":{\"@id\":\"https:\\\/\\\/limonna.cl\\\/producto\\\/set-champu-y-acondicionador-para-perros-gatos\\\/#primaryimage\"},\"image\":{\"@id\":\"https:\\\/\\\/limonna.cl\\\/producto\\\/set-champu-y-acondicionador-para-perros-gatos\\\/#primaryimage\"},\"thumbnailUrl\":\"https:\\\/\\\/limonna.cl\\\/wp-content\\\/uploads\\\/2023\\\/07\\\/Set-champu-acondicionador-Limonna.jpg\",\"datePublished\":\"2023-07-26T03:38:03+00:00\",\"dateModified\":\"2026-04-08T21:31:31+00:00\",\"description\":\"Set de champ\u00fa y acondicionador bot\u00e1nico para mascotas. Ritual completo de cuidado natural.\",\"breadcrumb\":{\"@id\":\"https:\\\/\\\/limonna.cl\\\/producto\\\/set-champu-y-acondicionador-para-perros-gatos\\\/#breadcrumb\"},\"inLanguage\":\"en-US\",\"potentialAction\":[{\"@type\":\"ReadAction\",\"target\":[\"https:\\\/\\\/limonna.cl\\\/producto\\\/set-champu-y-acondicionador-para-perros-gatos\\\/\"]}]},{\"@type\":\"ImageObject\",\"inLanguage\":\"en-US\",\"@id\":\"https:\\\/\\\/limonna.cl\\\/producto\\\/set-champu-y-acondicionador-para-perros-gatos\\\/#primaryimage\",\"url\":\"https:\\\/\\\/limonna.cl\\\/wp-content\\\/uploads\\\/2023\\\/07\\\/Set-champu-acondicionador-Limonna.jpg\",\"contentUrl\":\"https:\\\/\\\/limonna.cl\\\/wp-content\\\/uploads\\\/2023\\\/07\\\/Set-champu-acondicionador-Limonna.jpg\",\"width\":1000,\"height\":1000,\"caption\":\"set de champ\u00fa y acondicionador para mascotas Limonna\"},{\"@type\":\"BreadcrumbList\",\"@id\":\"https:\\\/\\\/limonna.cl\\\/producto\\\/set-champu-y-acondicionador-para-perros-gatos\\\/#breadcrumb\",\"itemListElement\":[{\"@type\":\"ListItem\",\"position\":1,\"name\":\"Portada\",\"item\":\"https:\\\/\\\/limonna.cl\\\/\"},{\"@type\":\"ListItem\",\"position\":2,\"name\":\"Boutique\",\"item\":\"https:\\\/\\\/limonna.cl\\\/shop\\\/\"},{\"@type\":\"ListItem\",\"position\":3,\"name\":\"Set champ\u00fa y acondicionador para perros + gatos\"}]},{\"@type\":\"WebSite\",\"@id\":\"https:\\\/\\\/limonna.cl\\\/#website\",\"url\":\"https:\\\/\\\/limonna.cl\\\/\",\"name\":\"Limonna | Plant based magic for pets\",\"description\":\"Plant - based magic for pets\",\"publisher\":{\"@id\":\"https:\\\/\\\/limonna.cl\\\/#organization\"},\"potentialAction\":[{\"@type\":\"SearchAction\",\"target\":{\"@type\":\"EntryPoint\",\"urlTemplate\":\"https:\\\/\\\/limonna.cl\\\/?s={search_term_string}\"},\"query-input\":{\"@type\":\"PropertyValueSpecification\",\"valueRequired\":true,\"valueName\":\"search_term_string\"}}],\"inLanguage\":\"en-US\"},{\"@type\":\"Organization\",\"@id\":\"https:\\\/\\\/limonna.cl\\\/#organization\",\"name\":\"Limonna\",\"url\":\"https:\\\/\\\/limonna.cl\\\/\",\"logo\":{\"@type\":\"ImageObject\",\"inLanguage\":\"en-US\",\"@id\":\"https:\\\/\\\/limonna.cl\\\/#\\\/schema\\\/logo\\\/image\\\/\",\"url\":\"https:\\\/\\\/limonna.cl\\\/wp-content\\\/uploads\\\/2023\\\/07\\\/logo-limonna-final-negro_Mesa-de-trabajo-1-copia-2.png\",\"contentUrl\":\"https:\\\/\\\/limonna.cl\\\/wp-content\\\/uploads\\\/2023\\\/07\\\/logo-limonna-final-negro_Mesa-de-trabajo-1-copia-2.png\",\"width\":3508,\"height\":2481,\"caption\":\"Limonna\"},\"image\":{\"@id\":\"https:\\\/\\\/limonna.cl\\\/#\\\/schema\\\/logo\\\/image\\\/\"},\"sameAs\":[\"https:\\\/\\\/www.facebook.com\\\/limonna.cl\",\"https:\\\/\\\/www.instagram.com\\\/limonna.cl\\\/\",\"https:\\\/\\\/www.linkedin.com\\\/company\\\/limonna\\\/\"]}]}<\/script>\n<!-- \/ Yoast SEO plugin. -->","yoast_head_json":{"title":"Set champ\u00fa y acondicionador para mascotas | Limonna","description":"Set de champ\u00fa y acondicionador bot\u00e1nico para mascotas. Ritual completo de cuidado natural.","robots":{"index":"index","follow":"follow","max-snippet":"max-snippet:-1","max-image-preview":"max-image-preview:large","max-video-preview":"max-video-preview:-1"},"canonical":"https:\/\/limonna.cl\/en\/product\/set-champu-y-acondicionador-para-perros-gatos\/","og_locale":"en_US","og_type":"article","og_title":"Set champ\u00fa y acondicionador para mascotas | Limonna","og_description":"Set de champ\u00fa y acondicionador bot\u00e1nico para mascotas. Ritual completo de cuidado natural.","og_url":"https:\/\/limonna.cl\/en\/product\/set-champu-y-acondicionador-para-perros-gatos\/","og_site_name":"Limonna e-boutique","article_publisher":"https:\/\/www.facebook.com\/limonna.cl","article_modified_time":"2026-04-08T21:31:31+00:00","og_image":[{"width":1000,"height":1000,"url":"https:\/\/limonna.cl\/wp-content\/uploads\/2023\/07\/Set-champu-acondicionador-Limonna.jpg","type":"image\/jpeg"}],"twitter_card":"summary_large_image","twitter_misc":{"Est. reading time":"2 minutes"},"schema":{"@context":"https:\/\/schema.org","@graph":[{"@type":"WebPage","@id":"https:\/\/limonna.cl\/producto\/set-champu-y-acondicionador-para-perros-gatos\/","url":"https:\/\/limonna.cl\/producto\/set-champu-y-acondicionador-para-perros-gatos\/","name":"Set champ\u00fa y acondicionador para mascotas | Limonna","isPartOf":{"@id":"https:\/\/limonna.cl\/#website"},"primaryImageOfPage":{"@id":"https:\/\/limonna.cl\/producto\/set-champu-y-acondicionador-para-perros-gatos\/#primaryimage"},"image":{"@id":"https:\/\/limonna.cl\/producto\/set-champu-y-acondicionador-para-perros-gatos\/#primaryimage"},"thumbnailUrl":"https:\/\/limonna.cl\/wp-content\/uploads\/2023\/07\/Set-champu-acondicionador-Limonna.jpg","datePublished":"2023-07-26T03:38:03+00:00","dateModified":"2026-04-08T21:31:31+00:00","description":"Set de champ\u00fa y acondicionador bot\u00e1nico para mascotas. Ritual completo de cuidado natural.","breadcrumb":{"@id":"https:\/\/limonna.cl\/producto\/set-champu-y-acondicionador-para-perros-gatos\/#breadcrumb"},"inLanguage":"en-US","potentialAction":[{"@type":"ReadAction","target":["https:\/\/limonna.cl\/producto\/set-champu-y-acondicionador-para-perros-gatos\/"]}]},{"@type":"ImageObject","inLanguage":"en-US","@id":"https:\/\/limonna.cl\/producto\/set-champu-y-acondicionador-para-perros-gatos\/#primaryimage","url":"https:\/\/limonna.cl\/wp-content\/uploads\/2023\/07\/Set-champu-acondicionador-Limonna.jpg","contentUrl":"https:\/\/limonna.cl\/wp-content\/uploads\/2023\/07\/Set-champu-acondicionador-Limonna.jpg","width":1000,"height":1000,"caption":"set de champ\u00fa y acondicionador para mascotas Limonna"},{"@type":"BreadcrumbList","@id":"https:\/\/limonna.cl\/producto\/set-champu-y-acondicionador-para-perros-gatos\/#breadcrumb","itemListElement":[{"@type":"ListItem","position":1,"name":"Portada","item":"https:\/\/limonna.cl\/"},{"@type":"ListItem","position":2,"name":"Boutique","item":"https:\/\/limonna.cl\/shop\/"},{"@type":"ListItem","position":3,"name":"Set champ\u00fa y acondicionador para perros + gatos"}]},{"@type":"WebSite","@id":"https:\/\/limonna.cl\/#website","url":"https:\/\/limonna.cl\/","name":"Limonna | Plant based magic for pets","description":"Plant - based magic for pets","publisher":{"@id":"https:\/\/limonna.cl\/#organization"},"potentialAction":[{"@type":"SearchAction","target":{"@type":"EntryPoint","urlTemplate":"https:\/\/limonna.cl\/?s={search_term_string}"},"query-input":{"@type":"PropertyValueSpecification","valueRequired":true,"valueName":"search_term_string"}}],"inLanguage":"en-US"},{"@type":"Organization","@id":"https:\/\/limonna.cl\/#organization","name":"Limonna","url":"https:\/\/limonna.cl\/","logo":{"@type":"ImageObject","inLanguage":"en-US","@id":"https:\/\/limonna.cl\/#\/schema\/logo\/image\/","url":"https:\/\/limonna.cl\/wp-content\/uploads\/2023\/07\/logo-limonna-final-negro_Mesa-de-trabajo-1-copia-2.png","contentUrl":"https:\/\/limonna.cl\/wp-content\/uploads\/2023\/07\/logo-limonna-final-negro_Mesa-de-trabajo-1-copia-2.png","width":3508,"height":2481,"caption":"Limonna"},"image":{"@id":"https:\/\/limonna.cl\/#\/schema\/logo\/image\/"},"sameAs":["https:\/\/www.facebook.com\/limonna.cl","https:\/\/www.instagram.com\/limonna.cl\/","https:\/\/www.linkedin.com\/company\/limonna\/"]}]}},"_links":{"self":[{"href":"https:\/\/limonna.cl\/en\/wp-json\/wp\/v2\/product\/40","targetHints":{"allow":["GET"]}}],"collection":[{"href":"https:\/\/limonna.cl\/en\/wp-json\/wp\/v2\/product"}],"about":[{"href":"https:\/\/limonna.cl\/en\/wp-json\/wp\/v2\/types\/product"}],"replies":[{"embeddable":true,"href":"https:\/\/limonna.cl\/en\/wp-json\/wp\/v2\/comments?post=40"}],"wp:featuredmedia":[{"embeddable":true,"href":"https:\/\/limonna.cl\/en\/wp-json\/wp\/v2\/media\/22306"}],"wp:attachment":[{"href":"https:\/\/limonna.cl\/en\/wp-json\/wp\/v2\/media?parent=40"}],"wp:term":[{"taxonomy":"product_brand","embeddable":true,"href":"https:\/\/limonna.cl\/en\/wp-json\/wp\/v2\/product_brand?post=40"},{"taxonomy":"product_cat","embeddable":true,"href":"https:\/\/limonna.cl\/en\/wp-json\/wp\/v2\/product_cat?post=40"},{"taxonomy":"product_tag","embeddable":true,"href":"https:\/\/limonna.cl\/en\/wp-json\/wp\/v2\/product_tag?post=40"}],"curies":[{"name":"wp","href":"https:\/\/api.w.org\/{rel}","templated":true}]}}