{"id":39,"date":"2023-07-28T16:22:58","date_gmt":"2023-07-28T16:22:58","guid":{"rendered":"https:\/\/limonna.cl\/?post_type=product&#038;p=39"},"modified":"2026-03-24T14:30:17","modified_gmt":"2026-03-24T17:30:17","slug":"sesion-de-acompanamiento-para-mascotas","status":"publish","type":"product","link":"https:\/\/limonna.cl\/en\/product\/sesion-de-acompanamiento-para-mascotas\/","title":{"rendered":"Distant pet energy healing session"},"content":{"rendered":"<p>Las sesiones de acompa\u00f1amiento energ\u00e9tico para mascotas Limonna son un espacio de cuidado a distancia, orientado a apoyar su bienestar emocional y energ\u00e9tico.<\/p>\n<p>Through different techniques and energy work tools, each session is adapted to the needs of the pet, considering its condition and context.<\/p>\n<p>They are especially suitable for those who cannot travel or are in another city or country.<\/p>\n<p>What does a session include?<\/p>\n<p class=\"translation-block\">Una entrevista inicial con el responsable de la mascota, para comprender su situaci\u00f3n y objetivos (v\u00eda e-mail).<br>\r\nUna sesi\u00f3n de trabajo energ\u00e9tico a distancia.<br>\r\nUn informe detallado con observaciones y acompa\u00f1amiento posterior, enviado por e-mail.<\/p>\n<p>Who conducts the session?<\/p>\n<p>Carolina, founder of Limonna, biologist and therapist with more than 10 years of experience in vibrational essences and complementary natural therapies applied to pets.<\/p>\n<p>How to start?<\/p>\n<p>After making the purchase, please send us your pet's name and an updated photograph where their face and eyes are clearly visible.<\/p>\n<p>Previous recommendation<\/p>\n<p>Before purchasing, you can write to us to resolve any doubts and assess whether this support is suitable for your case.<\/p>\n<p>These sessions are not Reiki, but a different therapeutic technique. To book this service, you must be responsible for the pet or have its consent.<\/p>\n<p>You can read more about how the sessions work in our\u00a0<a href=\"https:\/\/limonna.cl\/en\/sesiones-de-acompanamiento-para-mascotas\/\">blog<\/a>.<\/p>\n<p>&nbsp;<\/p>","protected":false},"excerpt":{"rendered":"<p>Made to order \/ Hecho a pedido.<\/p>\n<p>&#8211;<\/p>\n<p>A remote energy support space to help your pet's emotional and energetic well-being.<\/p>","protected":false},"featured_media":22302,"comment_status":"open","ping_status":"closed","template":"","meta":{"_editorskit_title_hidden":false,"_editorskit_reading_time":0,"_editorskit_is_block_options_detached":false,"_editorskit_block_options_position":"{}","_crdt_document":"","inline_featured_image":false,"iawp_total_views":647},"product_brand":[504],"product_cat":[393,19,391,385,15],"product_tag":[110,451,455,240,109,449,108,450,243],"class_list":{"0":"post-39","1":"product","2":"type-product","3":"status-publish","4":"has-post-thumbnail","6":"product_brand-limonna","7":"product_cat-animales-pequenos","8":"product_cat-cuidado-energia","9":"product_cat-gatos","10":"product_cat-perros","11":"product_cat-todos-los-productos","12":"product_tag-animales-pequenos","13":"product_tag-cats","14":"product_tag-dogs","15":"product_tag-energia","16":"product_tag-gatos","17":"product_tag-limonna","18":"product_tag-perros","19":"product_tag-small-animals","20":"product_tag-terapias-energeticas","21":"ts_product_brand-limonna","23":"first","24":"instock","25":"virtual","26":"taxable","27":"purchasable","28":"product-type-simple"},"yoast_head":"<!-- This site is optimized with the Yoast SEO plugin v27.4 - https:\/\/yoast.com\/product\/yoast-seo-wordpress\/ -->\n<title>Acompa\u00f1amiento para mascotas en Chile | Limonna<\/title>\n<meta name=\"description\" content=\"Sesi\u00f3n de acompa\u00f1amiento energ\u00e9tico para mascotas. Apoyo en bienestar y equilibrio.\" \/>\n<meta name=\"robots\" content=\"index, follow, max-snippet:-1, max-image-preview:large, max-video-preview:-1\" \/>\n<link rel=\"canonical\" href=\"https:\/\/limonna.cl\/en\/product\/sesion-de-acompanamiento-para-mascotas\/\" \/>\n<meta property=\"og:locale\" content=\"en_US\" \/>\n<meta property=\"og:type\" content=\"article\" \/>\n<meta property=\"og:title\" content=\"Acompa\u00f1amiento para mascotas en Chile | Limonna\" \/>\n<meta property=\"og:description\" content=\"Sesi\u00f3n de acompa\u00f1amiento energ\u00e9tico para mascotas. Apoyo en bienestar y equilibrio.\" \/>\n<meta property=\"og:url\" content=\"https:\/\/limonna.cl\/en\/product\/sesion-de-acompanamiento-para-mascotas\/\" \/>\n<meta property=\"og:site_name\" content=\"Limonna e-boutique\" \/>\n<meta property=\"article:publisher\" content=\"https:\/\/www.facebook.com\/limonna.cl\" \/>\n<meta property=\"article:modified_time\" content=\"2026-03-24T17:30:17+00:00\" \/>\n<meta property=\"og:image\" content=\"https:\/\/limonna.cl\/wp-content\/uploads\/2024\/05\/Terapia-energetica-Limonna.jpg\" \/>\n\t<meta property=\"og:image:width\" content=\"1000\" \/>\n\t<meta property=\"og:image:height\" content=\"1000\" \/>\n\t<meta property=\"og:image:type\" content=\"image\/jpeg\" \/>\n<meta name=\"twitter:card\" content=\"summary_large_image\" \/>\n<meta name=\"twitter:label1\" content=\"Est. reading time\" \/>\n\t<meta name=\"twitter:data1\" content=\"2 minutes\" \/>\n<script type=\"application\/ld+json\" class=\"yoast-schema-graph\">{\"@context\":\"https:\\\/\\\/schema.org\",\"@graph\":[{\"@type\":\"WebPage\",\"@id\":\"https:\\\/\\\/limonna.cl\\\/producto\\\/sesion-de-acompanamiento-para-mascotas\\\/\",\"url\":\"https:\\\/\\\/limonna.cl\\\/producto\\\/sesion-de-acompanamiento-para-mascotas\\\/\",\"name\":\"Acompa\u00f1amiento para mascotas en Chile | Limonna\",\"isPartOf\":{\"@id\":\"https:\\\/\\\/limonna.cl\\\/#website\"},\"primaryImageOfPage\":{\"@id\":\"https:\\\/\\\/limonna.cl\\\/producto\\\/sesion-de-acompanamiento-para-mascotas\\\/#primaryimage\"},\"image\":{\"@id\":\"https:\\\/\\\/limonna.cl\\\/producto\\\/sesion-de-acompanamiento-para-mascotas\\\/#primaryimage\"},\"thumbnailUrl\":\"https:\\\/\\\/limonna.cl\\\/wp-content\\\/uploads\\\/2024\\\/05\\\/Terapia-energetica-Limonna.jpg\",\"datePublished\":\"2023-07-28T16:22:58+00:00\",\"dateModified\":\"2026-03-24T17:30:17+00:00\",\"description\":\"Sesi\u00f3n de acompa\u00f1amiento energ\u00e9tico para mascotas. Apoyo en bienestar y equilibrio.\",\"breadcrumb\":{\"@id\":\"https:\\\/\\\/limonna.cl\\\/producto\\\/sesion-de-acompanamiento-para-mascotas\\\/#breadcrumb\"},\"inLanguage\":\"en-US\",\"potentialAction\":[{\"@type\":\"ReadAction\",\"target\":[\"https:\\\/\\\/limonna.cl\\\/producto\\\/sesion-de-acompanamiento-para-mascotas\\\/\"]}]},{\"@type\":\"ImageObject\",\"inLanguage\":\"en-US\",\"@id\":\"https:\\\/\\\/limonna.cl\\\/producto\\\/sesion-de-acompanamiento-para-mascotas\\\/#primaryimage\",\"url\":\"https:\\\/\\\/limonna.cl\\\/wp-content\\\/uploads\\\/2024\\\/05\\\/Terapia-energetica-Limonna.jpg\",\"contentUrl\":\"https:\\\/\\\/limonna.cl\\\/wp-content\\\/uploads\\\/2024\\\/05\\\/Terapia-energetica-Limonna.jpg\",\"width\":1000,\"height\":1000,\"caption\":\"Sesi\u00f3n de acompa\u00f1amiento energ\u00e9tico para mascotas\"},{\"@type\":\"BreadcrumbList\",\"@id\":\"https:\\\/\\\/limonna.cl\\\/producto\\\/sesion-de-acompanamiento-para-mascotas\\\/#breadcrumb\",\"itemListElement\":[{\"@type\":\"ListItem\",\"position\":1,\"name\":\"Portada\",\"item\":\"https:\\\/\\\/limonna.cl\\\/\"},{\"@type\":\"ListItem\",\"position\":2,\"name\":\"Boutique\",\"item\":\"https:\\\/\\\/limonna.cl\\\/shop\\\/\"},{\"@type\":\"ListItem\",\"position\":3,\"name\":\"Sesi\u00f3n de acompa\u00f1amiento energ\u00e9tico para mascotas\"}]},{\"@type\":\"WebSite\",\"@id\":\"https:\\\/\\\/limonna.cl\\\/#website\",\"url\":\"https:\\\/\\\/limonna.cl\\\/\",\"name\":\"Limonna | Plant based magic for pets\",\"description\":\"Plant - based magic for pets\",\"publisher\":{\"@id\":\"https:\\\/\\\/limonna.cl\\\/#organization\"},\"potentialAction\":[{\"@type\":\"SearchAction\",\"target\":{\"@type\":\"EntryPoint\",\"urlTemplate\":\"https:\\\/\\\/limonna.cl\\\/?s={search_term_string}\"},\"query-input\":{\"@type\":\"PropertyValueSpecification\",\"valueRequired\":true,\"valueName\":\"search_term_string\"}}],\"inLanguage\":\"en-US\"},{\"@type\":\"Organization\",\"@id\":\"https:\\\/\\\/limonna.cl\\\/#organization\",\"name\":\"Limonna\",\"url\":\"https:\\\/\\\/limonna.cl\\\/\",\"logo\":{\"@type\":\"ImageObject\",\"inLanguage\":\"en-US\",\"@id\":\"https:\\\/\\\/limonna.cl\\\/#\\\/schema\\\/logo\\\/image\\\/\",\"url\":\"https:\\\/\\\/limonna.cl\\\/wp-content\\\/uploads\\\/2023\\\/07\\\/logo-limonna-final-negro_Mesa-de-trabajo-1-copia-2.png\",\"contentUrl\":\"https:\\\/\\\/limonna.cl\\\/wp-content\\\/uploads\\\/2023\\\/07\\\/logo-limonna-final-negro_Mesa-de-trabajo-1-copia-2.png\",\"width\":3508,\"height\":2481,\"caption\":\"Limonna\"},\"image\":{\"@id\":\"https:\\\/\\\/limonna.cl\\\/#\\\/schema\\\/logo\\\/image\\\/\"},\"sameAs\":[\"https:\\\/\\\/www.facebook.com\\\/limonna.cl\",\"https:\\\/\\\/www.instagram.com\\\/limonna.cl\\\/\",\"https:\\\/\\\/www.linkedin.com\\\/company\\\/limonna\\\/\"]}]}<\/script>\n<!-- \/ Yoast SEO plugin. -->","yoast_head_json":{"title":"Acompa\u00f1amiento para mascotas en Chile | Limonna","description":"Sesi\u00f3n de acompa\u00f1amiento energ\u00e9tico para mascotas. Apoyo en bienestar y equilibrio.","robots":{"index":"index","follow":"follow","max-snippet":"max-snippet:-1","max-image-preview":"max-image-preview:large","max-video-preview":"max-video-preview:-1"},"canonical":"https:\/\/limonna.cl\/en\/product\/sesion-de-acompanamiento-para-mascotas\/","og_locale":"en_US","og_type":"article","og_title":"Acompa\u00f1amiento para mascotas en Chile | Limonna","og_description":"Sesi\u00f3n de acompa\u00f1amiento energ\u00e9tico para mascotas. Apoyo en bienestar y equilibrio.","og_url":"https:\/\/limonna.cl\/en\/product\/sesion-de-acompanamiento-para-mascotas\/","og_site_name":"Limonna e-boutique","article_publisher":"https:\/\/www.facebook.com\/limonna.cl","article_modified_time":"2026-03-24T17:30:17+00:00","og_image":[{"width":1000,"height":1000,"url":"https:\/\/limonna.cl\/wp-content\/uploads\/2024\/05\/Terapia-energetica-Limonna.jpg","type":"image\/jpeg"}],"twitter_card":"summary_large_image","twitter_misc":{"Est. reading time":"2 minutes"},"schema":{"@context":"https:\/\/schema.org","@graph":[{"@type":"WebPage","@id":"https:\/\/limonna.cl\/producto\/sesion-de-acompanamiento-para-mascotas\/","url":"https:\/\/limonna.cl\/producto\/sesion-de-acompanamiento-para-mascotas\/","name":"Acompa\u00f1amiento para mascotas en Chile | Limonna","isPartOf":{"@id":"https:\/\/limonna.cl\/#website"},"primaryImageOfPage":{"@id":"https:\/\/limonna.cl\/producto\/sesion-de-acompanamiento-para-mascotas\/#primaryimage"},"image":{"@id":"https:\/\/limonna.cl\/producto\/sesion-de-acompanamiento-para-mascotas\/#primaryimage"},"thumbnailUrl":"https:\/\/limonna.cl\/wp-content\/uploads\/2024\/05\/Terapia-energetica-Limonna.jpg","datePublished":"2023-07-28T16:22:58+00:00","dateModified":"2026-03-24T17:30:17+00:00","description":"Sesi\u00f3n de acompa\u00f1amiento energ\u00e9tico para mascotas. Apoyo en bienestar y equilibrio.","breadcrumb":{"@id":"https:\/\/limonna.cl\/producto\/sesion-de-acompanamiento-para-mascotas\/#breadcrumb"},"inLanguage":"en-US","potentialAction":[{"@type":"ReadAction","target":["https:\/\/limonna.cl\/producto\/sesion-de-acompanamiento-para-mascotas\/"]}]},{"@type":"ImageObject","inLanguage":"en-US","@id":"https:\/\/limonna.cl\/producto\/sesion-de-acompanamiento-para-mascotas\/#primaryimage","url":"https:\/\/limonna.cl\/wp-content\/uploads\/2024\/05\/Terapia-energetica-Limonna.jpg","contentUrl":"https:\/\/limonna.cl\/wp-content\/uploads\/2024\/05\/Terapia-energetica-Limonna.jpg","width":1000,"height":1000,"caption":"Sesi\u00f3n de acompa\u00f1amiento energ\u00e9tico para mascotas"},{"@type":"BreadcrumbList","@id":"https:\/\/limonna.cl\/producto\/sesion-de-acompanamiento-para-mascotas\/#breadcrumb","itemListElement":[{"@type":"ListItem","position":1,"name":"Portada","item":"https:\/\/limonna.cl\/"},{"@type":"ListItem","position":2,"name":"Boutique","item":"https:\/\/limonna.cl\/shop\/"},{"@type":"ListItem","position":3,"name":"Sesi\u00f3n de acompa\u00f1amiento energ\u00e9tico para mascotas"}]},{"@type":"WebSite","@id":"https:\/\/limonna.cl\/#website","url":"https:\/\/limonna.cl\/","name":"Limonna | Plant based magic for pets","description":"Plant - based magic for pets","publisher":{"@id":"https:\/\/limonna.cl\/#organization"},"potentialAction":[{"@type":"SearchAction","target":{"@type":"EntryPoint","urlTemplate":"https:\/\/limonna.cl\/?s={search_term_string}"},"query-input":{"@type":"PropertyValueSpecification","valueRequired":true,"valueName":"search_term_string"}}],"inLanguage":"en-US"},{"@type":"Organization","@id":"https:\/\/limonna.cl\/#organization","name":"Limonna","url":"https:\/\/limonna.cl\/","logo":{"@type":"ImageObject","inLanguage":"en-US","@id":"https:\/\/limonna.cl\/#\/schema\/logo\/image\/","url":"https:\/\/limonna.cl\/wp-content\/uploads\/2023\/07\/logo-limonna-final-negro_Mesa-de-trabajo-1-copia-2.png","contentUrl":"https:\/\/limonna.cl\/wp-content\/uploads\/2023\/07\/logo-limonna-final-negro_Mesa-de-trabajo-1-copia-2.png","width":3508,"height":2481,"caption":"Limonna"},"image":{"@id":"https:\/\/limonna.cl\/#\/schema\/logo\/image\/"},"sameAs":["https:\/\/www.facebook.com\/limonna.cl","https:\/\/www.instagram.com\/limonna.cl\/","https:\/\/www.linkedin.com\/company\/limonna\/"]}]}},"_links":{"self":[{"href":"https:\/\/limonna.cl\/en\/wp-json\/wp\/v2\/product\/39","targetHints":{"allow":["GET"]}}],"collection":[{"href":"https:\/\/limonna.cl\/en\/wp-json\/wp\/v2\/product"}],"about":[{"href":"https:\/\/limonna.cl\/en\/wp-json\/wp\/v2\/types\/product"}],"replies":[{"embeddable":true,"href":"https:\/\/limonna.cl\/en\/wp-json\/wp\/v2\/comments?post=39"}],"wp:featuredmedia":[{"embeddable":true,"href":"https:\/\/limonna.cl\/en\/wp-json\/wp\/v2\/media\/22302"}],"wp:attachment":[{"href":"https:\/\/limonna.cl\/en\/wp-json\/wp\/v2\/media?parent=39"}],"wp:term":[{"taxonomy":"product_brand","embeddable":true,"href":"https:\/\/limonna.cl\/en\/wp-json\/wp\/v2\/product_brand?post=39"},{"taxonomy":"product_cat","embeddable":true,"href":"https:\/\/limonna.cl\/en\/wp-json\/wp\/v2\/product_cat?post=39"},{"taxonomy":"product_tag","embeddable":true,"href":"https:\/\/limonna.cl\/en\/wp-json\/wp\/v2\/product_tag?post=39"}],"curies":[{"name":"wp","href":"https:\/\/api.w.org\/{rel}","templated":true}]}}