{"id":35,"date":"2023-07-25T22:55:26","date_gmt":"2023-07-25T22:55:26","guid":{"rendered":"https:\/\/limonna.cl\/?post_type=product&#038;p=35"},"modified":"2026-03-23T18:23:20","modified_gmt":"2026-03-23T21:23:20","slug":"duo-de-balsamos-para-nariz-de-perros","status":"publish","type":"product","link":"https:\/\/limonna.cl\/en\/product\/duo-de-balsamos-para-nariz-de-perros\/","title":{"rendered":"Nose balm duo - Chilean hazelnut and rose hip"},"content":{"rendered":"<p>The Limonna duo of dog nose balms combines the qualities of rosehip and Chilean hazelnut in a delicate and complementary care.<\/p>\n<p>Two formulas that accompany different moments: nutrition and protection for the day, and repair for rest periods.<\/p>\n<p>The oil of <a href=\"https:\/\/limonna.cl\/en\/rosa-mosqueta\/\">rosa mosqueta<\/a> It provides regenerative properties, helping to maintain the elasticity and smoothness of the skin.<\/p>\n<p>The oil of <a href=\"https:\/\/limonna.cl\/en\/avellano\/\">chilean hazelnut<\/a> It nourishes and protects, making it ideal for daily use and in contact with the environment.<\/p>\n<p>A care ritual that invites you to share moments of calm, closeness, and mindful attention.<\/p>\n<p>Their formulas are free of essential oils and petroleum-derived ingredients such as mineral oils, liquid paraffin, or petrolatum.<\/p>\n<p>You can combine their use according to the need: Chilean hazelnut for outdoor walks and warm days; rosehip for moments of rest and colder seasons.<\/p>\n<p>&nbsp;<\/p>\n<p>Net weight. 0.35 oz \/ 10 g e (Aluminum tin) each.<\/p>\n<p>Created and made in <a href=\"https:\/\/www.marcachile.cl\/licenciatarios\/limonna-spa\/\">Chile<\/a>.<br \/>\nVegan &amp; Crueltyfree by <a href=\"https:\/\/crueltyfree.peta.org\/company\/love-is-pet-vibrational-healing\/\">PETA.org<\/a>.<\/p>","protected":false},"excerpt":{"rendered":"<p>A nose care ritual that combines nutrition and repair at different times of the day.<\/p>","protected":false},"featured_media":22288,"comment_status":"open","ping_status":"closed","template":"","meta":{"_editorskit_title_hidden":false,"_editorskit_reading_time":0,"_editorskit_is_block_options_detached":false,"_editorskit_block_options_position":"{}","_crdt_document":"","inline_featured_image":false,"iawp_total_views":1024},"product_brand":[504],"product_cat":[17,385,523,18,15],"product_tag":[363,507,460,455,449,248,459,108,508,398,247],"class_list":{"0":"post-35","1":"product","2":"type-product","3":"status-publish","4":"has-post-thumbnail","6":"product_brand-limonna","7":"product_cat-cuidado-nariz","8":"product_cat-perros","9":"product_cat-regalos","10":"product_cat-regalos-y-sets","11":"product_cat-todos-los-productos","12":"product_tag-100-bio","13":"product_tag-avellana-chilena","14":"product_tag-balsamo-para-nariz-de-perros","15":"product_tag-dogs","16":"product_tag-limonna","17":"product_tag-natural","18":"product_tag-nose-balm-for-dogs","19":"product_tag-perros","20":"product_tag-rosa-mosqueta","21":"product_tag-vegan","22":"product_tag-vegano","23":"product_shipping_class-extra-pequeno","24":"ts_product_brand-limonna","26":"first","27":"instock","28":"taxable","29":"shipping-taxable","30":"purchasable","31":"product-type-simple"},"yoast_head":"<!-- This site is optimized with the Yoast SEO plugin v27.4 - https:\/\/yoast.com\/product\/yoast-seo-wordpress\/ -->\n<title>B\u00e1lsamo para nariz de perro | D\u00fao Limonna<\/title>\n<meta name=\"description\" content=\"D\u00fao de b\u00e1lsamos naturales para la nariz de perro. Hidrataci\u00f3n y protecci\u00f3n bot\u00e1nica en un solo set.\" \/>\n<meta name=\"robots\" content=\"index, follow, max-snippet:-1, max-image-preview:large, max-video-preview:-1\" \/>\n<link rel=\"canonical\" href=\"https:\/\/limonna.cl\/en\/product\/duo-de-balsamos-para-nariz-de-perros\/\" \/>\n<meta property=\"og:locale\" content=\"en_US\" \/>\n<meta property=\"og:type\" content=\"article\" \/>\n<meta property=\"og:title\" content=\"B\u00e1lsamo para nariz de perro | D\u00fao Limonna\" \/>\n<meta property=\"og:description\" content=\"D\u00fao de b\u00e1lsamos naturales para la nariz de perro. Hidrataci\u00f3n y protecci\u00f3n bot\u00e1nica en un solo set.\" \/>\n<meta property=\"og:url\" content=\"https:\/\/limonna.cl\/en\/product\/duo-de-balsamos-para-nariz-de-perros\/\" \/>\n<meta property=\"og:site_name\" content=\"Limonna e-boutique\" \/>\n<meta property=\"article:publisher\" content=\"https:\/\/www.facebook.com\/limonna.cl\" \/>\n<meta property=\"article:modified_time\" content=\"2026-03-23T21:23:20+00:00\" \/>\n<meta property=\"og:image\" content=\"https:\/\/limonna.cl\/wp-content\/uploads\/2024\/05\/Duo-de-balsamos-Limonna.jpg\" \/>\n\t<meta property=\"og:image:width\" content=\"1000\" \/>\n\t<meta property=\"og:image:height\" content=\"1000\" \/>\n\t<meta property=\"og:image:type\" content=\"image\/jpeg\" \/>\n<meta name=\"twitter:card\" content=\"summary_large_image\" \/>\n<meta name=\"twitter:label1\" content=\"Est. reading time\" \/>\n\t<meta name=\"twitter:data1\" content=\"1 minute\" \/>\n<script type=\"application\/ld+json\" class=\"yoast-schema-graph\">{\"@context\":\"https:\\\/\\\/schema.org\",\"@graph\":[{\"@type\":\"WebPage\",\"@id\":\"https:\\\/\\\/limonna.cl\\\/producto\\\/duo-de-balsamos-para-nariz-de-perros\\\/\",\"url\":\"https:\\\/\\\/limonna.cl\\\/producto\\\/duo-de-balsamos-para-nariz-de-perros\\\/\",\"name\":\"B\u00e1lsamo para nariz de perro | D\u00fao Limonna\",\"isPartOf\":{\"@id\":\"https:\\\/\\\/limonna.cl\\\/#website\"},\"primaryImageOfPage\":{\"@id\":\"https:\\\/\\\/limonna.cl\\\/producto\\\/duo-de-balsamos-para-nariz-de-perros\\\/#primaryimage\"},\"image\":{\"@id\":\"https:\\\/\\\/limonna.cl\\\/producto\\\/duo-de-balsamos-para-nariz-de-perros\\\/#primaryimage\"},\"thumbnailUrl\":\"https:\\\/\\\/limonna.cl\\\/wp-content\\\/uploads\\\/2024\\\/05\\\/Duo-de-balsamos-Limonna.jpg\",\"datePublished\":\"2023-07-25T22:55:26+00:00\",\"dateModified\":\"2026-03-23T21:23:20+00:00\",\"description\":\"D\u00fao de b\u00e1lsamos naturales para la nariz de perro. Hidrataci\u00f3n y protecci\u00f3n bot\u00e1nica en un solo set.\",\"breadcrumb\":{\"@id\":\"https:\\\/\\\/limonna.cl\\\/producto\\\/duo-de-balsamos-para-nariz-de-perros\\\/#breadcrumb\"},\"inLanguage\":\"en-US\",\"potentialAction\":[{\"@type\":\"ReadAction\",\"target\":[\"https:\\\/\\\/limonna.cl\\\/producto\\\/duo-de-balsamos-para-nariz-de-perros\\\/\"]}]},{\"@type\":\"ImageObject\",\"inLanguage\":\"en-US\",\"@id\":\"https:\\\/\\\/limonna.cl\\\/producto\\\/duo-de-balsamos-para-nariz-de-perros\\\/#primaryimage\",\"url\":\"https:\\\/\\\/limonna.cl\\\/wp-content\\\/uploads\\\/2024\\\/05\\\/Duo-de-balsamos-Limonna.jpg\",\"contentUrl\":\"https:\\\/\\\/limonna.cl\\\/wp-content\\\/uploads\\\/2024\\\/05\\\/Duo-de-balsamos-Limonna.jpg\",\"width\":1000,\"height\":1000,\"caption\":\"Duo de b\u00e1lsamos para nariz de perros\"},{\"@type\":\"BreadcrumbList\",\"@id\":\"https:\\\/\\\/limonna.cl\\\/producto\\\/duo-de-balsamos-para-nariz-de-perros\\\/#breadcrumb\",\"itemListElement\":[{\"@type\":\"ListItem\",\"position\":1,\"name\":\"Portada\",\"item\":\"https:\\\/\\\/limonna.cl\\\/\"},{\"@type\":\"ListItem\",\"position\":2,\"name\":\"Boutique\",\"item\":\"https:\\\/\\\/limonna.cl\\\/shop\\\/\"},{\"@type\":\"ListItem\",\"position\":3,\"name\":\"Duo de b\u00e1lsamos para nariz de perros\"}]},{\"@type\":\"WebSite\",\"@id\":\"https:\\\/\\\/limonna.cl\\\/#website\",\"url\":\"https:\\\/\\\/limonna.cl\\\/\",\"name\":\"Limonna | Plant based magic for pets\",\"description\":\"Plant - based magic for pets\",\"publisher\":{\"@id\":\"https:\\\/\\\/limonna.cl\\\/#organization\"},\"potentialAction\":[{\"@type\":\"SearchAction\",\"target\":{\"@type\":\"EntryPoint\",\"urlTemplate\":\"https:\\\/\\\/limonna.cl\\\/?s={search_term_string}\"},\"query-input\":{\"@type\":\"PropertyValueSpecification\",\"valueRequired\":true,\"valueName\":\"search_term_string\"}}],\"inLanguage\":\"en-US\"},{\"@type\":\"Organization\",\"@id\":\"https:\\\/\\\/limonna.cl\\\/#organization\",\"name\":\"Limonna\",\"url\":\"https:\\\/\\\/limonna.cl\\\/\",\"logo\":{\"@type\":\"ImageObject\",\"inLanguage\":\"en-US\",\"@id\":\"https:\\\/\\\/limonna.cl\\\/#\\\/schema\\\/logo\\\/image\\\/\",\"url\":\"https:\\\/\\\/limonna.cl\\\/wp-content\\\/uploads\\\/2023\\\/07\\\/logo-limonna-final-negro_Mesa-de-trabajo-1-copia-2.png\",\"contentUrl\":\"https:\\\/\\\/limonna.cl\\\/wp-content\\\/uploads\\\/2023\\\/07\\\/logo-limonna-final-negro_Mesa-de-trabajo-1-copia-2.png\",\"width\":3508,\"height\":2481,\"caption\":\"Limonna\"},\"image\":{\"@id\":\"https:\\\/\\\/limonna.cl\\\/#\\\/schema\\\/logo\\\/image\\\/\"},\"sameAs\":[\"https:\\\/\\\/www.facebook.com\\\/limonna.cl\",\"https:\\\/\\\/www.instagram.com\\\/limonna.cl\\\/\",\"https:\\\/\\\/www.linkedin.com\\\/company\\\/limonna\\\/\"]}]}<\/script>\n<!-- \/ Yoast SEO plugin. -->","yoast_head_json":{"title":"B\u00e1lsamo para nariz de perro | D\u00fao Limonna","description":"D\u00fao de b\u00e1lsamos naturales para la nariz de perro. Hidrataci\u00f3n y protecci\u00f3n bot\u00e1nica en un solo set.","robots":{"index":"index","follow":"follow","max-snippet":"max-snippet:-1","max-image-preview":"max-image-preview:large","max-video-preview":"max-video-preview:-1"},"canonical":"https:\/\/limonna.cl\/en\/product\/duo-de-balsamos-para-nariz-de-perros\/","og_locale":"en_US","og_type":"article","og_title":"B\u00e1lsamo para nariz de perro | D\u00fao Limonna","og_description":"D\u00fao de b\u00e1lsamos naturales para la nariz de perro. Hidrataci\u00f3n y protecci\u00f3n bot\u00e1nica en un solo set.","og_url":"https:\/\/limonna.cl\/en\/product\/duo-de-balsamos-para-nariz-de-perros\/","og_site_name":"Limonna e-boutique","article_publisher":"https:\/\/www.facebook.com\/limonna.cl","article_modified_time":"2026-03-23T21:23:20+00:00","og_image":[{"width":1000,"height":1000,"url":"https:\/\/limonna.cl\/wp-content\/uploads\/2024\/05\/Duo-de-balsamos-Limonna.jpg","type":"image\/jpeg"}],"twitter_card":"summary_large_image","twitter_misc":{"Est. reading time":"1 minute"},"schema":{"@context":"https:\/\/schema.org","@graph":[{"@type":"WebPage","@id":"https:\/\/limonna.cl\/producto\/duo-de-balsamos-para-nariz-de-perros\/","url":"https:\/\/limonna.cl\/producto\/duo-de-balsamos-para-nariz-de-perros\/","name":"B\u00e1lsamo para nariz de perro | D\u00fao Limonna","isPartOf":{"@id":"https:\/\/limonna.cl\/#website"},"primaryImageOfPage":{"@id":"https:\/\/limonna.cl\/producto\/duo-de-balsamos-para-nariz-de-perros\/#primaryimage"},"image":{"@id":"https:\/\/limonna.cl\/producto\/duo-de-balsamos-para-nariz-de-perros\/#primaryimage"},"thumbnailUrl":"https:\/\/limonna.cl\/wp-content\/uploads\/2024\/05\/Duo-de-balsamos-Limonna.jpg","datePublished":"2023-07-25T22:55:26+00:00","dateModified":"2026-03-23T21:23:20+00:00","description":"D\u00fao de b\u00e1lsamos naturales para la nariz de perro. Hidrataci\u00f3n y protecci\u00f3n bot\u00e1nica en un solo set.","breadcrumb":{"@id":"https:\/\/limonna.cl\/producto\/duo-de-balsamos-para-nariz-de-perros\/#breadcrumb"},"inLanguage":"en-US","potentialAction":[{"@type":"ReadAction","target":["https:\/\/limonna.cl\/producto\/duo-de-balsamos-para-nariz-de-perros\/"]}]},{"@type":"ImageObject","inLanguage":"en-US","@id":"https:\/\/limonna.cl\/producto\/duo-de-balsamos-para-nariz-de-perros\/#primaryimage","url":"https:\/\/limonna.cl\/wp-content\/uploads\/2024\/05\/Duo-de-balsamos-Limonna.jpg","contentUrl":"https:\/\/limonna.cl\/wp-content\/uploads\/2024\/05\/Duo-de-balsamos-Limonna.jpg","width":1000,"height":1000,"caption":"Duo de b\u00e1lsamos para nariz de perros"},{"@type":"BreadcrumbList","@id":"https:\/\/limonna.cl\/producto\/duo-de-balsamos-para-nariz-de-perros\/#breadcrumb","itemListElement":[{"@type":"ListItem","position":1,"name":"Portada","item":"https:\/\/limonna.cl\/"},{"@type":"ListItem","position":2,"name":"Boutique","item":"https:\/\/limonna.cl\/shop\/"},{"@type":"ListItem","position":3,"name":"Duo de b\u00e1lsamos para nariz de perros"}]},{"@type":"WebSite","@id":"https:\/\/limonna.cl\/#website","url":"https:\/\/limonna.cl\/","name":"Limonna | Plant based magic for pets","description":"Plant - based magic for pets","publisher":{"@id":"https:\/\/limonna.cl\/#organization"},"potentialAction":[{"@type":"SearchAction","target":{"@type":"EntryPoint","urlTemplate":"https:\/\/limonna.cl\/?s={search_term_string}"},"query-input":{"@type":"PropertyValueSpecification","valueRequired":true,"valueName":"search_term_string"}}],"inLanguage":"en-US"},{"@type":"Organization","@id":"https:\/\/limonna.cl\/#organization","name":"Limonna","url":"https:\/\/limonna.cl\/","logo":{"@type":"ImageObject","inLanguage":"en-US","@id":"https:\/\/limonna.cl\/#\/schema\/logo\/image\/","url":"https:\/\/limonna.cl\/wp-content\/uploads\/2023\/07\/logo-limonna-final-negro_Mesa-de-trabajo-1-copia-2.png","contentUrl":"https:\/\/limonna.cl\/wp-content\/uploads\/2023\/07\/logo-limonna-final-negro_Mesa-de-trabajo-1-copia-2.png","width":3508,"height":2481,"caption":"Limonna"},"image":{"@id":"https:\/\/limonna.cl\/#\/schema\/logo\/image\/"},"sameAs":["https:\/\/www.facebook.com\/limonna.cl","https:\/\/www.instagram.com\/limonna.cl\/","https:\/\/www.linkedin.com\/company\/limonna\/"]}]}},"_links":{"self":[{"href":"https:\/\/limonna.cl\/en\/wp-json\/wp\/v2\/product\/35","targetHints":{"allow":["GET"]}}],"collection":[{"href":"https:\/\/limonna.cl\/en\/wp-json\/wp\/v2\/product"}],"about":[{"href":"https:\/\/limonna.cl\/en\/wp-json\/wp\/v2\/types\/product"}],"replies":[{"embeddable":true,"href":"https:\/\/limonna.cl\/en\/wp-json\/wp\/v2\/comments?post=35"}],"wp:featuredmedia":[{"embeddable":true,"href":"https:\/\/limonna.cl\/en\/wp-json\/wp\/v2\/media\/22288"}],"wp:attachment":[{"href":"https:\/\/limonna.cl\/en\/wp-json\/wp\/v2\/media?parent=35"}],"wp:term":[{"taxonomy":"product_brand","embeddable":true,"href":"https:\/\/limonna.cl\/en\/wp-json\/wp\/v2\/product_brand?post=35"},{"taxonomy":"product_cat","embeddable":true,"href":"https:\/\/limonna.cl\/en\/wp-json\/wp\/v2\/product_cat?post=35"},{"taxonomy":"product_tag","embeddable":true,"href":"https:\/\/limonna.cl\/en\/wp-json\/wp\/v2\/product_tag?post=35"}],"curies":[{"name":"wp","href":"https:\/\/api.w.org\/{rel}","templated":true}]}}