{"id":34,"date":"2023-07-25T22:54:13","date_gmt":"2023-07-25T22:54:13","guid":{"rendered":"https:\/\/limonna.cl\/?post_type=product&#038;p=34"},"modified":"2026-04-08T17:31:29","modified_gmt":"2026-04-08T21:31:29","slug":"champu-para-perros-y-gatos-quillay","status":"publish","type":"product","link":"https:\/\/limonna.cl\/en\/product\/champu-para-perros-y-gatos-quillay\/","title":{"rendered":"Shampoo for dogs and cats - Soap bark tree"},"content":{"rendered":"<p>Inspired by the beautiful trees of Chile's native flora, this Quillay shampoo for dogs and cats comes to life from childhood memories that draw silhouettes of leaves, flowers, and fruits.<\/p>\n<p>Quillay infusion, traditionally used to cleanse skin and hair, is combined with botanical ingredients such as aloe vera, resulting in a gentle, moisturizing formula designed for frequent use, even on sensitive skin.<\/p>\n<p class=\"translation-block\">The <a href=\"https:\/\/limonna.cl\/en\/quillay\/?trp-edit-translation=preview\" target=\"_self\">quillay<\/a> gently cleanses without damaging the skin or coat, while the <a href=\"https:\/\/limonna.cl\/en\/aloe-vera\/\" target=\"_self\">aloe vera<\/a> moisturizes, soothes and helps maintain its natural balance.<\/p>\n<p>pH balanced formula, free of parabens, sulfates, synthetic fragrances and colorants.<\/p>\n<p>Complete the bathing experience with the <a href=\"https:\/\/limonna.cl\/en\/product\/acondicionador-para-perros-y-gatos-avellana-chilena\/?trp-edit-translation=preview\">Limonna conditioner<\/a> to complete a care ritual.<\/p>\n<p>Rediscover the wisdom and memory of traditional Chilean herbal medicine with the other collections in our e-boutique.<\/p>\n<p>&nbsp;<\/p>\n<p>Net weight 8 fl. Oz \/ 237 ml (PET Bottle).<\/p>\n<p>Created and made in <a href=\"https:\/\/www.marcachile.cl\/licenciatarios\/limonna-spa\/\">Chile<\/a>.<br \/>\nVegan &amp; Crueltyfree by <a href=\"https:\/\/crueltyfree.peta.org\/company\/love-is-pet-vibrational-healing\/\">PETA.org<\/a>.<\/p>","protected":false},"excerpt":{"rendered":"<p>Gentle, botanical cleansing for frequent use, even on sensitive skin.<\/p>","protected":false},"featured_media":22286,"comment_status":"open","ping_status":"closed","template":"","meta":{"_editorskit_title_hidden":false,"_editorskit_reading_time":0,"_editorskit_is_block_options_detached":false,"_editorskit_block_options_position":"{}","_crdt_document":"","inline_featured_image":false,"iawp_total_views":1021},"product_brand":[504],"product_cat":[16,391,385,15],"product_tag":[435,436,433,502,434,503,109,449,387,108,506,398,247],"class_list":{"0":"post-34","1":"product","2":"type-product","3":"status-publish","4":"has-post-thumbnail","6":"product_brand-limonna","7":"product_cat-cuidado-pelaje","8":"product_cat-gatos","9":"product_cat-perros","10":"product_cat-todos-los-productos","11":"product_tag-cat-shampoo","12":"product_tag-champu-para-gatos","13":"product_tag-champu-para-perros","14":"product_tag-champu-para-perros-y-gatos","15":"product_tag-dog-shampoo","16":"product_tag-dogs-and-cats-shampoo","17":"product_tag-gatos","18":"product_tag-limonna","19":"product_tag-not-tested-on-animals","20":"product_tag-perros","21":"product_tag-quillay","22":"product_tag-vegan","23":"product_tag-vegano","24":"product_shipping_class-pequeno","25":"ts_product_brand-limonna","27":"first","28":"instock","29":"taxable","30":"shipping-taxable","31":"purchasable","32":"product-type-simple"},"yoast_head":"<!-- This site is optimized with the Yoast SEO plugin v27.4 - https:\/\/yoast.com\/product\/yoast-seo-wordpress\/ -->\n<title>Champ\u00fa natural para mascotas en Chile | Limonna<\/title>\n<meta name=\"description\" content=\"Champ\u00fa bot\u00e1nico con quillay para perros y gatos. Limpieza suave y natural. Hecho en Chile por Limonna.\" \/>\n<meta name=\"robots\" content=\"index, follow, max-snippet:-1, max-image-preview:large, max-video-preview:-1\" \/>\n<link rel=\"canonical\" href=\"https:\/\/limonna.cl\/en\/product\/champu-para-perros-y-gatos-quillay\/\" \/>\n<meta property=\"og:locale\" content=\"en_US\" \/>\n<meta property=\"og:type\" content=\"article\" \/>\n<meta property=\"og:title\" content=\"Champ\u00fa natural para mascotas en Chile | Limonna\" \/>\n<meta property=\"og:description\" content=\"Champ\u00fa bot\u00e1nico con quillay para perros y gatos. Limpieza suave y natural. Hecho en Chile por Limonna.\" \/>\n<meta property=\"og:url\" content=\"https:\/\/limonna.cl\/en\/product\/champu-para-perros-y-gatos-quillay\/\" \/>\n<meta property=\"og:site_name\" content=\"Limonna e-boutique\" \/>\n<meta property=\"article:publisher\" content=\"https:\/\/www.facebook.com\/limonna.cl\" \/>\n<meta property=\"article:modified_time\" content=\"2026-04-08T21:31:29+00:00\" \/>\n<meta property=\"og:image\" content=\"https:\/\/limonna.cl\/wp-content\/uploads\/2024\/05\/Champu-Limonna.jpg\" \/>\n\t<meta property=\"og:image:width\" content=\"1000\" \/>\n\t<meta property=\"og:image:height\" content=\"1000\" \/>\n\t<meta property=\"og:image:type\" content=\"image\/jpeg\" \/>\n<meta name=\"twitter:card\" content=\"summary_large_image\" \/>\n<meta name=\"twitter:label1\" content=\"Est. reading time\" \/>\n\t<meta name=\"twitter:data1\" content=\"1 minute\" \/>\n<script type=\"application\/ld+json\" class=\"yoast-schema-graph\">{\"@context\":\"https:\\\/\\\/schema.org\",\"@graph\":[{\"@type\":\"WebPage\",\"@id\":\"https:\\\/\\\/limonna.cl\\\/producto\\\/champu-para-perros-y-gatos-quillay\\\/\",\"url\":\"https:\\\/\\\/limonna.cl\\\/producto\\\/champu-para-perros-y-gatos-quillay\\\/\",\"name\":\"Champ\u00fa natural para mascotas en Chile | Limonna\",\"isPartOf\":{\"@id\":\"https:\\\/\\\/limonna.cl\\\/#website\"},\"primaryImageOfPage\":{\"@id\":\"https:\\\/\\\/limonna.cl\\\/producto\\\/champu-para-perros-y-gatos-quillay\\\/#primaryimage\"},\"image\":{\"@id\":\"https:\\\/\\\/limonna.cl\\\/producto\\\/champu-para-perros-y-gatos-quillay\\\/#primaryimage\"},\"thumbnailUrl\":\"https:\\\/\\\/limonna.cl\\\/wp-content\\\/uploads\\\/2024\\\/05\\\/Champu-Limonna.jpg\",\"datePublished\":\"2023-07-25T22:54:13+00:00\",\"dateModified\":\"2026-04-08T21:31:29+00:00\",\"description\":\"Champ\u00fa bot\u00e1nico con quillay para perros y gatos. Limpieza suave y natural. Hecho en Chile por Limonna.\",\"breadcrumb\":{\"@id\":\"https:\\\/\\\/limonna.cl\\\/producto\\\/champu-para-perros-y-gatos-quillay\\\/#breadcrumb\"},\"inLanguage\":\"en-US\",\"potentialAction\":[{\"@type\":\"ReadAction\",\"target\":[\"https:\\\/\\\/limonna.cl\\\/producto\\\/champu-para-perros-y-gatos-quillay\\\/\"]}]},{\"@type\":\"ImageObject\",\"inLanguage\":\"en-US\",\"@id\":\"https:\\\/\\\/limonna.cl\\\/producto\\\/champu-para-perros-y-gatos-quillay\\\/#primaryimage\",\"url\":\"https:\\\/\\\/limonna.cl\\\/wp-content\\\/uploads\\\/2024\\\/05\\\/Champu-Limonna.jpg\",\"contentUrl\":\"https:\\\/\\\/limonna.cl\\\/wp-content\\\/uploads\\\/2024\\\/05\\\/Champu-Limonna.jpg\",\"width\":1000,\"height\":1000,\"caption\":\"champ\u00fa natural para perros y gatos Limonna\"},{\"@type\":\"BreadcrumbList\",\"@id\":\"https:\\\/\\\/limonna.cl\\\/producto\\\/champu-para-perros-y-gatos-quillay\\\/#breadcrumb\",\"itemListElement\":[{\"@type\":\"ListItem\",\"position\":1,\"name\":\"Portada\",\"item\":\"https:\\\/\\\/limonna.cl\\\/\"},{\"@type\":\"ListItem\",\"position\":2,\"name\":\"Boutique\",\"item\":\"https:\\\/\\\/limonna.cl\\\/shop\\\/\"},{\"@type\":\"ListItem\",\"position\":3,\"name\":\"Champ\u00fa para perros y gatos Quillay\"}]},{\"@type\":\"WebSite\",\"@id\":\"https:\\\/\\\/limonna.cl\\\/#website\",\"url\":\"https:\\\/\\\/limonna.cl\\\/\",\"name\":\"Limonna | Plant based magic for pets\",\"description\":\"Plant - based magic for pets\",\"publisher\":{\"@id\":\"https:\\\/\\\/limonna.cl\\\/#organization\"},\"potentialAction\":[{\"@type\":\"SearchAction\",\"target\":{\"@type\":\"EntryPoint\",\"urlTemplate\":\"https:\\\/\\\/limonna.cl\\\/?s={search_term_string}\"},\"query-input\":{\"@type\":\"PropertyValueSpecification\",\"valueRequired\":true,\"valueName\":\"search_term_string\"}}],\"inLanguage\":\"en-US\"},{\"@type\":\"Organization\",\"@id\":\"https:\\\/\\\/limonna.cl\\\/#organization\",\"name\":\"Limonna\",\"url\":\"https:\\\/\\\/limonna.cl\\\/\",\"logo\":{\"@type\":\"ImageObject\",\"inLanguage\":\"en-US\",\"@id\":\"https:\\\/\\\/limonna.cl\\\/#\\\/schema\\\/logo\\\/image\\\/\",\"url\":\"https:\\\/\\\/limonna.cl\\\/wp-content\\\/uploads\\\/2023\\\/07\\\/logo-limonna-final-negro_Mesa-de-trabajo-1-copia-2.png\",\"contentUrl\":\"https:\\\/\\\/limonna.cl\\\/wp-content\\\/uploads\\\/2023\\\/07\\\/logo-limonna-final-negro_Mesa-de-trabajo-1-copia-2.png\",\"width\":3508,\"height\":2481,\"caption\":\"Limonna\"},\"image\":{\"@id\":\"https:\\\/\\\/limonna.cl\\\/#\\\/schema\\\/logo\\\/image\\\/\"},\"sameAs\":[\"https:\\\/\\\/www.facebook.com\\\/limonna.cl\",\"https:\\\/\\\/www.instagram.com\\\/limonna.cl\\\/\",\"https:\\\/\\\/www.linkedin.com\\\/company\\\/limonna\\\/\"]}]}<\/script>\n<!-- \/ Yoast SEO plugin. -->","yoast_head_json":{"title":"Champ\u00fa natural para mascotas en Chile | Limonna","description":"Champ\u00fa bot\u00e1nico con quillay para perros y gatos. Limpieza suave y natural. Hecho en Chile por Limonna.","robots":{"index":"index","follow":"follow","max-snippet":"max-snippet:-1","max-image-preview":"max-image-preview:large","max-video-preview":"max-video-preview:-1"},"canonical":"https:\/\/limonna.cl\/en\/product\/champu-para-perros-y-gatos-quillay\/","og_locale":"en_US","og_type":"article","og_title":"Champ\u00fa natural para mascotas en Chile | Limonna","og_description":"Champ\u00fa bot\u00e1nico con quillay para perros y gatos. Limpieza suave y natural. Hecho en Chile por Limonna.","og_url":"https:\/\/limonna.cl\/en\/product\/champu-para-perros-y-gatos-quillay\/","og_site_name":"Limonna e-boutique","article_publisher":"https:\/\/www.facebook.com\/limonna.cl","article_modified_time":"2026-04-08T21:31:29+00:00","og_image":[{"width":1000,"height":1000,"url":"https:\/\/limonna.cl\/wp-content\/uploads\/2024\/05\/Champu-Limonna.jpg","type":"image\/jpeg"}],"twitter_card":"summary_large_image","twitter_misc":{"Est. reading time":"1 minute"},"schema":{"@context":"https:\/\/schema.org","@graph":[{"@type":"WebPage","@id":"https:\/\/limonna.cl\/producto\/champu-para-perros-y-gatos-quillay\/","url":"https:\/\/limonna.cl\/producto\/champu-para-perros-y-gatos-quillay\/","name":"Champ\u00fa natural para mascotas en Chile | Limonna","isPartOf":{"@id":"https:\/\/limonna.cl\/#website"},"primaryImageOfPage":{"@id":"https:\/\/limonna.cl\/producto\/champu-para-perros-y-gatos-quillay\/#primaryimage"},"image":{"@id":"https:\/\/limonna.cl\/producto\/champu-para-perros-y-gatos-quillay\/#primaryimage"},"thumbnailUrl":"https:\/\/limonna.cl\/wp-content\/uploads\/2024\/05\/Champu-Limonna.jpg","datePublished":"2023-07-25T22:54:13+00:00","dateModified":"2026-04-08T21:31:29+00:00","description":"Champ\u00fa bot\u00e1nico con quillay para perros y gatos. Limpieza suave y natural. Hecho en Chile por Limonna.","breadcrumb":{"@id":"https:\/\/limonna.cl\/producto\/champu-para-perros-y-gatos-quillay\/#breadcrumb"},"inLanguage":"en-US","potentialAction":[{"@type":"ReadAction","target":["https:\/\/limonna.cl\/producto\/champu-para-perros-y-gatos-quillay\/"]}]},{"@type":"ImageObject","inLanguage":"en-US","@id":"https:\/\/limonna.cl\/producto\/champu-para-perros-y-gatos-quillay\/#primaryimage","url":"https:\/\/limonna.cl\/wp-content\/uploads\/2024\/05\/Champu-Limonna.jpg","contentUrl":"https:\/\/limonna.cl\/wp-content\/uploads\/2024\/05\/Champu-Limonna.jpg","width":1000,"height":1000,"caption":"champ\u00fa natural para perros y gatos Limonna"},{"@type":"BreadcrumbList","@id":"https:\/\/limonna.cl\/producto\/champu-para-perros-y-gatos-quillay\/#breadcrumb","itemListElement":[{"@type":"ListItem","position":1,"name":"Portada","item":"https:\/\/limonna.cl\/"},{"@type":"ListItem","position":2,"name":"Boutique","item":"https:\/\/limonna.cl\/shop\/"},{"@type":"ListItem","position":3,"name":"Champ\u00fa para perros y gatos Quillay"}]},{"@type":"WebSite","@id":"https:\/\/limonna.cl\/#website","url":"https:\/\/limonna.cl\/","name":"Limonna | Plant based magic for pets","description":"Plant - based magic for pets","publisher":{"@id":"https:\/\/limonna.cl\/#organization"},"potentialAction":[{"@type":"SearchAction","target":{"@type":"EntryPoint","urlTemplate":"https:\/\/limonna.cl\/?s={search_term_string}"},"query-input":{"@type":"PropertyValueSpecification","valueRequired":true,"valueName":"search_term_string"}}],"inLanguage":"en-US"},{"@type":"Organization","@id":"https:\/\/limonna.cl\/#organization","name":"Limonna","url":"https:\/\/limonna.cl\/","logo":{"@type":"ImageObject","inLanguage":"en-US","@id":"https:\/\/limonna.cl\/#\/schema\/logo\/image\/","url":"https:\/\/limonna.cl\/wp-content\/uploads\/2023\/07\/logo-limonna-final-negro_Mesa-de-trabajo-1-copia-2.png","contentUrl":"https:\/\/limonna.cl\/wp-content\/uploads\/2023\/07\/logo-limonna-final-negro_Mesa-de-trabajo-1-copia-2.png","width":3508,"height":2481,"caption":"Limonna"},"image":{"@id":"https:\/\/limonna.cl\/#\/schema\/logo\/image\/"},"sameAs":["https:\/\/www.facebook.com\/limonna.cl","https:\/\/www.instagram.com\/limonna.cl\/","https:\/\/www.linkedin.com\/company\/limonna\/"]}]}},"_links":{"self":[{"href":"https:\/\/limonna.cl\/en\/wp-json\/wp\/v2\/product\/34","targetHints":{"allow":["GET"]}}],"collection":[{"href":"https:\/\/limonna.cl\/en\/wp-json\/wp\/v2\/product"}],"about":[{"href":"https:\/\/limonna.cl\/en\/wp-json\/wp\/v2\/types\/product"}],"replies":[{"embeddable":true,"href":"https:\/\/limonna.cl\/en\/wp-json\/wp\/v2\/comments?post=34"}],"wp:featuredmedia":[{"embeddable":true,"href":"https:\/\/limonna.cl\/en\/wp-json\/wp\/v2\/media\/22286"}],"wp:attachment":[{"href":"https:\/\/limonna.cl\/en\/wp-json\/wp\/v2\/media?parent=34"}],"wp:term":[{"taxonomy":"product_brand","embeddable":true,"href":"https:\/\/limonna.cl\/en\/wp-json\/wp\/v2\/product_brand?post=34"},{"taxonomy":"product_cat","embeddable":true,"href":"https:\/\/limonna.cl\/en\/wp-json\/wp\/v2\/product_cat?post=34"},{"taxonomy":"product_tag","embeddable":true,"href":"https:\/\/limonna.cl\/en\/wp-json\/wp\/v2\/product_tag?post=34"}],"curies":[{"name":"wp","href":"https:\/\/api.w.org\/{rel}","templated":true}]}}