{"id":32,"date":"2023-07-25T22:51:32","date_gmt":"2023-07-26T02:51:32","guid":{"rendered":"https:\/\/limonna.cl\/?post_type=product&#038;p=32"},"modified":"2026-04-08T17:31:29","modified_gmt":"2026-04-08T21:31:29","slug":"balsamo-para-nariz-de-perros-avellana-chilena","status":"publish","type":"product","link":"https:\/\/limonna.cl\/en\/product\/balsamo-para-nariz-de-perros-avellana-chilena\/","title":{"rendered":"Nose balm for dogs - Chilean hazelnut"},"content":{"rendered":"<p>The Chilean hazelnut and the qualities of its oil inspire the creation of this balm for dogs' noses, designed for daily care in contact with nature.<\/p>\n<p>A formula for those who enjoy outdoor walks, beach days, countryside or mountain outings, and moments of rest in the shade during warm seasons.<\/p>\n<p>Limonna Chilean Hazelnut Dog Nose Balm is a nourishing and moisturizing formula that helps care for and soften dry noses.<\/p>\n<p>The oil of <a href=\"https:\/\/limonna.cl\/en\/avellano\/\">chilean hazelnut<\/a> It is combined with organic cocoa butter, vegetable waxes and vitamin E, resulting in a light and fast-absorbing texture.<\/p>\n<p>Apply it with a gentle massage on the nose and let it absorb for a few seconds.<\/p>\n<p>Chilean hazelnut oil provides emollient and protective properties, helping to care for sensitive, dry or exposed skin.<\/p>\n<p>Free of petroleum-derived mineral oils, liquid paraffin, and petrolatum.<\/p>\n<p>Also available in format <a href=\"https:\/\/limonna.cl\/en\/product\/duo-de-balsamos-para-nariz-de-perros\/\">d\u00fao<\/a> on our e-boutique.<\/p>\n<p data-sanitized-data-mce-fragment=\"1\"><br data-sanitized-data-mce-fragment=\"1\" \/><span data-sanitized-data-mce-fragment=\"1\">Net weight. 0.35 oz \/ 10 g e (Aluminum Tin).<\/span><\/p>\n<p data-sanitized-data-mce-fragment=\"1\">Created and made in <a href=\"https:\/\/www.marcachile.cl\/licenciatarios\/limonna-spa\/\">Chile<\/a>.<br \/>\nVegan &amp; Crueltyfree by <a href=\"https:\/\/crueltyfree.peta.org\/company\/love-is-pet-vibrational-healing\/\">PETA.org<\/a>.<\/p>","protected":false},"excerpt":{"rendered":"<p>Nourishment and protection for the nose, ideal for dry skin or skin exposed to the sun and outdoors.<\/p>","protected":false},"featured_media":22283,"comment_status":"open","ping_status":"closed","template":"","meta":{"_editorskit_title_hidden":false,"_editorskit_reading_time":0,"_editorskit_is_block_options_detached":false,"_editorskit_block_options_position":"{}","_crdt_document":"","inline_featured_image":false,"iawp_total_views":1110},"product_brand":[504],"product_cat":[17,385,15],"product_tag":[363,507,460,455,449,248,459,387,108,398,247],"class_list":{"0":"post-32","1":"product","2":"type-product","3":"status-publish","4":"has-post-thumbnail","6":"product_brand-limonna","7":"product_cat-cuidado-nariz","8":"product_cat-perros","9":"product_cat-todos-los-productos","10":"product_tag-100-bio","11":"product_tag-avellana-chilena","12":"product_tag-balsamo-para-nariz-de-perros","13":"product_tag-dogs","14":"product_tag-limonna","15":"product_tag-natural","16":"product_tag-nose-balm-for-dogs","17":"product_tag-not-tested-on-animals","18":"product_tag-perros","19":"product_tag-vegan","20":"product_tag-vegano","21":"product_shipping_class-extra-pequeno","22":"ts_product_brand-limonna","24":"first","25":"instock","26":"taxable","27":"shipping-taxable","28":"purchasable","29":"product-type-simple"},"yoast_head":"<!-- This site is optimized with the Yoast SEO plugin v27.4 - https:\/\/yoast.com\/product\/yoast-seo-wordpress\/ -->\n<title>B\u00e1lsamo para nariz de perro en Chile | Limonna<\/title>\n<meta name=\"description\" content=\"B\u00e1lsamo natural para la nariz de perro. Hidrata y protege con ingredientes bot\u00e1nicos. Hecho enChile por Limonna.\" \/>\n<meta name=\"robots\" content=\"index, follow, max-snippet:-1, max-image-preview:large, max-video-preview:-1\" \/>\n<link rel=\"canonical\" href=\"https:\/\/limonna.cl\/en\/product\/balsamo-para-nariz-de-perros-avellana-chilena\/\" \/>\n<meta property=\"og:locale\" content=\"en_US\" \/>\n<meta property=\"og:type\" content=\"article\" \/>\n<meta property=\"og:title\" content=\"B\u00e1lsamo para nariz de perro en Chile | Limonna\" \/>\n<meta property=\"og:description\" content=\"B\u00e1lsamo natural para la nariz de perro. Hidrata y protege con ingredientes bot\u00e1nicos. Hecho enChile por Limonna.\" \/>\n<meta property=\"og:url\" content=\"https:\/\/limonna.cl\/en\/product\/balsamo-para-nariz-de-perros-avellana-chilena\/\" \/>\n<meta property=\"og:site_name\" content=\"Limonna e-boutique\" \/>\n<meta property=\"article:publisher\" content=\"https:\/\/www.facebook.com\/limonna.cl\" \/>\n<meta property=\"article:modified_time\" content=\"2026-04-08T21:31:29+00:00\" \/>\n<meta property=\"og:image\" content=\"https:\/\/limonna.cl\/wp-content\/uploads\/2024\/05\/Balsamo-Avellana-chilena-Limonna.jpg\" \/>\n\t<meta property=\"og:image:width\" content=\"1000\" \/>\n\t<meta property=\"og:image:height\" content=\"1000\" \/>\n\t<meta property=\"og:image:type\" content=\"image\/jpeg\" \/>\n<meta name=\"twitter:card\" content=\"summary_large_image\" \/>\n<meta name=\"twitter:label1\" content=\"Est. reading time\" \/>\n\t<meta name=\"twitter:data1\" content=\"2 minutes\" \/>\n<script type=\"application\/ld+json\" class=\"yoast-schema-graph\">{\"@context\":\"https:\\\/\\\/schema.org\",\"@graph\":[{\"@type\":\"WebPage\",\"@id\":\"https:\\\/\\\/limonna.cl\\\/producto\\\/balsamo-para-nariz-de-perros-avellana-chilena\\\/\",\"url\":\"https:\\\/\\\/limonna.cl\\\/producto\\\/balsamo-para-nariz-de-perros-avellana-chilena\\\/\",\"name\":\"B\u00e1lsamo para nariz de perro en Chile | Limonna\",\"isPartOf\":{\"@id\":\"https:\\\/\\\/limonna.cl\\\/#website\"},\"primaryImageOfPage\":{\"@id\":\"https:\\\/\\\/limonna.cl\\\/producto\\\/balsamo-para-nariz-de-perros-avellana-chilena\\\/#primaryimage\"},\"image\":{\"@id\":\"https:\\\/\\\/limonna.cl\\\/producto\\\/balsamo-para-nariz-de-perros-avellana-chilena\\\/#primaryimage\"},\"thumbnailUrl\":\"https:\\\/\\\/limonna.cl\\\/wp-content\\\/uploads\\\/2024\\\/05\\\/Balsamo-Avellana-chilena-Limonna.jpg\",\"datePublished\":\"2023-07-26T02:51:32+00:00\",\"dateModified\":\"2026-04-08T21:31:29+00:00\",\"description\":\"B\u00e1lsamo natural para la nariz de perro. Hidrata y protege con ingredientes bot\u00e1nicos. Hecho enChile por Limonna.\",\"breadcrumb\":{\"@id\":\"https:\\\/\\\/limonna.cl\\\/producto\\\/balsamo-para-nariz-de-perros-avellana-chilena\\\/#breadcrumb\"},\"inLanguage\":\"en-US\",\"potentialAction\":[{\"@type\":\"ReadAction\",\"target\":[\"https:\\\/\\\/limonna.cl\\\/producto\\\/balsamo-para-nariz-de-perros-avellana-chilena\\\/\"]}]},{\"@type\":\"ImageObject\",\"inLanguage\":\"en-US\",\"@id\":\"https:\\\/\\\/limonna.cl\\\/producto\\\/balsamo-para-nariz-de-perros-avellana-chilena\\\/#primaryimage\",\"url\":\"https:\\\/\\\/limonna.cl\\\/wp-content\\\/uploads\\\/2024\\\/05\\\/Balsamo-Avellana-chilena-Limonna.jpg\",\"contentUrl\":\"https:\\\/\\\/limonna.cl\\\/wp-content\\\/uploads\\\/2024\\\/05\\\/Balsamo-Avellana-chilena-Limonna.jpg\",\"width\":1000,\"height\":1000,\"caption\":\"b\u00e1lsamo para cuidar nariz de perro Limonna\"},{\"@type\":\"BreadcrumbList\",\"@id\":\"https:\\\/\\\/limonna.cl\\\/producto\\\/balsamo-para-nariz-de-perros-avellana-chilena\\\/#breadcrumb\",\"itemListElement\":[{\"@type\":\"ListItem\",\"position\":1,\"name\":\"Portada\",\"item\":\"https:\\\/\\\/limonna.cl\\\/\"},{\"@type\":\"ListItem\",\"position\":2,\"name\":\"Boutique\",\"item\":\"https:\\\/\\\/limonna.cl\\\/shop\\\/\"},{\"@type\":\"ListItem\",\"position\":3,\"name\":\"B\u00e1lsamo para nariz de perros Avellana chilena\"}]},{\"@type\":\"WebSite\",\"@id\":\"https:\\\/\\\/limonna.cl\\\/#website\",\"url\":\"https:\\\/\\\/limonna.cl\\\/\",\"name\":\"Limonna | Plant based magic for pets\",\"description\":\"Plant - based magic for pets\",\"publisher\":{\"@id\":\"https:\\\/\\\/limonna.cl\\\/#organization\"},\"potentialAction\":[{\"@type\":\"SearchAction\",\"target\":{\"@type\":\"EntryPoint\",\"urlTemplate\":\"https:\\\/\\\/limonna.cl\\\/?s={search_term_string}\"},\"query-input\":{\"@type\":\"PropertyValueSpecification\",\"valueRequired\":true,\"valueName\":\"search_term_string\"}}],\"inLanguage\":\"en-US\"},{\"@type\":\"Organization\",\"@id\":\"https:\\\/\\\/limonna.cl\\\/#organization\",\"name\":\"Limonna\",\"url\":\"https:\\\/\\\/limonna.cl\\\/\",\"logo\":{\"@type\":\"ImageObject\",\"inLanguage\":\"en-US\",\"@id\":\"https:\\\/\\\/limonna.cl\\\/#\\\/schema\\\/logo\\\/image\\\/\",\"url\":\"https:\\\/\\\/limonna.cl\\\/wp-content\\\/uploads\\\/2023\\\/07\\\/logo-limonna-final-negro_Mesa-de-trabajo-1-copia-2.png\",\"contentUrl\":\"https:\\\/\\\/limonna.cl\\\/wp-content\\\/uploads\\\/2023\\\/07\\\/logo-limonna-final-negro_Mesa-de-trabajo-1-copia-2.png\",\"width\":3508,\"height\":2481,\"caption\":\"Limonna\"},\"image\":{\"@id\":\"https:\\\/\\\/limonna.cl\\\/#\\\/schema\\\/logo\\\/image\\\/\"},\"sameAs\":[\"https:\\\/\\\/www.facebook.com\\\/limonna.cl\",\"https:\\\/\\\/www.instagram.com\\\/limonna.cl\\\/\",\"https:\\\/\\\/www.linkedin.com\\\/company\\\/limonna\\\/\"]}]}<\/script>\n<!-- \/ Yoast SEO plugin. -->","yoast_head_json":{"title":"B\u00e1lsamo para nariz de perro en Chile | Limonna","description":"B\u00e1lsamo natural para la nariz de perro. Hidrata y protege con ingredientes bot\u00e1nicos. Hecho enChile por Limonna.","robots":{"index":"index","follow":"follow","max-snippet":"max-snippet:-1","max-image-preview":"max-image-preview:large","max-video-preview":"max-video-preview:-1"},"canonical":"https:\/\/limonna.cl\/en\/product\/balsamo-para-nariz-de-perros-avellana-chilena\/","og_locale":"en_US","og_type":"article","og_title":"B\u00e1lsamo para nariz de perro en Chile | Limonna","og_description":"B\u00e1lsamo natural para la nariz de perro. Hidrata y protege con ingredientes bot\u00e1nicos. Hecho enChile por Limonna.","og_url":"https:\/\/limonna.cl\/en\/product\/balsamo-para-nariz-de-perros-avellana-chilena\/","og_site_name":"Limonna e-boutique","article_publisher":"https:\/\/www.facebook.com\/limonna.cl","article_modified_time":"2026-04-08T21:31:29+00:00","og_image":[{"width":1000,"height":1000,"url":"https:\/\/limonna.cl\/wp-content\/uploads\/2024\/05\/Balsamo-Avellana-chilena-Limonna.jpg","type":"image\/jpeg"}],"twitter_card":"summary_large_image","twitter_misc":{"Est. reading time":"2 minutes"},"schema":{"@context":"https:\/\/schema.org","@graph":[{"@type":"WebPage","@id":"https:\/\/limonna.cl\/producto\/balsamo-para-nariz-de-perros-avellana-chilena\/","url":"https:\/\/limonna.cl\/producto\/balsamo-para-nariz-de-perros-avellana-chilena\/","name":"B\u00e1lsamo para nariz de perro en Chile | Limonna","isPartOf":{"@id":"https:\/\/limonna.cl\/#website"},"primaryImageOfPage":{"@id":"https:\/\/limonna.cl\/producto\/balsamo-para-nariz-de-perros-avellana-chilena\/#primaryimage"},"image":{"@id":"https:\/\/limonna.cl\/producto\/balsamo-para-nariz-de-perros-avellana-chilena\/#primaryimage"},"thumbnailUrl":"https:\/\/limonna.cl\/wp-content\/uploads\/2024\/05\/Balsamo-Avellana-chilena-Limonna.jpg","datePublished":"2023-07-26T02:51:32+00:00","dateModified":"2026-04-08T21:31:29+00:00","description":"B\u00e1lsamo natural para la nariz de perro. Hidrata y protege con ingredientes bot\u00e1nicos. Hecho enChile por Limonna.","breadcrumb":{"@id":"https:\/\/limonna.cl\/producto\/balsamo-para-nariz-de-perros-avellana-chilena\/#breadcrumb"},"inLanguage":"en-US","potentialAction":[{"@type":"ReadAction","target":["https:\/\/limonna.cl\/producto\/balsamo-para-nariz-de-perros-avellana-chilena\/"]}]},{"@type":"ImageObject","inLanguage":"en-US","@id":"https:\/\/limonna.cl\/producto\/balsamo-para-nariz-de-perros-avellana-chilena\/#primaryimage","url":"https:\/\/limonna.cl\/wp-content\/uploads\/2024\/05\/Balsamo-Avellana-chilena-Limonna.jpg","contentUrl":"https:\/\/limonna.cl\/wp-content\/uploads\/2024\/05\/Balsamo-Avellana-chilena-Limonna.jpg","width":1000,"height":1000,"caption":"b\u00e1lsamo para cuidar nariz de perro Limonna"},{"@type":"BreadcrumbList","@id":"https:\/\/limonna.cl\/producto\/balsamo-para-nariz-de-perros-avellana-chilena\/#breadcrumb","itemListElement":[{"@type":"ListItem","position":1,"name":"Portada","item":"https:\/\/limonna.cl\/"},{"@type":"ListItem","position":2,"name":"Boutique","item":"https:\/\/limonna.cl\/shop\/"},{"@type":"ListItem","position":3,"name":"B\u00e1lsamo para nariz de perros Avellana chilena"}]},{"@type":"WebSite","@id":"https:\/\/limonna.cl\/#website","url":"https:\/\/limonna.cl\/","name":"Limonna | Plant based magic for pets","description":"Plant - based magic for pets","publisher":{"@id":"https:\/\/limonna.cl\/#organization"},"potentialAction":[{"@type":"SearchAction","target":{"@type":"EntryPoint","urlTemplate":"https:\/\/limonna.cl\/?s={search_term_string}"},"query-input":{"@type":"PropertyValueSpecification","valueRequired":true,"valueName":"search_term_string"}}],"inLanguage":"en-US"},{"@type":"Organization","@id":"https:\/\/limonna.cl\/#organization","name":"Limonna","url":"https:\/\/limonna.cl\/","logo":{"@type":"ImageObject","inLanguage":"en-US","@id":"https:\/\/limonna.cl\/#\/schema\/logo\/image\/","url":"https:\/\/limonna.cl\/wp-content\/uploads\/2023\/07\/logo-limonna-final-negro_Mesa-de-trabajo-1-copia-2.png","contentUrl":"https:\/\/limonna.cl\/wp-content\/uploads\/2023\/07\/logo-limonna-final-negro_Mesa-de-trabajo-1-copia-2.png","width":3508,"height":2481,"caption":"Limonna"},"image":{"@id":"https:\/\/limonna.cl\/#\/schema\/logo\/image\/"},"sameAs":["https:\/\/www.facebook.com\/limonna.cl","https:\/\/www.instagram.com\/limonna.cl\/","https:\/\/www.linkedin.com\/company\/limonna\/"]}]}},"_links":{"self":[{"href":"https:\/\/limonna.cl\/en\/wp-json\/wp\/v2\/product\/32","targetHints":{"allow":["GET"]}}],"collection":[{"href":"https:\/\/limonna.cl\/en\/wp-json\/wp\/v2\/product"}],"about":[{"href":"https:\/\/limonna.cl\/en\/wp-json\/wp\/v2\/types\/product"}],"replies":[{"embeddable":true,"href":"https:\/\/limonna.cl\/en\/wp-json\/wp\/v2\/comments?post=32"}],"wp:featuredmedia":[{"embeddable":true,"href":"https:\/\/limonna.cl\/en\/wp-json\/wp\/v2\/media\/22283"}],"wp:attachment":[{"href":"https:\/\/limonna.cl\/en\/wp-json\/wp\/v2\/media?parent=32"}],"wp:term":[{"taxonomy":"product_brand","embeddable":true,"href":"https:\/\/limonna.cl\/en\/wp-json\/wp\/v2\/product_brand?post=32"},{"taxonomy":"product_cat","embeddable":true,"href":"https:\/\/limonna.cl\/en\/wp-json\/wp\/v2\/product_cat?post=32"},{"taxonomy":"product_tag","embeddable":true,"href":"https:\/\/limonna.cl\/en\/wp-json\/wp\/v2\/product_tag?post=32"}],"curies":[{"name":"wp","href":"https:\/\/api.w.org\/{rel}","templated":true}]}}