{"id":12,"date":"2023-07-25T22:49:35","date_gmt":"2023-07-26T02:49:35","guid":{"rendered":"https:\/\/limonna.cl\/?post_type=product&#038;p=12"},"modified":"2026-04-08T17:31:27","modified_gmt":"2026-04-08T21:31:27","slug":"acondicionador-para-perros-y-gatos-avellana-chilena","status":"publish","type":"product","link":"https:\/\/limonna.cl\/en\/product\/acondicionador-para-perros-y-gatos-avellana-chilena\/","title":{"rendered":"Conditioner for dogs and cats - Chilean hazelnut"},"content":{"rendered":"<div class=\"flex-1 overflow-hidden\">\n<div class=\"react-scroll-to-bottom--css-ftvoi-79elbk h-full dark:bg-gray-800\">\n<div class=\"react-scroll-to-bottom--css-ftvoi-1n7m0yu\">\n<div class=\"flex flex-col text-sm dark:bg-gray-800\">\n<div class=\"group final-completion w-full text-token-text-primary border-b border-black\/10 gizmo:border-0 dark:border-gray-900\/50 gizmo:dark:border-0 bg-gray-50 gizmo:bg-transparent dark:bg-[#444654] gizmo:dark:bg-transparent\" data-testid=\"conversation-turn-11\">\n<div class=\"p-4 justify-center text-base md:gap-6 md:py-6 m-auto\">\n<div class=\"flex flex-1 gap-4 text-base mx-auto md:gap-6 gizmo:gap-3 gizmo:md:px-5 gizmo:lg:px-1 gizmo:xl:px-5 md:max-w-2xl lg:max-w-[38rem] gizmo:md:max-w-3xl gizmo:lg:max-w-[40rem] gizmo:xl:max-w-[48rem] xl:max-w-3xl }\">\n<div class=\"relative flex w-[calc(100%-50px)] flex-col gizmo:w-full lg:w-[calc(100%-115px)] agent-turn\">\n<div class=\"flex-col gap-1 md:gap-3\">\n<div class=\"flex flex-grow flex-col gap-3 max-w-full\">\n<div class=\"min-h-[20px] flex flex-col items-start gap-3 whitespace-pre-wrap break-words overflow-x-auto\">\n<div class=\"markdown prose w-full break-words dark:prose-invert dark\">\n<p>Inspirado en los lindos \u00e1rboles de la flora nativa chilena, este acondicionador Avellana Chilena para perros y gatos nace como una celebraci\u00f3n a los avellanos del sur de Chile.<\/p>\n<p>Conocido tradicionalmente por el valor nutritivo de sus frutos, el avellano chileno contiene un aceite de textura ligera que inspira muchas de nuestras colecciones.<\/p>\n<p>El acondicionador para perros y gatos Avellana Chilena Limonna es una f\u00f3rmula nutritiva, pensada para pieles sensibles, secas o con picaz\u00f3n, que ayuda a desenredar y acondicionar el pelaje, dej\u00e1ndolo suave, brillante y humectado.<\/p>\n<p>El aceite de <a href=\"https:\/\/limonna.cl\/avellano\/\">avellana chilena<\/a> aporta propiedades emolientes y protectoras, mientras que la manteca de karit\u00e9 org\u00e1nica y la <a href=\"https:\/\/limonna.cl\/fitoqueratina\/\">fitoqueratina<\/a> ayudan a restaurar y fortalecer el pelaje da\u00f1ado o quebradizo.<\/p>\n<p>Apl\u00edcalo luego de lavar con el <a href=\"https:\/\/limonna.cl\/producto\/champu-para-perros-y-gatos-quillay\/\">champ\u00fa Limonna<\/a>, d\u00e9jalo actuar unos minutos y enjuaga con agua tibia.<\/p>\n<p>Formulado con ingredientes bot\u00e1nicos, es pH equilibrado y lo suficientemente suave para uso regular. Libre de parabenos, sulfatos, fragancias sint\u00e9ticas y colorantes.<\/p>\n<p data-pm-slice=\"1 1 []\">\n<\/div>\n<\/div>\n<\/div>\n<\/div>\n<\/div>\n<\/div>\n<\/div>\n<\/div>\n<\/div>\n<\/div>\n<\/div>\n<\/div>\n<p>Peso neto 7.4 fl. oz \/ 220 ml (Botella PET).<\/p>\n<p>Creado y fabricado en <a href=\"https:\/\/www.marcachile.cl\/licenciatarios\/limonna-spa\/\">Chile<\/a>.<br \/>\nVegan &amp; Crueltyfree by <a href=\"https:\/\/crueltyfree.peta.org\/company\/love-is-pet-vibrational-healing\/\">PETA.org<\/a>.<\/p>\n","protected":false},"excerpt":{"rendered":"<p>Nourishment and softness for the coat, ideal for sensitive, dry or itchy skin.<\/p>","protected":false},"featured_media":22281,"comment_status":"open","ping_status":"closed","template":"","meta":{"_editorskit_title_hidden":false,"_editorskit_reading_time":0,"_editorskit_is_block_options_detached":false,"_editorskit_block_options_position":"{}","_crdt_document":"","inline_featured_image":false,"iawp_total_views":885},"product_brand":[504],"product_cat":[16,391,385,15],"product_tag":[440,438,500,507,439,437,501,109,449,248,387,108,398,247],"class_list":{"0":"post-12","1":"product","2":"type-product","3":"status-publish","4":"has-post-thumbnail","6":"product_brand-limonna","7":"product_cat-cuidado-pelaje","8":"product_cat-gatos","9":"product_cat-perros","10":"product_cat-todos-los-productos","11":"product_tag-acondicionador-para-gatos","12":"product_tag-acondicionador-para-perros","13":"product_tag-acondicionador-para-perros-y-gatos","14":"product_tag-avellana-chilena","15":"product_tag-cat-conditioner","16":"product_tag-dog-conditioner","17":"product_tag-dogs-and-cats-conditioner","18":"product_tag-gatos","19":"product_tag-limonna","20":"product_tag-natural","21":"product_tag-not-tested-on-animals","22":"product_tag-perros","23":"product_tag-vegan","24":"product_tag-vegano","25":"product_shipping_class-pequeno","26":"ts_product_brand-limonna","28":"first","29":"instock","30":"taxable","31":"shipping-taxable","32":"purchasable","33":"product-type-simple"},"yoast_head":"<!-- This site is optimized with the Yoast SEO plugin v27.4 - https:\/\/yoast.com\/product\/yoast-seo-wordpress\/ -->\n<title>Acondicionador para mascotas en Chile | Limonna<\/title>\n<meta name=\"description\" content=\"Acondicionador bot\u00e1nico para perros y gatos. Nutre y suaviza el pelaje con ingredientesnaturales. Hecho en Chile por Limonna.\" \/>\n<meta name=\"robots\" content=\"index, follow, max-snippet:-1, max-image-preview:large, max-video-preview:-1\" \/>\n<link rel=\"canonical\" href=\"https:\/\/limonna.cl\/en\/product\/acondicionador-para-perros-y-gatos-avellana-chilena\/\" \/>\n<meta property=\"og:locale\" content=\"en_US\" \/>\n<meta property=\"og:type\" content=\"article\" \/>\n<meta property=\"og:title\" content=\"Acondicionador para mascotas en Chile | Limonna\" \/>\n<meta property=\"og:description\" content=\"Acondicionador bot\u00e1nico para perros y gatos. Nutre y suaviza el pelaje con ingredientesnaturales. Hecho en Chile por Limonna.\" \/>\n<meta property=\"og:url\" content=\"https:\/\/limonna.cl\/en\/product\/acondicionador-para-perros-y-gatos-avellana-chilena\/\" \/>\n<meta property=\"og:site_name\" content=\"Limonna e-boutique\" \/>\n<meta property=\"article:publisher\" content=\"https:\/\/www.facebook.com\/limonna.cl\" \/>\n<meta property=\"article:modified_time\" content=\"2026-04-08T21:31:27+00:00\" \/>\n<meta property=\"og:image\" content=\"https:\/\/limonna.cl\/wp-content\/uploads\/2024\/05\/Acondicionador-Limonna.jpg\" \/>\n\t<meta property=\"og:image:width\" content=\"1000\" \/>\n\t<meta property=\"og:image:height\" content=\"1000\" \/>\n\t<meta property=\"og:image:type\" content=\"image\/jpeg\" \/>\n<meta name=\"twitter:card\" content=\"summary_large_image\" \/>\n<meta name=\"twitter:label1\" content=\"Est. reading time\" \/>\n\t<meta name=\"twitter:data1\" content=\"2 minutes\" \/>\n<script type=\"application\/ld+json\" class=\"yoast-schema-graph\">{\"@context\":\"https:\\\/\\\/schema.org\",\"@graph\":[{\"@type\":\"WebPage\",\"@id\":\"https:\\\/\\\/limonna.cl\\\/producto\\\/acondicionador-para-perros-y-gatos-avellana-chilena\\\/\",\"url\":\"https:\\\/\\\/limonna.cl\\\/producto\\\/acondicionador-para-perros-y-gatos-avellana-chilena\\\/\",\"name\":\"Acondicionador para mascotas en Chile | Limonna\",\"isPartOf\":{\"@id\":\"https:\\\/\\\/limonna.cl\\\/#website\"},\"primaryImageOfPage\":{\"@id\":\"https:\\\/\\\/limonna.cl\\\/producto\\\/acondicionador-para-perros-y-gatos-avellana-chilena\\\/#primaryimage\"},\"image\":{\"@id\":\"https:\\\/\\\/limonna.cl\\\/producto\\\/acondicionador-para-perros-y-gatos-avellana-chilena\\\/#primaryimage\"},\"thumbnailUrl\":\"https:\\\/\\\/limonna.cl\\\/wp-content\\\/uploads\\\/2024\\\/05\\\/Acondicionador-Limonna.jpg\",\"datePublished\":\"2023-07-26T02:49:35+00:00\",\"dateModified\":\"2026-04-08T21:31:27+00:00\",\"description\":\"Acondicionador bot\u00e1nico para perros y gatos. Nutre y suaviza el pelaje con ingredientesnaturales. Hecho en Chile por Limonna.\",\"breadcrumb\":{\"@id\":\"https:\\\/\\\/limonna.cl\\\/producto\\\/acondicionador-para-perros-y-gatos-avellana-chilena\\\/#breadcrumb\"},\"inLanguage\":\"en-US\",\"potentialAction\":[{\"@type\":\"ReadAction\",\"target\":[\"https:\\\/\\\/limonna.cl\\\/producto\\\/acondicionador-para-perros-y-gatos-avellana-chilena\\\/\"]}]},{\"@type\":\"ImageObject\",\"inLanguage\":\"en-US\",\"@id\":\"https:\\\/\\\/limonna.cl\\\/producto\\\/acondicionador-para-perros-y-gatos-avellana-chilena\\\/#primaryimage\",\"url\":\"https:\\\/\\\/limonna.cl\\\/wp-content\\\/uploads\\\/2024\\\/05\\\/Acondicionador-Limonna.jpg\",\"contentUrl\":\"https:\\\/\\\/limonna.cl\\\/wp-content\\\/uploads\\\/2024\\\/05\\\/Acondicionador-Limonna.jpg\",\"width\":1000,\"height\":1000,\"caption\":\"acondicionador para mascotas natural Limonna\"},{\"@type\":\"BreadcrumbList\",\"@id\":\"https:\\\/\\\/limonna.cl\\\/producto\\\/acondicionador-para-perros-y-gatos-avellana-chilena\\\/#breadcrumb\",\"itemListElement\":[{\"@type\":\"ListItem\",\"position\":1,\"name\":\"Portada\",\"item\":\"https:\\\/\\\/limonna.cl\\\/\"},{\"@type\":\"ListItem\",\"position\":2,\"name\":\"Boutique\",\"item\":\"https:\\\/\\\/limonna.cl\\\/shop\\\/\"},{\"@type\":\"ListItem\",\"position\":3,\"name\":\"Acondicionador para perros y gatos Avellana Chilena\"}]},{\"@type\":\"WebSite\",\"@id\":\"https:\\\/\\\/limonna.cl\\\/#website\",\"url\":\"https:\\\/\\\/limonna.cl\\\/\",\"name\":\"Limonna | Plant based magic for pets\",\"description\":\"Plant - based magic for pets\",\"publisher\":{\"@id\":\"https:\\\/\\\/limonna.cl\\\/#organization\"},\"potentialAction\":[{\"@type\":\"SearchAction\",\"target\":{\"@type\":\"EntryPoint\",\"urlTemplate\":\"https:\\\/\\\/limonna.cl\\\/?s={search_term_string}\"},\"query-input\":{\"@type\":\"PropertyValueSpecification\",\"valueRequired\":true,\"valueName\":\"search_term_string\"}}],\"inLanguage\":\"en-US\"},{\"@type\":\"Organization\",\"@id\":\"https:\\\/\\\/limonna.cl\\\/#organization\",\"name\":\"Limonna\",\"url\":\"https:\\\/\\\/limonna.cl\\\/\",\"logo\":{\"@type\":\"ImageObject\",\"inLanguage\":\"en-US\",\"@id\":\"https:\\\/\\\/limonna.cl\\\/#\\\/schema\\\/logo\\\/image\\\/\",\"url\":\"https:\\\/\\\/limonna.cl\\\/wp-content\\\/uploads\\\/2023\\\/07\\\/logo-limonna-final-negro_Mesa-de-trabajo-1-copia-2.png\",\"contentUrl\":\"https:\\\/\\\/limonna.cl\\\/wp-content\\\/uploads\\\/2023\\\/07\\\/logo-limonna-final-negro_Mesa-de-trabajo-1-copia-2.png\",\"width\":3508,\"height\":2481,\"caption\":\"Limonna\"},\"image\":{\"@id\":\"https:\\\/\\\/limonna.cl\\\/#\\\/schema\\\/logo\\\/image\\\/\"},\"sameAs\":[\"https:\\\/\\\/www.facebook.com\\\/limonna.cl\",\"https:\\\/\\\/www.instagram.com\\\/limonna.cl\\\/\",\"https:\\\/\\\/www.linkedin.com\\\/company\\\/limonna\\\/\"]}]}<\/script>\n<!-- \/ Yoast SEO plugin. -->","yoast_head_json":{"title":"Acondicionador para mascotas en Chile | Limonna","description":"Acondicionador bot\u00e1nico para perros y gatos. Nutre y suaviza el pelaje con ingredientesnaturales. Hecho en Chile por Limonna.","robots":{"index":"index","follow":"follow","max-snippet":"max-snippet:-1","max-image-preview":"max-image-preview:large","max-video-preview":"max-video-preview:-1"},"canonical":"https:\/\/limonna.cl\/en\/product\/acondicionador-para-perros-y-gatos-avellana-chilena\/","og_locale":"en_US","og_type":"article","og_title":"Acondicionador para mascotas en Chile | Limonna","og_description":"Acondicionador bot\u00e1nico para perros y gatos. Nutre y suaviza el pelaje con ingredientesnaturales. Hecho en Chile por Limonna.","og_url":"https:\/\/limonna.cl\/en\/product\/acondicionador-para-perros-y-gatos-avellana-chilena\/","og_site_name":"Limonna e-boutique","article_publisher":"https:\/\/www.facebook.com\/limonna.cl","article_modified_time":"2026-04-08T21:31:27+00:00","og_image":[{"width":1000,"height":1000,"url":"https:\/\/limonna.cl\/wp-content\/uploads\/2024\/05\/Acondicionador-Limonna.jpg","type":"image\/jpeg"}],"twitter_card":"summary_large_image","twitter_misc":{"Est. reading time":"2 minutes"},"schema":{"@context":"https:\/\/schema.org","@graph":[{"@type":"WebPage","@id":"https:\/\/limonna.cl\/producto\/acondicionador-para-perros-y-gatos-avellana-chilena\/","url":"https:\/\/limonna.cl\/producto\/acondicionador-para-perros-y-gatos-avellana-chilena\/","name":"Acondicionador para mascotas en Chile | Limonna","isPartOf":{"@id":"https:\/\/limonna.cl\/#website"},"primaryImageOfPage":{"@id":"https:\/\/limonna.cl\/producto\/acondicionador-para-perros-y-gatos-avellana-chilena\/#primaryimage"},"image":{"@id":"https:\/\/limonna.cl\/producto\/acondicionador-para-perros-y-gatos-avellana-chilena\/#primaryimage"},"thumbnailUrl":"https:\/\/limonna.cl\/wp-content\/uploads\/2024\/05\/Acondicionador-Limonna.jpg","datePublished":"2023-07-26T02:49:35+00:00","dateModified":"2026-04-08T21:31:27+00:00","description":"Acondicionador bot\u00e1nico para perros y gatos. Nutre y suaviza el pelaje con ingredientesnaturales. Hecho en Chile por Limonna.","breadcrumb":{"@id":"https:\/\/limonna.cl\/producto\/acondicionador-para-perros-y-gatos-avellana-chilena\/#breadcrumb"},"inLanguage":"en-US","potentialAction":[{"@type":"ReadAction","target":["https:\/\/limonna.cl\/producto\/acondicionador-para-perros-y-gatos-avellana-chilena\/"]}]},{"@type":"ImageObject","inLanguage":"en-US","@id":"https:\/\/limonna.cl\/producto\/acondicionador-para-perros-y-gatos-avellana-chilena\/#primaryimage","url":"https:\/\/limonna.cl\/wp-content\/uploads\/2024\/05\/Acondicionador-Limonna.jpg","contentUrl":"https:\/\/limonna.cl\/wp-content\/uploads\/2024\/05\/Acondicionador-Limonna.jpg","width":1000,"height":1000,"caption":"acondicionador para mascotas natural Limonna"},{"@type":"BreadcrumbList","@id":"https:\/\/limonna.cl\/producto\/acondicionador-para-perros-y-gatos-avellana-chilena\/#breadcrumb","itemListElement":[{"@type":"ListItem","position":1,"name":"Portada","item":"https:\/\/limonna.cl\/"},{"@type":"ListItem","position":2,"name":"Boutique","item":"https:\/\/limonna.cl\/shop\/"},{"@type":"ListItem","position":3,"name":"Acondicionador para perros y gatos Avellana Chilena"}]},{"@type":"WebSite","@id":"https:\/\/limonna.cl\/#website","url":"https:\/\/limonna.cl\/","name":"Limonna | Plant based magic for pets","description":"Plant - based magic for pets","publisher":{"@id":"https:\/\/limonna.cl\/#organization"},"potentialAction":[{"@type":"SearchAction","target":{"@type":"EntryPoint","urlTemplate":"https:\/\/limonna.cl\/?s={search_term_string}"},"query-input":{"@type":"PropertyValueSpecification","valueRequired":true,"valueName":"search_term_string"}}],"inLanguage":"en-US"},{"@type":"Organization","@id":"https:\/\/limonna.cl\/#organization","name":"Limonna","url":"https:\/\/limonna.cl\/","logo":{"@type":"ImageObject","inLanguage":"en-US","@id":"https:\/\/limonna.cl\/#\/schema\/logo\/image\/","url":"https:\/\/limonna.cl\/wp-content\/uploads\/2023\/07\/logo-limonna-final-negro_Mesa-de-trabajo-1-copia-2.png","contentUrl":"https:\/\/limonna.cl\/wp-content\/uploads\/2023\/07\/logo-limonna-final-negro_Mesa-de-trabajo-1-copia-2.png","width":3508,"height":2481,"caption":"Limonna"},"image":{"@id":"https:\/\/limonna.cl\/#\/schema\/logo\/image\/"},"sameAs":["https:\/\/www.facebook.com\/limonna.cl","https:\/\/www.instagram.com\/limonna.cl\/","https:\/\/www.linkedin.com\/company\/limonna\/"]}]}},"_links":{"self":[{"href":"https:\/\/limonna.cl\/en\/wp-json\/wp\/v2\/product\/12","targetHints":{"allow":["GET"]}}],"collection":[{"href":"https:\/\/limonna.cl\/en\/wp-json\/wp\/v2\/product"}],"about":[{"href":"https:\/\/limonna.cl\/en\/wp-json\/wp\/v2\/types\/product"}],"replies":[{"embeddable":true,"href":"https:\/\/limonna.cl\/en\/wp-json\/wp\/v2\/comments?post=12"}],"wp:featuredmedia":[{"embeddable":true,"href":"https:\/\/limonna.cl\/en\/wp-json\/wp\/v2\/media\/22281"}],"wp:attachment":[{"href":"https:\/\/limonna.cl\/en\/wp-json\/wp\/v2\/media?parent=12"}],"wp:term":[{"taxonomy":"product_brand","embeddable":true,"href":"https:\/\/limonna.cl\/en\/wp-json\/wp\/v2\/product_brand?post=12"},{"taxonomy":"product_cat","embeddable":true,"href":"https:\/\/limonna.cl\/en\/wp-json\/wp\/v2\/product_cat?post=12"},{"taxonomy":"product_tag","embeddable":true,"href":"https:\/\/limonna.cl\/en\/wp-json\/wp\/v2\/product_tag?post=12"}],"curies":[{"name":"wp","href":"https:\/\/api.w.org\/{rel}","templated":true}]}}