{"id":24743,"date":"2024-12-21T13:28:23","date_gmt":"2024-12-21T16:28:23","guid":{"rendered":"https:\/\/limonna.cl\/?page_id=24743"},"modified":"2025-03-17T15:53:45","modified_gmt":"2025-03-17T18:53:45","slug":"e-gift-card","status":"publish","type":"page","link":"https:\/\/limonna.cl\/en\/e-gift-card\/","title":{"rendered":"e &#8211; gift card"},"content":{"rendered":"<div data-elementor-type=\"wp-page\" data-elementor-id=\"24743\" class=\"elementor elementor-24743\">\n\t\t\t\t<div class=\"elementor-element elementor-element-ba939ae e-flex e-con-boxed e-con e-parent\" data-id=\"ba939ae\" data-element_type=\"container\" data-e-type=\"container\">\n\t\t\t\t\t<div class=\"e-con-inner\">\n\t\t\t\t<div class=\"elementor-element elementor-element-6cbb929 elementor-widget elementor-widget-heading\" data-id=\"6cbb929\" data-element_type=\"widget\" data-e-type=\"widget\" data-widget_type=\"heading.default\">\n\t\t\t\t\t<h6 class=\"elementor-heading-title elementor-size-default\">Terms and conditions<\/h6>\t\t\t\t<\/div>\n\t\t\t\t<div class=\"elementor-element elementor-element-0ca7766 elementor-widget elementor-widget-spacer\" data-id=\"0ca7766\" data-element_type=\"widget\" data-e-type=\"widget\" data-widget_type=\"spacer.default\">\n\t\t\t\t\t\t\t<div class=\"elementor-spacer\">\n\t\t\t<div class=\"elementor-spacer-inner\"><\/div>\n\t\t<\/div>\n\t\t\t\t\t\t<\/div>\n\t\t\t\t\t<\/div>\n\t\t\t\t<\/div>\n\t\t<div class=\"elementor-element elementor-element-dada7f1 e-flex e-con-boxed e-con e-parent\" data-id=\"dada7f1\" data-element_type=\"container\" data-e-type=\"container\">\n\t\t\t\t\t<div class=\"e-con-inner\">\n\t\t\t\t<div class=\"elementor-element elementor-element-99277f9 elementor-widget elementor-widget-text-editor\" data-id=\"99277f9\" data-element_type=\"widget\" data-e-type=\"widget\" data-widget_type=\"text-editor.default\">\n\t\t\t\t\t\t\t\t\t<p>Limonna e-gift cards are a digital product that can only be redeemed or used for purchases in our e-boutique, for a period of up to 3 months from the date of purchase.<br \/>Las e &#8211; gift cards Limonna, no pueden ser canjeadas por dinero.<br \/>The buyer of the e-gift card will receive the tax document or receipt for his\/her purchase via email. The user or recipient of the e-gift card will only receive a tax document or receipt if the exchange requires an extra payment.\u00a0<\/p><p>To inform you about details of <a href=\"https:\/\/limonna.cl\/en\/envios\/\">shipping<\/a>, <a href=\"https:\/\/limonna.cl\/en\/devoluciones-y-cambios\/\">returns<\/a> y <a href=\"https:\/\/limonna.cl\/en\/terminos-de-uso\/\">terms of use<\/a>, visit the respective pages in our footer menu.<\/p>\t\t\t\t\t\t\t\t<\/div>\n\t\t\t\t<div class=\"elementor-element elementor-element-ec98a69 elementor-widget elementor-widget-spacer\" data-id=\"ec98a69\" data-element_type=\"widget\" data-e-type=\"widget\" data-widget_type=\"spacer.default\">\n\t\t\t\t\t\t\t<div class=\"elementor-spacer\">\n\t\t\t<div class=\"elementor-spacer-inner\"><\/div>\n\t\t<\/div>\n\t\t\t\t\t\t<\/div>\n\t\t\t\t\t<\/div>\n\t\t\t\t<\/div>\n\t\t<div class=\"elementor-element elementor-element-a995917 e-flex e-con-boxed e-con e-parent\" data-id=\"a995917\" data-element_type=\"container\" data-e-type=\"container\">\n\t\t\t\t\t<div class=\"e-con-inner\">\n\t\t\t\t<div class=\"elementor-element elementor-element-983a342 elementor-widget elementor-widget-heading\" data-id=\"983a342\" data-element_type=\"widget\" data-e-type=\"widget\" data-widget_type=\"heading.default\">\n\t\t\t\t\t<h6 class=\"elementor-heading-title elementor-size-default\">Balance and expiration<\/h6>\t\t\t\t<\/div>\n\t\t\t\t\t<\/div>\n\t\t\t\t<\/div>\n\t\t<div class=\"elementor-element elementor-element-62192c9 e-flex e-con-boxed e-con e-parent\" data-id=\"62192c9\" data-element_type=\"container\" data-e-type=\"container\">\n\t\t\t\t\t<div class=\"e-con-inner\">\n\t\t\t\t<div class=\"elementor-element elementor-element-994cd05 elementor-widget elementor-widget-spacer\" data-id=\"994cd05\" data-element_type=\"widget\" data-e-type=\"widget\" data-widget_type=\"spacer.default\">\n\t\t\t\t\t\t\t<div class=\"elementor-spacer\">\n\t\t\t<div class=\"elementor-spacer-inner\"><\/div>\n\t\t<\/div>\n\t\t\t\t\t\t<\/div>\n\t\t\t\t<div class=\"elementor-element elementor-element-be0cc8e elementor-widget elementor-widget-text-editor\" data-id=\"be0cc8e\" data-element_type=\"widget\" data-e-type=\"widget\" data-widget_type=\"text-editor.default\">\n\t\t\t\t\t\t\t\t\t<p>If you have an e-gift card and want to know the remaining balance and its validity, just add its number at check out.<\/p><p>You can also ask us directly in our chat during our business hours.<\/p><p>\u00a0<\/p>\t\t\t\t\t\t\t\t<\/div>\n\t\t\t\t\t<\/div>\n\t\t\t\t<\/div>\n\t\t<div class=\"elementor-element elementor-element-9a65e1a e-flex e-con-boxed e-con e-parent\" data-id=\"9a65e1a\" data-element_type=\"container\" data-e-type=\"container\">\n\t\t\t\t\t<div class=\"e-con-inner\">\n\t\t\t\t<div class=\"elementor-element elementor-element-60ebe2f elementor-widget elementor-widget-heading\" data-id=\"60ebe2f\" data-element_type=\"widget\" data-e-type=\"widget\" data-widget_type=\"heading.default\">\n\t\t\t\t\t<h6 class=\"elementor-heading-title elementor-size-default\">Using the e-gift card<\/h6>\t\t\t\t<\/div>\n\t\t\t\t<div class=\"elementor-element elementor-element-1d667bd elementor-widget elementor-widget-spacer\" data-id=\"1d667bd\" data-element_type=\"widget\" data-e-type=\"widget\" data-widget_type=\"spacer.default\">\n\t\t\t\t\t\t\t<div class=\"elementor-spacer\">\n\t\t\t<div class=\"elementor-spacer-inner\"><\/div>\n\t\t<\/div>\n\t\t\t\t\t\t<\/div>\n\t\t\t\t\t<\/div>\n\t\t\t\t<\/div>\n\t\t<div class=\"elementor-element elementor-element-bdc78ea e-flex e-con-boxed e-con e-parent\" data-id=\"bdc78ea\" data-element_type=\"container\" data-e-type=\"container\">\n\t\t\t\t\t<div class=\"e-con-inner\">\n\t\t\t\t<div class=\"elementor-element elementor-element-9ff7f1a elementor-widget elementor-widget-text-editor\" data-id=\"9ff7f1a\" data-element_type=\"widget\" data-e-type=\"widget\" data-widget_type=\"text-editor.default\">\n\t\t\t\t\t\t\t\t\t<p>There are two ways to redeem or use your e-gift card. The first way is by clicking on the \u201credeem\u201d button in the email that arrived in your inbox. You will be redirected to our e-boutique, where you will only have to choose the products you want and go through the check out to enter your shipping address (the coupon is entered automatically). The second way is by manually entering your e-gift card number at check out (the number is in the email we sent to your inbox).<\/p><p>If the total amount of your purchase exceeds the balance of your e-gift card, you will be required to pay the difference.<\/p><p>\u00a0<\/p>\t\t\t\t\t\t\t\t<\/div>\n\t\t\t\t\t<\/div>\n\t\t\t\t<\/div>\n\t\t\t\t<\/div>","protected":false},"excerpt":{"rendered":"<p>T\u00e9rminos y condiciones Las e &#8211; gift cards Limonna, son un producto digital, que s\u00f3lo puede ser canjeado o usado en compras en nuestra e-boutique, por un per\u00edodo de hasta 3 meses a partir de su fecha de compra.Las e &#8211; gift cards Limonna, no pueden ser canjeadas por dinero.El comprador de la e &#8211; [&hellip;]<\/p>\n","protected":false},"author":1,"featured_media":0,"parent":0,"menu_order":0,"comment_status":"closed","ping_status":"closed","template":"","meta":{"_editorskit_title_hidden":false,"_editorskit_reading_time":0,"_editorskit_is_block_options_detached":false,"_editorskit_block_options_position":"{}","_crdt_document":"","inline_featured_image":false,"iawp_total_views":8,"footnotes":""},"class_list":["post-24743","page","type-page","status-publish","hentry"],"yoast_head":"<!-- This site is optimized with the Yoast SEO plugin v27.4 - https:\/\/yoast.com\/product\/yoast-seo-wordpress\/ -->\n<title>e - gift card | Limonna e-boutique<\/title>\n<meta name=\"robots\" content=\"index, follow, max-snippet:-1, max-image-preview:large, max-video-preview:-1\" \/>\n<link rel=\"canonical\" href=\"https:\/\/limonna.cl\/en\/e-gift-card\/\" \/>\n<meta property=\"og:locale\" content=\"en_US\" \/>\n<meta property=\"og:type\" content=\"article\" \/>\n<meta property=\"og:title\" content=\"e - gift card | Limonna e-boutique\" \/>\n<meta property=\"og:description\" content=\"T\u00e9rminos y condiciones Las e &#8211; gift cards Limonna, son un producto digital, que s\u00f3lo puede ser canjeado o usado en compras en nuestra e-boutique, por un per\u00edodo de hasta 3 meses a partir de su fecha de compra.Las e &#8211; gift cards Limonna, no pueden ser canjeadas por dinero.El comprador de la e &#8211; [&hellip;]\" \/>\n<meta property=\"og:url\" content=\"https:\/\/limonna.cl\/en\/e-gift-card\/\" \/>\n<meta property=\"og:site_name\" content=\"Limonna e-boutique\" \/>\n<meta property=\"article:publisher\" content=\"https:\/\/www.facebook.com\/limonna.cl\" \/>\n<meta property=\"article:modified_time\" content=\"2025-03-17T18:53:45+00:00\" \/>\n<meta name=\"twitter:card\" content=\"summary_large_image\" \/>\n<meta name=\"twitter:label1\" content=\"Est. reading time\" \/>\n\t<meta name=\"twitter:data1\" content=\"2 minutes\" \/>\n<script type=\"application\/ld+json\" class=\"yoast-schema-graph\">{\"@context\":\"https:\\\/\\\/schema.org\",\"@graph\":[{\"@type\":\"WebPage\",\"@id\":\"https:\\\/\\\/limonna.cl\\\/e-gift-card\\\/\",\"url\":\"https:\\\/\\\/limonna.cl\\\/e-gift-card\\\/\",\"name\":\"e - gift card | Limonna e-boutique\",\"isPartOf\":{\"@id\":\"https:\\\/\\\/limonna.cl\\\/#website\"},\"datePublished\":\"2024-12-21T16:28:23+00:00\",\"dateModified\":\"2025-03-17T18:53:45+00:00\",\"breadcrumb\":{\"@id\":\"https:\\\/\\\/limonna.cl\\\/e-gift-card\\\/#breadcrumb\"},\"inLanguage\":\"en-US\",\"potentialAction\":[{\"@type\":\"ReadAction\",\"target\":[\"https:\\\/\\\/limonna.cl\\\/e-gift-card\\\/\"]}]},{\"@type\":\"BreadcrumbList\",\"@id\":\"https:\\\/\\\/limonna.cl\\\/e-gift-card\\\/#breadcrumb\",\"itemListElement\":[{\"@type\":\"ListItem\",\"position\":1,\"name\":\"Portada\",\"item\":\"https:\\\/\\\/limonna.cl\\\/\"},{\"@type\":\"ListItem\",\"position\":2,\"name\":\"e &#8211; gift card\"}]},{\"@type\":\"WebSite\",\"@id\":\"https:\\\/\\\/limonna.cl\\\/#website\",\"url\":\"https:\\\/\\\/limonna.cl\\\/\",\"name\":\"Limonna | Plant based magic for pets\",\"description\":\"Plant - based magic for pets\",\"publisher\":{\"@id\":\"https:\\\/\\\/limonna.cl\\\/#organization\"},\"potentialAction\":[{\"@type\":\"SearchAction\",\"target\":{\"@type\":\"EntryPoint\",\"urlTemplate\":\"https:\\\/\\\/limonna.cl\\\/?s={search_term_string}\"},\"query-input\":{\"@type\":\"PropertyValueSpecification\",\"valueRequired\":true,\"valueName\":\"search_term_string\"}}],\"inLanguage\":\"en-US\"},{\"@type\":\"Organization\",\"@id\":\"https:\\\/\\\/limonna.cl\\\/#organization\",\"name\":\"Limonna\",\"url\":\"https:\\\/\\\/limonna.cl\\\/\",\"logo\":{\"@type\":\"ImageObject\",\"inLanguage\":\"en-US\",\"@id\":\"https:\\\/\\\/limonna.cl\\\/#\\\/schema\\\/logo\\\/image\\\/\",\"url\":\"https:\\\/\\\/limonna.cl\\\/wp-content\\\/uploads\\\/2023\\\/07\\\/logo-limonna-final-negro_Mesa-de-trabajo-1-copia-2.png\",\"contentUrl\":\"https:\\\/\\\/limonna.cl\\\/wp-content\\\/uploads\\\/2023\\\/07\\\/logo-limonna-final-negro_Mesa-de-trabajo-1-copia-2.png\",\"width\":3508,\"height\":2481,\"caption\":\"Limonna\"},\"image\":{\"@id\":\"https:\\\/\\\/limonna.cl\\\/#\\\/schema\\\/logo\\\/image\\\/\"},\"sameAs\":[\"https:\\\/\\\/www.facebook.com\\\/limonna.cl\",\"https:\\\/\\\/www.instagram.com\\\/limonna.cl\\\/\",\"https:\\\/\\\/www.linkedin.com\\\/company\\\/limonna\\\/\"]}]}<\/script>\n<!-- \/ Yoast SEO plugin. -->","yoast_head_json":{"title":"e - gift card | Limonna e-boutique","robots":{"index":"index","follow":"follow","max-snippet":"max-snippet:-1","max-image-preview":"max-image-preview:large","max-video-preview":"max-video-preview:-1"},"canonical":"https:\/\/limonna.cl\/en\/e-gift-card\/","og_locale":"en_US","og_type":"article","og_title":"e - gift card | Limonna e-boutique","og_description":"T\u00e9rminos y condiciones Las e &#8211; gift cards Limonna, son un producto digital, que s\u00f3lo puede ser canjeado o usado en compras en nuestra e-boutique, por un per\u00edodo de hasta 3 meses a partir de su fecha de compra.Las e &#8211; gift cards Limonna, no pueden ser canjeadas por dinero.El comprador de la e &#8211; [&hellip;]","og_url":"https:\/\/limonna.cl\/en\/e-gift-card\/","og_site_name":"Limonna e-boutique","article_publisher":"https:\/\/www.facebook.com\/limonna.cl","article_modified_time":"2025-03-17T18:53:45+00:00","twitter_card":"summary_large_image","twitter_misc":{"Est. reading time":"2 minutes"},"schema":{"@context":"https:\/\/schema.org","@graph":[{"@type":"WebPage","@id":"https:\/\/limonna.cl\/e-gift-card\/","url":"https:\/\/limonna.cl\/e-gift-card\/","name":"e - gift card | Limonna e-boutique","isPartOf":{"@id":"https:\/\/limonna.cl\/#website"},"datePublished":"2024-12-21T16:28:23+00:00","dateModified":"2025-03-17T18:53:45+00:00","breadcrumb":{"@id":"https:\/\/limonna.cl\/e-gift-card\/#breadcrumb"},"inLanguage":"en-US","potentialAction":[{"@type":"ReadAction","target":["https:\/\/limonna.cl\/e-gift-card\/"]}]},{"@type":"BreadcrumbList","@id":"https:\/\/limonna.cl\/e-gift-card\/#breadcrumb","itemListElement":[{"@type":"ListItem","position":1,"name":"Portada","item":"https:\/\/limonna.cl\/"},{"@type":"ListItem","position":2,"name":"e &#8211; gift card"}]},{"@type":"WebSite","@id":"https:\/\/limonna.cl\/#website","url":"https:\/\/limonna.cl\/","name":"Limonna | Plant based magic for pets","description":"Plant - based magic for pets","publisher":{"@id":"https:\/\/limonna.cl\/#organization"},"potentialAction":[{"@type":"SearchAction","target":{"@type":"EntryPoint","urlTemplate":"https:\/\/limonna.cl\/?s={search_term_string}"},"query-input":{"@type":"PropertyValueSpecification","valueRequired":true,"valueName":"search_term_string"}}],"inLanguage":"en-US"},{"@type":"Organization","@id":"https:\/\/limonna.cl\/#organization","name":"Limonna","url":"https:\/\/limonna.cl\/","logo":{"@type":"ImageObject","inLanguage":"en-US","@id":"https:\/\/limonna.cl\/#\/schema\/logo\/image\/","url":"https:\/\/limonna.cl\/wp-content\/uploads\/2023\/07\/logo-limonna-final-negro_Mesa-de-trabajo-1-copia-2.png","contentUrl":"https:\/\/limonna.cl\/wp-content\/uploads\/2023\/07\/logo-limonna-final-negro_Mesa-de-trabajo-1-copia-2.png","width":3508,"height":2481,"caption":"Limonna"},"image":{"@id":"https:\/\/limonna.cl\/#\/schema\/logo\/image\/"},"sameAs":["https:\/\/www.facebook.com\/limonna.cl","https:\/\/www.instagram.com\/limonna.cl\/","https:\/\/www.linkedin.com\/company\/limonna\/"]}]}},"_links":{"self":[{"href":"https:\/\/limonna.cl\/en\/wp-json\/wp\/v2\/pages\/24743","targetHints":{"allow":["GET"]}}],"collection":[{"href":"https:\/\/limonna.cl\/en\/wp-json\/wp\/v2\/pages"}],"about":[{"href":"https:\/\/limonna.cl\/en\/wp-json\/wp\/v2\/types\/page"}],"author":[{"embeddable":true,"href":"https:\/\/limonna.cl\/en\/wp-json\/wp\/v2\/users\/1"}],"replies":[{"embeddable":true,"href":"https:\/\/limonna.cl\/en\/wp-json\/wp\/v2\/comments?post=24743"}],"version-history":[{"count":10,"href":"https:\/\/limonna.cl\/en\/wp-json\/wp\/v2\/pages\/24743\/revisions"}],"predecessor-version":[{"id":24757,"href":"https:\/\/limonna.cl\/en\/wp-json\/wp\/v2\/pages\/24743\/revisions\/24757"}],"wp:attachment":[{"href":"https:\/\/limonna.cl\/en\/wp-json\/wp\/v2\/media?parent=24743"}],"curies":[{"name":"wp","href":"https:\/\/api.w.org\/{rel}","templated":true}]}}