{"id":22771,"date":"2024-05-19T12:19:19","date_gmt":"2024-05-19T16:19:19","guid":{"rendered":"https:\/\/limonna.cl\/?page_id=22771"},"modified":"2026-01-12T13:17:22","modified_gmt":"2026-01-12T16:17:22","slug":"terminos-de-uso","status":"publish","type":"page","link":"https:\/\/limonna.cl\/en\/terminos-de-uso\/","title":{"rendered":"Terms of use"},"content":{"rendered":"<div data-elementor-type=\"wp-page\" data-elementor-id=\"22771\" class=\"elementor elementor-22771\">\n\t\t\t\t<div class=\"elementor-element elementor-element-5ef15497 e-flex e-con-boxed e-con e-parent\" data-id=\"5ef15497\" data-element_type=\"container\" data-e-type=\"container\">\n\t\t\t\t\t<div class=\"e-con-inner\">\n\t\t\t\t<div class=\"elementor-element elementor-element-3d73274f elementor-widget elementor-widget-text-editor\" data-id=\"3d73274f\" data-element_type=\"widget\" data-e-type=\"widget\" data-widget_type=\"text-editor.default\">\n\t\t\t\t\t\t\t\t\t<p>This page contains the terms and conditions. Please read them carefully before ordering our products. You should understand that by ordering any of our products, you agree to be bound by these terms and conditions.<\/p>\n<p><!-- \/wp:paragraph --><!-- wp:paragraph --><\/p>\n<p>Al realizar un pedido en Limonna SpA, garantizas que tienes al menos 18 a\u00f1os\/ 21 a\u00f1os ( eres mayor de edad o tienes el permiso de tus padres \/ tutores para comprar) y aceptas estos t\u00e9rminos y condiciones que se aplicar\u00e1n a todos las compras realizadas a Limonna SpA. Ninguno de estos t\u00e9rminos y condiciones afecta sus derechos legales. Ning\u00fan otro t\u00e9rmino o cambio en los t\u00e9rminos y condiciones ser\u00e1 vinculante a menos que se haya acordado por escrito y firmado por nosotros.<\/p>\n<p><!-- \/wp:paragraph --><!-- wp:paragraph --><\/p>\n<p><strong>Personal information<\/strong><\/p>\n<p><!-- \/wp:paragraph --><!-- wp:paragraph --><\/p>\n<p>All personal information that you provide to us or that we obtain will be handled by Limonna SpA as the controller of the personal information. The personal information you provide will be used to guarantee deliveries to you and to provide you with offers and information in our catalogue. The information you provide is only available to Limonna SpA and will not be shared with third parties.<\/p>\n<p><!-- \/wp:paragraph --><!-- wp:paragraph --><\/p>\n<p><strong>Disclaimer<\/strong><\/p>\n<p><!-- \/wp:paragraph --><!-- wp:paragraph --><\/p>\n<p>Eventos fuera del control de\u00a0Limonna SpA, que no son razonablemente previsibles, ser\u00e1n considerados fuerza mayor. Lo que significa que\u00a0Limonna SpA\u00a0se libera de las obligaciones\u00a0 que debe cumplir con los acuerdos contractuales. Ejemplo de tales eventos son acci\u00f3n del gobierno u omisi\u00f3n, legislaci\u00f3n nueva o enmendada, conflicto, embargo, incendio o inundaci\u00f3n, sabotaje, accidente, guerra, desastres naturales, huelgas o falta de entrega por parte de los proveedores. La fuerza mayor tambi\u00e9n incluye las decisiones del gobierno que afectan negativamente al mercado y los productos, por ejemplo, restricciones, advertencias, prohibici\u00f3n, etc.<\/p>\n<p><!-- \/wp:paragraph --><!-- wp:paragraph --><\/p>\n<p><strong>Pay<\/strong><\/p>\n<p><!-- \/wp:paragraph --><!-- wp:paragraph --><\/p>\n<p>Todos los productos son propiedad de\u00a0Limonna SpA\u00a0hasta que se realice el pago completo. El precio aplicable es el establecido en la fecha en que realiza su pedido. Los gastos de env\u00edo y las tarifas de pago se reconocen antes de confirmar la compra. Si tienes menos de 18 a\u00f1os, debes tener permiso de los padres para comprar en\u00a0Limonna SpA.<\/p>\n<p><!-- \/wp:paragraph --><!-- wp:paragraph --><\/p>\n<p>Todas las transferencias realizadas a trav\u00e9s de Limonna SpA se manejan y se tramitan a trav\u00e9s de puertas de enlace dedicadas de terceros para garantizar su protecci\u00f3n. La informaci\u00f3n de la tarjeta no se almacena en nuestra web y es manejada por Transbank (Webpay plus) \/ Mercado pago. Lea los t\u00e9rminos y condiciones de la pasarela de pago elegida para la transacci\u00f3n ya que son responsables de las transacciones realizadas.<\/p>\n<p><!-- \/wp:paragraph --><!-- wp:spacer --><!-- \/wp:spacer --><!-- wp:paragraph --><\/p>\n<p><strong>Payment Methods<\/strong><\/p>\n<p><span style=\"text-align: var(--text-align); background-color: var(--loobek-main-bg); color: var(--loobek-text-color); font-family: var(--loobek-main-font); font-size: var(--loobek-main-font-size); font-weight: var(--loobek-main-font-weight); letter-spacing: var(--loobek-main-letter-spacing);\">National purchases (Chile): bank transfer and debit, credit and prepaid cards through Webpay plus (Transbank) or Mercado pago.<br \/><\/span><span style=\"background-color: var(--loobek-main-bg); color: var(--loobek-text-color); font-family: var(--loobek-main-font); font-size: var(--loobek-main-font-size); font-weight: var(--loobek-main-font-weight); letter-spacing: var(--loobek-main-letter-spacing); text-align: var(--text-align);\">International purchases: Visa, Mastercard and American Express cards through Webpay plus (Transbank) or Mercado pago.<br \/><\/span><span style=\"text-align: var(--text-align); background-color: var(--loobek-main-bg); color: var(--loobek-text-color); font-family: var(--loobek-main-font); font-size: var(--loobek-main-font-size); font-weight: var(--loobek-main-font-weight); letter-spacing: var(--loobek-main-letter-spacing);\">The published values \u200b\u200bof our products and shipping costs are in Chilean pesos ($ CLP). In the case of international purchases, you will be charged in that same currency and it will appear in your bank as an international purchase.<br \/>Si compras desde fuera de Chile, nota por favor que nuestras tarifas no incluyen gastos de aduana ni impuestos.<\/span><\/p>\n<p><!-- \/wp:list-item --><\/p>\n<p><!-- \/wp:list --><!-- wp:paragraph --><\/p>\n<p><strong>Legal waiver<\/strong><\/p>\n<p><span style=\"text-align: var(--text-align); background-color: var(--loobek-main-bg); color: var(--loobek-text-color); font-family: var(--loobek-main-font); font-size: var(--loobek-main-font-size); font-weight: var(--loobek-main-font-weight); letter-spacing: var(--loobek-main-letter-spacing);\">Our products are a grooming aid, not a medication. It is not its intention or purpose to diagnose, treat, cure or prevent any disease.<br \/><\/span><span style=\"text-align: var(--text-align); background-color: var(--loobek-main-bg); color: var(--loobek-text-color); font-family: var(--loobek-main-font); font-size: var(--loobek-main-font-size); font-weight: var(--loobek-main-font-weight); letter-spacing: var(--loobek-main-letter-spacing);\">Our products are not intended to replace normal treatment prescribed by a qualified professional. Always seek the advice of a veterinary medical professional before changing or discontinuing any prescribed treatment.<br \/><\/span><span style=\"text-align: var(--text-align); background-color: var(--loobek-main-bg); color: var(--loobek-text-color); font-family: var(--loobek-main-font); font-size: var(--loobek-main-font-size); font-weight: var(--loobek-main-font-weight); letter-spacing: var(--loobek-main-letter-spacing);\">The information provided refers to the properties of the specific ingredients used in our products. Please consult a medical professional for treatment of serious skin conditions.<\/span><\/p>\n<p><span style=\"text-align: var(--text-align); background-color: var(--loobek-main-bg); color: var(--loobek-text-color); font-family: var(--loobek-main-font); font-size: var(--loobek-main-font-size); font-weight: var(--loobek-main-font-weight); letter-spacing: var(--loobek-main-letter-spacing);\">Please note, that all our products are handmade in small quantities, some differences may occur naturally.<\/span><\/p>\n<p><span style=\"text-align: var(--text-align); background-color: var(--loobek-main-bg); color: var(--loobek-text-color); font-family: var(--loobek-main-font); font-size: var(--loobek-main-font-size); font-weight: var(--loobek-main-font-weight); letter-spacing: var(--loobek-main-letter-spacing);\">Es tu deber informarte de nuestras condiciones y pol\u00edticas de <a href=\"https:\/\/limonna.cl\/en\/privacy-policy\/\">privacidad<\/a>, <a href=\"https:\/\/limonna.cl\/en\/envios\/\">shipping<\/a>\u00a0y\u00a0<a href=\"https:\/\/limonna.cl\/en\/devoluciones-y-cambios\/\">devoluciones y cambios<\/a>\u00a0antes de comprar.<\/span><\/p>\n<p>\u00a0<\/p>\n<p><span style=\"text-align: var(--text-align); background-color: var(--loobek-main-bg); color: var(--loobek-text-color); font-family: var(--loobek-main-font); font-size: var(--loobek-main-font-size); font-weight: var(--loobek-main-font-weight); letter-spacing: var(--loobek-main-letter-spacing);\">\u00a0<\/span><\/p>\n<p><!-- \/wp:list-item --><\/p>\n<p><!-- \/wp:list --><\/p>\t\t\t\t\t\t\t\t<\/div>\n\t\t\t\t\t<\/div>\n\t\t\t\t<\/div>\n\t\t<div class=\"elementor-element elementor-element-d94ffe7 e-flex e-con-boxed e-con e-parent\" data-id=\"d94ffe7\" data-element_type=\"container\" data-e-type=\"container\">\n\t\t\t\t\t<div class=\"e-con-inner\">\n\t\t<div class=\"elementor-element elementor-element-df860d5 e-con-full e-flex e-con e-child\" data-id=\"df860d5\" data-element_type=\"container\" data-e-type=\"container\">\n\t\t\t\t<\/div>\n\t\t\t\t\t<\/div>\n\t\t\t\t<\/div>\n\t\t\t\t<\/div>","protected":false},"excerpt":{"rendered":"<p>Esta p\u00e1gina contiene los t\u00e9rminos y condiciones. L\u00e9alos detenidamente antes de pedir nuestros productos. Debe comprender que al solicitar cualquiera de nuestros productos, acepta estar sujeto a estos t\u00e9rminos y condiciones. Al realizar un pedido en Limonna SpA, garantizas que tienes al menos 18 a\u00f1os\/ 21 a\u00f1os ( eres mayor de edad o tienes el [&hellip;]<\/p>\n","protected":false},"author":1,"featured_media":0,"parent":0,"menu_order":0,"comment_status":"closed","ping_status":"closed","template":"","meta":{"_editorskit_title_hidden":false,"_editorskit_reading_time":0,"_editorskit_is_block_options_detached":false,"_editorskit_block_options_position":"{}","_crdt_document":"","inline_featured_image":false,"iawp_total_views":17,"footnotes":""},"class_list":["post-22771","page","type-page","status-publish","hentry"],"yoast_head":"<!-- This site is optimized with the Yoast SEO plugin v27.4 - https:\/\/yoast.com\/product\/yoast-seo-wordpress\/ -->\n<title>T\u00e9rminos de uso | Limonna e-boutique<\/title>\n<meta name=\"robots\" content=\"index, follow, max-snippet:-1, max-image-preview:large, max-video-preview:-1\" \/>\n<link rel=\"canonical\" href=\"https:\/\/limonna.cl\/en\/terminos-de-uso\/\" \/>\n<meta property=\"og:locale\" content=\"en_US\" \/>\n<meta property=\"og:type\" content=\"article\" \/>\n<meta property=\"og:title\" content=\"T\u00e9rminos de uso | Limonna e-boutique\" \/>\n<meta property=\"og:description\" content=\"Esta p\u00e1gina contiene los t\u00e9rminos y condiciones. L\u00e9alos detenidamente antes de pedir nuestros productos. Debe comprender que al solicitar cualquiera de nuestros productos, acepta estar sujeto a estos t\u00e9rminos y condiciones. Al realizar un pedido en Limonna SpA, garantizas que tienes al menos 18 a\u00f1os\/ 21 a\u00f1os ( eres mayor de edad o tienes el [&hellip;]\" \/>\n<meta property=\"og:url\" content=\"https:\/\/limonna.cl\/en\/terminos-de-uso\/\" \/>\n<meta property=\"og:site_name\" content=\"Limonna e-boutique\" \/>\n<meta property=\"article:publisher\" content=\"https:\/\/www.facebook.com\/limonna.cl\" \/>\n<meta property=\"article:modified_time\" content=\"2026-01-12T16:17:22+00:00\" \/>\n<meta name=\"twitter:card\" content=\"summary_large_image\" \/>\n<meta name=\"twitter:label1\" content=\"Est. reading time\" \/>\n\t<meta name=\"twitter:data1\" content=\"3 minutes\" \/>\n<script type=\"application\/ld+json\" class=\"yoast-schema-graph\">{\"@context\":\"https:\\\/\\\/schema.org\",\"@graph\":[{\"@type\":\"WebPage\",\"@id\":\"https:\\\/\\\/limonna.cl\\\/terminos-de-uso\\\/\",\"url\":\"https:\\\/\\\/limonna.cl\\\/terminos-de-uso\\\/\",\"name\":\"T\u00e9rminos de uso | Limonna e-boutique\",\"isPartOf\":{\"@id\":\"https:\\\/\\\/limonna.cl\\\/#website\"},\"datePublished\":\"2024-05-19T16:19:19+00:00\",\"dateModified\":\"2026-01-12T16:17:22+00:00\",\"breadcrumb\":{\"@id\":\"https:\\\/\\\/limonna.cl\\\/terminos-de-uso\\\/#breadcrumb\"},\"inLanguage\":\"en-US\",\"potentialAction\":[{\"@type\":\"ReadAction\",\"target\":[\"https:\\\/\\\/limonna.cl\\\/terminos-de-uso\\\/\"]}]},{\"@type\":\"BreadcrumbList\",\"@id\":\"https:\\\/\\\/limonna.cl\\\/terminos-de-uso\\\/#breadcrumb\",\"itemListElement\":[{\"@type\":\"ListItem\",\"position\":1,\"name\":\"Portada\",\"item\":\"https:\\\/\\\/limonna.cl\\\/\"},{\"@type\":\"ListItem\",\"position\":2,\"name\":\"T\u00e9rminos de uso\"}]},{\"@type\":\"WebSite\",\"@id\":\"https:\\\/\\\/limonna.cl\\\/#website\",\"url\":\"https:\\\/\\\/limonna.cl\\\/\",\"name\":\"Limonna | Plant based magic for pets\",\"description\":\"Plant - based magic for pets\",\"publisher\":{\"@id\":\"https:\\\/\\\/limonna.cl\\\/#organization\"},\"potentialAction\":[{\"@type\":\"SearchAction\",\"target\":{\"@type\":\"EntryPoint\",\"urlTemplate\":\"https:\\\/\\\/limonna.cl\\\/?s={search_term_string}\"},\"query-input\":{\"@type\":\"PropertyValueSpecification\",\"valueRequired\":true,\"valueName\":\"search_term_string\"}}],\"inLanguage\":\"en-US\"},{\"@type\":\"Organization\",\"@id\":\"https:\\\/\\\/limonna.cl\\\/#organization\",\"name\":\"Limonna\",\"url\":\"https:\\\/\\\/limonna.cl\\\/\",\"logo\":{\"@type\":\"ImageObject\",\"inLanguage\":\"en-US\",\"@id\":\"https:\\\/\\\/limonna.cl\\\/#\\\/schema\\\/logo\\\/image\\\/\",\"url\":\"https:\\\/\\\/limonna.cl\\\/wp-content\\\/uploads\\\/2023\\\/07\\\/logo-limonna-final-negro_Mesa-de-trabajo-1-copia-2.png\",\"contentUrl\":\"https:\\\/\\\/limonna.cl\\\/wp-content\\\/uploads\\\/2023\\\/07\\\/logo-limonna-final-negro_Mesa-de-trabajo-1-copia-2.png\",\"width\":3508,\"height\":2481,\"caption\":\"Limonna\"},\"image\":{\"@id\":\"https:\\\/\\\/limonna.cl\\\/#\\\/schema\\\/logo\\\/image\\\/\"},\"sameAs\":[\"https:\\\/\\\/www.facebook.com\\\/limonna.cl\",\"https:\\\/\\\/www.instagram.com\\\/limonna.cl\\\/\",\"https:\\\/\\\/www.linkedin.com\\\/company\\\/limonna\\\/\"]}]}<\/script>\n<!-- \/ Yoast SEO plugin. -->","yoast_head_json":{"title":"T\u00e9rminos de uso | Limonna e-boutique","robots":{"index":"index","follow":"follow","max-snippet":"max-snippet:-1","max-image-preview":"max-image-preview:large","max-video-preview":"max-video-preview:-1"},"canonical":"https:\/\/limonna.cl\/en\/terminos-de-uso\/","og_locale":"en_US","og_type":"article","og_title":"T\u00e9rminos de uso | Limonna e-boutique","og_description":"Esta p\u00e1gina contiene los t\u00e9rminos y condiciones. L\u00e9alos detenidamente antes de pedir nuestros productos. Debe comprender que al solicitar cualquiera de nuestros productos, acepta estar sujeto a estos t\u00e9rminos y condiciones. Al realizar un pedido en Limonna SpA, garantizas que tienes al menos 18 a\u00f1os\/ 21 a\u00f1os ( eres mayor de edad o tienes el [&hellip;]","og_url":"https:\/\/limonna.cl\/en\/terminos-de-uso\/","og_site_name":"Limonna e-boutique","article_publisher":"https:\/\/www.facebook.com\/limonna.cl","article_modified_time":"2026-01-12T16:17:22+00:00","twitter_card":"summary_large_image","twitter_misc":{"Est. reading time":"3 minutes"},"schema":{"@context":"https:\/\/schema.org","@graph":[{"@type":"WebPage","@id":"https:\/\/limonna.cl\/terminos-de-uso\/","url":"https:\/\/limonna.cl\/terminos-de-uso\/","name":"T\u00e9rminos de uso | Limonna e-boutique","isPartOf":{"@id":"https:\/\/limonna.cl\/#website"},"datePublished":"2024-05-19T16:19:19+00:00","dateModified":"2026-01-12T16:17:22+00:00","breadcrumb":{"@id":"https:\/\/limonna.cl\/terminos-de-uso\/#breadcrumb"},"inLanguage":"en-US","potentialAction":[{"@type":"ReadAction","target":["https:\/\/limonna.cl\/terminos-de-uso\/"]}]},{"@type":"BreadcrumbList","@id":"https:\/\/limonna.cl\/terminos-de-uso\/#breadcrumb","itemListElement":[{"@type":"ListItem","position":1,"name":"Portada","item":"https:\/\/limonna.cl\/"},{"@type":"ListItem","position":2,"name":"T\u00e9rminos de uso"}]},{"@type":"WebSite","@id":"https:\/\/limonna.cl\/#website","url":"https:\/\/limonna.cl\/","name":"Limonna | Plant based magic for pets","description":"Plant - based magic for pets","publisher":{"@id":"https:\/\/limonna.cl\/#organization"},"potentialAction":[{"@type":"SearchAction","target":{"@type":"EntryPoint","urlTemplate":"https:\/\/limonna.cl\/?s={search_term_string}"},"query-input":{"@type":"PropertyValueSpecification","valueRequired":true,"valueName":"search_term_string"}}],"inLanguage":"en-US"},{"@type":"Organization","@id":"https:\/\/limonna.cl\/#organization","name":"Limonna","url":"https:\/\/limonna.cl\/","logo":{"@type":"ImageObject","inLanguage":"en-US","@id":"https:\/\/limonna.cl\/#\/schema\/logo\/image\/","url":"https:\/\/limonna.cl\/wp-content\/uploads\/2023\/07\/logo-limonna-final-negro_Mesa-de-trabajo-1-copia-2.png","contentUrl":"https:\/\/limonna.cl\/wp-content\/uploads\/2023\/07\/logo-limonna-final-negro_Mesa-de-trabajo-1-copia-2.png","width":3508,"height":2481,"caption":"Limonna"},"image":{"@id":"https:\/\/limonna.cl\/#\/schema\/logo\/image\/"},"sameAs":["https:\/\/www.facebook.com\/limonna.cl","https:\/\/www.instagram.com\/limonna.cl\/","https:\/\/www.linkedin.com\/company\/limonna\/"]}]}},"_links":{"self":[{"href":"https:\/\/limonna.cl\/en\/wp-json\/wp\/v2\/pages\/22771","targetHints":{"allow":["GET"]}}],"collection":[{"href":"https:\/\/limonna.cl\/en\/wp-json\/wp\/v2\/pages"}],"about":[{"href":"https:\/\/limonna.cl\/en\/wp-json\/wp\/v2\/types\/page"}],"author":[{"embeddable":true,"href":"https:\/\/limonna.cl\/en\/wp-json\/wp\/v2\/users\/1"}],"replies":[{"embeddable":true,"href":"https:\/\/limonna.cl\/en\/wp-json\/wp\/v2\/comments?post=22771"}],"version-history":[{"count":22,"href":"https:\/\/limonna.cl\/en\/wp-json\/wp\/v2\/pages\/22771\/revisions"}],"predecessor-version":[{"id":26014,"href":"https:\/\/limonna.cl\/en\/wp-json\/wp\/v2\/pages\/22771\/revisions\/26014"}],"wp:attachment":[{"href":"https:\/\/limonna.cl\/en\/wp-json\/wp\/v2\/media?parent=22771"}],"curies":[{"name":"wp","href":"https:\/\/api.w.org\/{rel}","templated":true}]}}