{"id":22755,"date":"2024-05-19T11:47:40","date_gmt":"2024-05-19T15:47:40","guid":{"rendered":"https:\/\/limonna.cl\/?page_id=22755"},"modified":"2026-03-30T19:53:46","modified_gmt":"2026-03-30T22:53:46","slug":"envios","status":"publish","type":"page","link":"https:\/\/limonna.cl\/en\/envios\/","title":{"rendered":"Shipping info"},"content":{"rendered":"<div data-elementor-type=\"wp-page\" data-elementor-id=\"22755\" class=\"elementor elementor-22755\">\n\t\t\t\t<div class=\"elementor-element elementor-element-e0a6aec e-flex e-con-boxed e-con e-parent\" data-id=\"e0a6aec\" data-element_type=\"container\" data-e-type=\"container\">\n\t\t\t\t\t<div class=\"e-con-inner\">\n\t\t\t\t<div class=\"elementor-element elementor-element-18aabaa2 elementor-widget elementor-widget-text-editor\" data-id=\"18aabaa2\" data-element_type=\"widget\" data-e-type=\"widget\" data-widget_type=\"text-editor.default\">\n\t\t\t\t\t\t\t\t\t<ul>\n<li style=\"list-style-type: none;\">\n<ul><\/ul>\n<\/li>\n<li>Due to excess demand during dates close to holidays or events, shipping companies take longer than usual. Please keep this in mind before purchasing.<br \/><\/li>\n<li>Los env\u00edos nacionales e internacionales, se realizan 2-3 d\u00edas h\u00e1biles luego de la confirmaci\u00f3n de su compra a trav\u00e9s de la empresa <a href=\"https:\/\/www.correos.cl\">Correos de Chile<\/a>. Los tiempos de entrega dependen del destino final: nacionales 5 d\u00edas h\u00e1biles aproximadamente; internacionales 30-40 d\u00edas h\u00e1biles aproximadamente.<br \/><\/li>\n<li>Yes <a href=\"https:\/\/www.correos.cl\">Correos de Chile<\/a> no cubre o entrega en tu direcci\u00f3n, por favor escr\u00edbenos antes de comprar para ver opciones de env\u00edo. Empresas de courier alternativas para env\u00edos en Chile:\u00a0 <a href=\"https:\/\/www.starken.cl\">Starken<\/a> y <a href=\"https:\/\/www.chilexpress.cl\">Chilexpress<\/a>.<br \/><\/li>\n<li>Delivery time could increase due to force majeure reasons beyond our control and for which we cannot be held responsible. For example: strikes, restrictive exceptional states, office closures due to bad weather, earthquakes, tsunamis, pandemics, etc.<br \/><\/li>\n<li>It is the customer's responsibility to send a valid address that ensures receipt of the order at the delivery time. Delays caused by: the absence of the customer at the time of delivery, incorrect registration information, the customer's refusal to accept the shipment and change of address are not the responsibility of Limonna SpA or the shipping or transportation company. Any of these cases are the responsibility of the customer, who must pay for the reshipment.<br \/><\/li>\n<li>Es responsabilidad del cliente estar atento a la entrega de su compra en la direcci\u00f3n declarada en su pedido. Si esta se devuelve hasta nuestras bodegas, porque el cliente no est\u00e1 para recibir el env\u00edo, \u00e9ste \u00faltimo deber\u00e1 asumir el gasto de volver a pagar el servicio de entrega. En caso de querer cancelar tu compra, s\u00f3lo se te reintegrara el valor de los productos y no los gastos de env\u00edo. No se aceptan devoluciones o cancelaciones de productos preparados a pedido ( personalizados).<br \/><\/li>\n<li>Si quieres comprar desde fuera de Chile y tu pa\u00eds no est\u00e1 en nuestra lista, escr\u00edbenos para conversar.<br \/>\u00a0<\/li>\n<li>Compras internacionales: NO podemos enviar tu compra como regalo. Debemos declarar su contenido y valor real para que pueda ser revisado por la <a href=\"https:\/\/www.aduana.cl\/aduana\/site\/edic\/base\/port\/inicio.html\">aduana Chilena<\/a> antes de salir del pa\u00eds.<br \/><br \/><\/li>\n<li>Compras internacionales: Los valores de productos y env\u00edos, NO incluyen tarifas de ingreso o impuestos del pa\u00eds de destino. Por favor, consulta con la aduana de tu pa\u00eds para informarte antes de comprar. \u00a0No hacemos devoluciones de dinero, si decides no pagar el impuesto asociado a tu compra al momento de la entrega.\u00a0<br \/><br \/><\/li>\n<li><span style=\"text-align: var(--text-align); font-family: var(--loobek-main-font); font-size: var(--loobek-main-font-size); letter-spacing: var(--loobek-main-letter-spacing);\">Las anteriores condiciones aplican para pedidos nacionales e internacionales.<\/span><\/li>\n<\/ul>\n<p><\/p>\n<p><!-- \/wp:list --><\/p>\n<p><!-- wp:paragraph --><\/p>\n<p><!-- \/wp:paragraph --><\/p>\n<p><!-- wp:paragraph --><\/p>\n<p><!-- \/wp:paragraph --><\/p>\t\t\t\t\t\t\t\t<\/div>\n\t\t\t\t\t<\/div>\n\t\t\t\t<\/div>\n\t\t<div class=\"elementor-element elementor-element-e967914 e-flex e-con-boxed e-con e-parent\" data-id=\"e967914\" data-element_type=\"container\" data-e-type=\"container\">\n\t\t\t\t\t<div class=\"e-con-inner\">\n\t\t<div class=\"elementor-element elementor-element-45303b3 e-con-full e-flex e-con e-child\" data-id=\"45303b3\" data-element_type=\"container\" data-e-type=\"container\">\n\t\t<div class=\"elementor-element elementor-element-6195f7d e-con-full e-flex e-con e-child\" data-id=\"6195f7d\" data-element_type=\"container\" data-e-type=\"container\">\n\t\t\t\t<\/div>\n\t\t\t\t<\/div>\n\t\t\t\t\t<\/div>\n\t\t\t\t<\/div>\n\t\t\t\t<\/div>","protected":false},"excerpt":{"rendered":"","protected":false},"author":1,"featured_media":0,"parent":0,"menu_order":0,"comment_status":"closed","ping_status":"closed","template":"","meta":{"_editorskit_title_hidden":false,"_editorskit_reading_time":0,"_editorskit_is_block_options_detached":false,"_editorskit_block_options_position":"{}","_crdt_document":"","inline_featured_image":false,"iawp_total_views":34,"footnotes":""},"class_list":["post-22755","page","type-page","status-publish","hentry"],"yoast_head":"<!-- This site is optimized with the Yoast SEO plugin v27.4 - https:\/\/yoast.com\/product\/yoast-seo-wordpress\/ -->\n<title>Env\u00edos | Limonna e-boutique<\/title>\n<meta name=\"robots\" content=\"index, follow, max-snippet:-1, max-image-preview:large, max-video-preview:-1\" \/>\n<link rel=\"canonical\" href=\"https:\/\/limonna.cl\/en\/envios\/\" \/>\n<meta property=\"og:locale\" content=\"en_US\" \/>\n<meta property=\"og:type\" content=\"article\" \/>\n<meta property=\"og:title\" content=\"Env\u00edos | Limonna e-boutique\" \/>\n<meta property=\"og:url\" content=\"https:\/\/limonna.cl\/en\/envios\/\" \/>\n<meta property=\"og:site_name\" content=\"Limonna e-boutique\" \/>\n<meta property=\"article:publisher\" content=\"https:\/\/www.facebook.com\/limonna.cl\" \/>\n<meta property=\"article:modified_time\" content=\"2026-03-30T22:53:46+00:00\" \/>\n<meta name=\"twitter:card\" content=\"summary_large_image\" \/>\n<meta name=\"twitter:label1\" content=\"Est. reading time\" \/>\n\t<meta name=\"twitter:data1\" content=\"2 minutes\" \/>\n<script type=\"application\/ld+json\" class=\"yoast-schema-graph\">{\"@context\":\"https:\\\/\\\/schema.org\",\"@graph\":[{\"@type\":\"WebPage\",\"@id\":\"https:\\\/\\\/limonna.cl\\\/envios\\\/\",\"url\":\"https:\\\/\\\/limonna.cl\\\/envios\\\/\",\"name\":\"Env\u00edos | Limonna e-boutique\",\"isPartOf\":{\"@id\":\"https:\\\/\\\/limonna.cl\\\/#website\"},\"datePublished\":\"2024-05-19T15:47:40+00:00\",\"dateModified\":\"2026-03-30T22:53:46+00:00\",\"breadcrumb\":{\"@id\":\"https:\\\/\\\/limonna.cl\\\/envios\\\/#breadcrumb\"},\"inLanguage\":\"en-US\",\"potentialAction\":[{\"@type\":\"ReadAction\",\"target\":[\"https:\\\/\\\/limonna.cl\\\/envios\\\/\"]}]},{\"@type\":\"BreadcrumbList\",\"@id\":\"https:\\\/\\\/limonna.cl\\\/envios\\\/#breadcrumb\",\"itemListElement\":[{\"@type\":\"ListItem\",\"position\":1,\"name\":\"Portada\",\"item\":\"https:\\\/\\\/limonna.cl\\\/\"},{\"@type\":\"ListItem\",\"position\":2,\"name\":\"Env\u00edos\"}]},{\"@type\":\"WebSite\",\"@id\":\"https:\\\/\\\/limonna.cl\\\/#website\",\"url\":\"https:\\\/\\\/limonna.cl\\\/\",\"name\":\"Limonna | Plant based magic for pets\",\"description\":\"Plant - based magic for pets\",\"publisher\":{\"@id\":\"https:\\\/\\\/limonna.cl\\\/#organization\"},\"potentialAction\":[{\"@type\":\"SearchAction\",\"target\":{\"@type\":\"EntryPoint\",\"urlTemplate\":\"https:\\\/\\\/limonna.cl\\\/?s={search_term_string}\"},\"query-input\":{\"@type\":\"PropertyValueSpecification\",\"valueRequired\":true,\"valueName\":\"search_term_string\"}}],\"inLanguage\":\"en-US\"},{\"@type\":\"Organization\",\"@id\":\"https:\\\/\\\/limonna.cl\\\/#organization\",\"name\":\"Limonna\",\"url\":\"https:\\\/\\\/limonna.cl\\\/\",\"logo\":{\"@type\":\"ImageObject\",\"inLanguage\":\"en-US\",\"@id\":\"https:\\\/\\\/limonna.cl\\\/#\\\/schema\\\/logo\\\/image\\\/\",\"url\":\"https:\\\/\\\/limonna.cl\\\/wp-content\\\/uploads\\\/2023\\\/07\\\/logo-limonna-final-negro_Mesa-de-trabajo-1-copia-2.png\",\"contentUrl\":\"https:\\\/\\\/limonna.cl\\\/wp-content\\\/uploads\\\/2023\\\/07\\\/logo-limonna-final-negro_Mesa-de-trabajo-1-copia-2.png\",\"width\":3508,\"height\":2481,\"caption\":\"Limonna\"},\"image\":{\"@id\":\"https:\\\/\\\/limonna.cl\\\/#\\\/schema\\\/logo\\\/image\\\/\"},\"sameAs\":[\"https:\\\/\\\/www.facebook.com\\\/limonna.cl\",\"https:\\\/\\\/www.instagram.com\\\/limonna.cl\\\/\",\"https:\\\/\\\/www.linkedin.com\\\/company\\\/limonna\\\/\"]}]}<\/script>\n<!-- \/ Yoast SEO plugin. -->","yoast_head_json":{"title":"Env\u00edos | Limonna e-boutique","robots":{"index":"index","follow":"follow","max-snippet":"max-snippet:-1","max-image-preview":"max-image-preview:large","max-video-preview":"max-video-preview:-1"},"canonical":"https:\/\/limonna.cl\/en\/envios\/","og_locale":"en_US","og_type":"article","og_title":"Env\u00edos | Limonna e-boutique","og_url":"https:\/\/limonna.cl\/en\/envios\/","og_site_name":"Limonna e-boutique","article_publisher":"https:\/\/www.facebook.com\/limonna.cl","article_modified_time":"2026-03-30T22:53:46+00:00","twitter_card":"summary_large_image","twitter_misc":{"Est. reading time":"2 minutes"},"schema":{"@context":"https:\/\/schema.org","@graph":[{"@type":"WebPage","@id":"https:\/\/limonna.cl\/envios\/","url":"https:\/\/limonna.cl\/envios\/","name":"Env\u00edos | Limonna e-boutique","isPartOf":{"@id":"https:\/\/limonna.cl\/#website"},"datePublished":"2024-05-19T15:47:40+00:00","dateModified":"2026-03-30T22:53:46+00:00","breadcrumb":{"@id":"https:\/\/limonna.cl\/envios\/#breadcrumb"},"inLanguage":"en-US","potentialAction":[{"@type":"ReadAction","target":["https:\/\/limonna.cl\/envios\/"]}]},{"@type":"BreadcrumbList","@id":"https:\/\/limonna.cl\/envios\/#breadcrumb","itemListElement":[{"@type":"ListItem","position":1,"name":"Portada","item":"https:\/\/limonna.cl\/"},{"@type":"ListItem","position":2,"name":"Env\u00edos"}]},{"@type":"WebSite","@id":"https:\/\/limonna.cl\/#website","url":"https:\/\/limonna.cl\/","name":"Limonna | Plant based magic for pets","description":"Plant - based magic for pets","publisher":{"@id":"https:\/\/limonna.cl\/#organization"},"potentialAction":[{"@type":"SearchAction","target":{"@type":"EntryPoint","urlTemplate":"https:\/\/limonna.cl\/?s={search_term_string}"},"query-input":{"@type":"PropertyValueSpecification","valueRequired":true,"valueName":"search_term_string"}}],"inLanguage":"en-US"},{"@type":"Organization","@id":"https:\/\/limonna.cl\/#organization","name":"Limonna","url":"https:\/\/limonna.cl\/","logo":{"@type":"ImageObject","inLanguage":"en-US","@id":"https:\/\/limonna.cl\/#\/schema\/logo\/image\/","url":"https:\/\/limonna.cl\/wp-content\/uploads\/2023\/07\/logo-limonna-final-negro_Mesa-de-trabajo-1-copia-2.png","contentUrl":"https:\/\/limonna.cl\/wp-content\/uploads\/2023\/07\/logo-limonna-final-negro_Mesa-de-trabajo-1-copia-2.png","width":3508,"height":2481,"caption":"Limonna"},"image":{"@id":"https:\/\/limonna.cl\/#\/schema\/logo\/image\/"},"sameAs":["https:\/\/www.facebook.com\/limonna.cl","https:\/\/www.instagram.com\/limonna.cl\/","https:\/\/www.linkedin.com\/company\/limonna\/"]}]}},"_links":{"self":[{"href":"https:\/\/limonna.cl\/en\/wp-json\/wp\/v2\/pages\/22755","targetHints":{"allow":["GET"]}}],"collection":[{"href":"https:\/\/limonna.cl\/en\/wp-json\/wp\/v2\/pages"}],"about":[{"href":"https:\/\/limonna.cl\/en\/wp-json\/wp\/v2\/types\/page"}],"author":[{"embeddable":true,"href":"https:\/\/limonna.cl\/en\/wp-json\/wp\/v2\/users\/1"}],"replies":[{"embeddable":true,"href":"https:\/\/limonna.cl\/en\/wp-json\/wp\/v2\/comments?post=22755"}],"version-history":[{"count":50,"href":"https:\/\/limonna.cl\/en\/wp-json\/wp\/v2\/pages\/22755\/revisions"}],"predecessor-version":[{"id":26451,"href":"https:\/\/limonna.cl\/en\/wp-json\/wp\/v2\/pages\/22755\/revisions\/26451"}],"wp:attachment":[{"href":"https:\/\/limonna.cl\/en\/wp-json\/wp\/v2\/media?parent=22755"}],"curies":[{"name":"wp","href":"https:\/\/api.w.org\/{rel}","templated":true}]}}