{"id":21411,"date":"2023-07-12T09:19:49","date_gmt":"2023-07-12T02:19:49","guid":{"rendered":"https:\/\/limonna.cl\/?page_id=21411"},"modified":"2026-03-23T14:58:27","modified_gmt":"2026-03-23T17:58:27","slug":"about","status":"publish","type":"page","link":"https:\/\/limonna.cl\/en\/about\/","title":{"rendered":"About"},"content":{"rendered":"<div data-elementor-type=\"wp-page\" data-elementor-id=\"21411\" class=\"elementor elementor-21411\">\n\t\t\t\t<div class=\"elementor-element elementor-element-8c48a54 e-flex e-con-boxed e-con e-parent\" data-id=\"8c48a54\" data-element_type=\"container\" data-e-type=\"container\">\n\t\t\t\t\t<div class=\"e-con-inner\">\n\t\t\t\t<div class=\"elementor-element elementor-element-f32a092 elementor-widget-mobile__width-initial elementor-widget elementor-widget-heading\" data-id=\"f32a092\" data-element_type=\"widget\" data-e-type=\"widget\" data-widget_type=\"heading.default\">\n\t\t\t\t\t<h2 class=\"elementor-heading-title elementor-size-default\">Love expands<\/h2>\t\t\t\t<\/div>\n\t\t\t\t<div class=\"elementor-element elementor-element-cf87613 elementor-widget elementor-widget-text-editor\" data-id=\"cf87613\" data-element_type=\"widget\" data-e-type=\"widget\" data-widget_type=\"text-editor.default\">\n\t\t\t\t\t\t\t\t\t<p class=\"has-text-align-center\">Limonna is a Chilean pet wellness brand.<\/p>\n<p><!-- \/wp:paragraph --><!-- wp:paragraph {\"align\":\"center\"} --><\/p>\n<p class=\"has-text-align-center\">Creamos y fabricamos \u00a0productos naturales, ecofriendly y cruelty-free <br \/>for pet care.<\/p>\n<p>We are born to spread love with the help of the magic of the earth. <br \/>We want to provide well-being and thus be able to give a better quality of life to our pets<br \/>as we honor the planet and its magical elements.<\/p>\n<p><!-- \/wp:paragraph --><!-- wp:paragraph {\"align\":\"center\"} --><\/p>\n<p><!-- \/wp:paragraph --><\/p>\t\t\t\t\t\t\t\t<\/div>\n\t\t\t\t\t<\/div>\n\t\t\t\t<\/div>\n\t\t<div class=\"elementor-element elementor-element-682b55a e-flex e-con-boxed e-con e-parent\" data-id=\"682b55a\" data-element_type=\"container\" data-e-type=\"container\">\n\t\t\t\t\t<div class=\"e-con-inner\">\n\t\t\t\t<div class=\"elementor-element elementor-element-6afb465 elementor-hidden-mobile elementor-widget elementor-widget-image\" data-id=\"6afb465\" data-element_type=\"widget\" data-e-type=\"widget\" data-widget_type=\"image.default\">\n\t\t\t\t\t\t\t\t\t\t\t\t\t\t\t\t<a href=\"https:\/\/limonna.cl\/en\/category\/ingredientes\/\">\n\t\t\t\t\t\t\t<img fetchpriority=\"high\" decoding=\"async\" width=\"1312\" height=\"294\" src=\"https:\/\/limonna.cl\/wp-content\/uploads\/2024\/05\/Diseno-sin-titulo.png\" class=\"attachment-full size-full wp-image-22544\" alt=\"Limonna petwellness tres\" srcset=\"https:\/\/limonna.cl\/wp-content\/uploads\/2024\/05\/Diseno-sin-titulo.png 1312w, https:\/\/limonna.cl\/wp-content\/uploads\/2024\/05\/Diseno-sin-titulo-300x67.png 300w, https:\/\/limonna.cl\/wp-content\/uploads\/2024\/05\/Diseno-sin-titulo-1024x229.png 1024w, https:\/\/limonna.cl\/wp-content\/uploads\/2024\/05\/Diseno-sin-titulo-768x172.png 768w, https:\/\/limonna.cl\/wp-content\/uploads\/2024\/05\/Diseno-sin-titulo-340x76.png 340w, https:\/\/limonna.cl\/wp-content\/uploads\/2024\/05\/Diseno-sin-titulo-18x4.png 18w, https:\/\/limonna.cl\/wp-content\/uploads\/2024\/05\/Diseno-sin-titulo-1000x224.png 1000w, https:\/\/limonna.cl\/wp-content\/uploads\/2024\/05\/Diseno-sin-titulo-1300x291.png 1300w\" sizes=\"(max-width: 1312px) 100vw, 1312px\" \/>\t\t\t\t\t\t\t\t<\/a>\n\t\t\t\t\t\t\t\t\t\t\t\t\t\t\t<\/div>\n\t\t\t\t<div class=\"elementor-element elementor-element-5ea934a elementor-hidden-desktop elementor-hidden-tablet elementor-hidden-laptop elementor-hidden-tablet_extra elementor-widget elementor-widget-image\" data-id=\"5ea934a\" data-element_type=\"widget\" data-e-type=\"widget\" data-widget_type=\"image.default\">\n\t\t\t\t\t\t\t\t\t\t\t\t\t\t\t\t<a href=\"https:\/\/limonna.cl\/en\/category\/ingredientes\/\">\n\t\t\t\t\t\t\t<img decoding=\"async\" width=\"720\" height=\"585\" src=\"https:\/\/limonna.cl\/wp-content\/uploads\/2024\/05\/Movil-vegetales-limonna-720x585px.png\" class=\"attachment-full size-full wp-image-22910\" alt=\"Limonna petwellness cuatro\" srcset=\"https:\/\/limonna.cl\/wp-content\/uploads\/2024\/05\/Movil-vegetales-limonna-720x585px.png 720w, https:\/\/limonna.cl\/wp-content\/uploads\/2024\/05\/Movil-vegetales-limonna-720x585px-300x244.png 300w, https:\/\/limonna.cl\/wp-content\/uploads\/2024\/05\/Movil-vegetales-limonna-720x585px-340x276.png 340w, https:\/\/limonna.cl\/wp-content\/uploads\/2024\/05\/Movil-vegetales-limonna-720x585px-15x12.png 15w\" sizes=\"(max-width: 720px) 100vw, 720px\" \/>\t\t\t\t\t\t\t\t<\/a>\n\t\t\t\t\t\t\t\t\t\t\t\t\t\t\t<\/div>\n\t\t\t\t\t<\/div>\n\t\t\t\t<\/div>\n\t\t<div class=\"elementor-element elementor-element-75a41d8 e-flex e-con-boxed e-con e-parent\" data-id=\"75a41d8\" data-element_type=\"container\" data-e-type=\"container\">\n\t\t\t\t\t<div class=\"e-con-inner\">\n\t\t<div class=\"elementor-element elementor-element-cdc8309 e-con-full e-flex e-con e-child\" data-id=\"cdc8309\" data-element_type=\"container\" data-e-type=\"container\">\n\t\t\t\t<div class=\"elementor-element elementor-element-e8f82f7 elementor-widget-mobile__width-initial elementor-widget elementor-widget-heading\" data-id=\"e8f82f7\" data-element_type=\"widget\" data-e-type=\"widget\" data-widget_type=\"heading.default\">\n\t\t\t\t\t<h2 class=\"elementor-heading-title elementor-size-default\">Nuestra historia.<\/h2>\t\t\t\t<\/div>\n\t\t\t\t<div class=\"elementor-element elementor-element-3ea54c0 elementor-widget elementor-widget-spacer\" data-id=\"3ea54c0\" data-element_type=\"widget\" data-e-type=\"widget\" data-widget_type=\"spacer.default\">\n\t\t\t\t\t\t\t<div class=\"elementor-spacer\">\n\t\t\t<div class=\"elementor-spacer-inner\"><\/div>\n\t\t<\/div>\n\t\t\t\t\t\t<\/div>\n\t\t\t\t<div class=\"elementor-element elementor-element-d3c1f7f elementor-widget elementor-widget-text-editor\" data-id=\"d3c1f7f\" data-element_type=\"widget\" data-e-type=\"widget\" data-widget_type=\"text-editor.default\">\n\t\t\t\t\t\t\t\t\t<p style=\"text-align: center;\">We founded Limonna in 2013, in a small city in central Chile.<\/p>\n<p style=\"text-align: center;\">Creamos y fabricamos nuestros productos a mano y sin prisa, respetando a las personas, la dignidad del trabajo y en armon\u00eda con el entorno.<\/p>\n<p style=\"text-align: center;\">We rescue the materials and wisdom of our territory, inspired by the rich Chilean flora, traditional herbal medicine and the wisdom of our people.<\/p>\t\t\t\t\t\t\t\t<\/div>\n\t\t\t\t<div class=\"elementor-element elementor-element-e04b833 elementor-widget elementor-widget-spacer\" data-id=\"e04b833\" data-element_type=\"widget\" data-e-type=\"widget\" data-widget_type=\"spacer.default\">\n\t\t\t\t\t\t\t<div class=\"elementor-spacer\">\n\t\t\t<div class=\"elementor-spacer-inner\"><\/div>\n\t\t<\/div>\n\t\t\t\t\t\t<\/div>\n\t\t\t\t<\/div>\n\t\t\t\t\t<\/div>\n\t\t\t\t<\/div>\n\t\t<div class=\"elementor-element elementor-element-0398ade e-flex e-con-boxed e-con e-parent\" data-id=\"0398ade\" data-element_type=\"container\" data-e-type=\"container\">\n\t\t\t\t\t<div class=\"e-con-inner\">\n\t\t<div class=\"elementor-element elementor-element-6d5450d e-con-full e-flex e-con e-child\" data-id=\"6d5450d\" data-element_type=\"container\" data-e-type=\"container\">\n\t\t\t\t<div class=\"elementor-element elementor-element-743e9d7 elementor-widget elementor-widget-video\" data-id=\"743e9d7\" data-element_type=\"widget\" data-e-type=\"widget\" data-settings=\"{&quot;video_type&quot;:&quot;hosted&quot;,&quot;autoplay&quot;:&quot;yes&quot;,&quot;controls&quot;:&quot;yes&quot;}\" data-widget_type=\"video.default\">\n\t\t\t\t\t\t\t<div class=\"e-hosted-video elementor-wrapper elementor-open-inline\">\n\t\t\t\t\t<video class=\"elementor-video\" src=\"https:\/\/limonna.cl\/wp-content\/uploads\/2025\/12\/Limonna-nosotros-01.mp4\" autoplay=\"\" controls=\"\" controlslist=\"nodownload\"><\/video>\n\t\t\t\t<\/div>\n\t\t\t\t\t\t<\/div>\n\t\t\t\t<\/div>\n\t\t<div class=\"elementor-element elementor-element-ea24d10 e-con-full e-flex e-con e-child\" data-id=\"ea24d10\" data-element_type=\"container\" data-e-type=\"container\">\n\t\t\t\t<div class=\"elementor-element elementor-element-ce93851 elementor-widget elementor-widget-video\" data-id=\"ce93851\" data-element_type=\"widget\" data-e-type=\"widget\" data-settings=\"{&quot;video_type&quot;:&quot;hosted&quot;,&quot;autoplay&quot;:&quot;yes&quot;,&quot;controls&quot;:&quot;yes&quot;}\" data-widget_type=\"video.default\">\n\t\t\t\t\t\t\t<div class=\"e-hosted-video elementor-wrapper elementor-open-inline\">\n\t\t\t\t\t<video class=\"elementor-video\" src=\"https:\/\/limonna.cl\/wp-content\/uploads\/2025\/12\/Limonna-nosotros-02.mp4\" autoplay=\"\" controls=\"\" controlslist=\"nodownload\"><\/video>\n\t\t\t\t<\/div>\n\t\t\t\t\t\t<\/div>\n\t\t\t\t<\/div>\n\t\t\t\t\t<\/div>\n\t\t\t\t<\/div>\n\t\t<div class=\"elementor-element elementor-element-811dabe e-flex e-con-boxed e-con e-parent\" data-id=\"811dabe\" data-element_type=\"container\" data-e-type=\"container\">\n\t\t\t\t\t<div class=\"e-con-inner\">\n\t\t\t\t<div class=\"elementor-element elementor-element-5c9e4a9 elementor-widget-mobile__width-initial elementor-widget elementor-widget-heading\" data-id=\"5c9e4a9\" data-element_type=\"widget\" data-e-type=\"widget\" data-widget_type=\"heading.default\">\n\t\t\t\t\t<h2 class=\"elementor-heading-title elementor-size-default\">Un modelo diferente, directo del fabricante.<\/h2>\t\t\t\t<\/div>\n\t\t\t\t<div class=\"elementor-element elementor-element-a34f94a elementor-widget elementor-widget-text-editor\" data-id=\"a34f94a\" data-element_type=\"widget\" data-e-type=\"widget\" data-widget_type=\"text-editor.default\">\n\t\t\t\t\t\t\t\t\t<p>Vendemos directamente en nuestra e &#8211; boutique.<\/p>\n<p style=\"text-align: center;\">Nos interesa que disfrutes de los beneficios y la c\u00e1lida relaci\u00f3n que conlleva comprar en una empresa local.<\/p>\n<p style=\"text-align: center;\">Al comprar en nuestra e &#8211; boutique, nos ayudas a respaldar nuestra visi\u00f3n de futuro, a planificar y crecer de forma saludable y sostenible.<\/p>\t\t\t\t\t\t\t\t<\/div>\n\t\t\t\t\t<\/div>\n\t\t\t\t<\/div>\n\t\t<div class=\"elementor-element elementor-element-8b4f689 e-flex e-con-boxed e-con e-parent\" data-id=\"8b4f689\" data-element_type=\"container\" data-e-type=\"container\">\n\t\t\t\t\t<div class=\"e-con-inner\">\n\t\t<div class=\"elementor-element elementor-element-a195c17 e-con-full e-flex e-con e-child\" data-id=\"a195c17\" data-element_type=\"container\" data-e-type=\"container\">\n\t\t\t\t<div class=\"elementor-element elementor-element-0d61a6d elementor-widget elementor-widget-image\" data-id=\"0d61a6d\" data-element_type=\"widget\" data-e-type=\"widget\" data-widget_type=\"image.default\">\n\t\t\t\t\t\t\t\t\t\t\t\t\t\t\t\t<a href=\"https:\/\/limonna.cl\/en\/shop\/\">\n\t\t\t\t\t\t\t<img decoding=\"async\" width=\"860\" height=\"538\" src=\"https:\/\/limonna.cl\/wp-content\/uploads\/2024\/05\/about-1-limonna.jpg\" class=\"attachment-full size-full wp-image-23031\" alt=\"Limonna petwellness uno\" srcset=\"https:\/\/limonna.cl\/wp-content\/uploads\/2024\/05\/about-1-limonna.jpg 860w, https:\/\/limonna.cl\/wp-content\/uploads\/2024\/05\/about-1-limonna-300x188.jpg 300w, https:\/\/limonna.cl\/wp-content\/uploads\/2024\/05\/about-1-limonna-768x480.jpg 768w, https:\/\/limonna.cl\/wp-content\/uploads\/2024\/05\/about-1-limonna-340x213.jpg 340w, https:\/\/limonna.cl\/wp-content\/uploads\/2024\/05\/about-1-limonna-18x12.jpg 18w\" sizes=\"(max-width: 860px) 100vw, 860px\" \/>\t\t\t\t\t\t\t\t<\/a>\n\t\t\t\t\t\t\t\t\t\t\t\t\t\t\t<\/div>\n\t\t\t\t<div class=\"elementor-element elementor-element-aa60cd4 elementor-list-item-link-full_width elementor-widget elementor-widget-icon-list\" data-id=\"aa60cd4\" data-element_type=\"widget\" data-e-type=\"widget\" data-widget_type=\"icon-list.default\">\n\t\t\t\t\t\t\t<ul class=\"elementor-icon-list-items\">\n\t\t\t\t\t\t\t<li class=\"elementor-icon-list-item\">\n\t\t\t\t\t\t\t\t\t\t<span class=\"elementor-icon-list-text\"><\/span>\n\t\t\t\t\t\t\t\t\t<\/li>\n\t\t\t\t\t\t<\/ul>\n\t\t\t\t\t\t<\/div>\n\t\t\t\t<\/div>\n\t\t<div class=\"elementor-element elementor-element-e088ab8 e-con-full e-flex e-con e-child\" data-id=\"e088ab8\" data-element_type=\"container\" data-e-type=\"container\">\n\t\t\t\t<div class=\"elementor-element elementor-element-3d13f0f elementor-widget elementor-widget-image\" data-id=\"3d13f0f\" data-element_type=\"widget\" data-e-type=\"widget\" data-widget_type=\"image.default\">\n\t\t\t\t\t\t\t\t\t\t\t\t\t\t\t\t<a href=\"https:\/\/limonna.cl\/en\/shop\/\">\n\t\t\t\t\t\t\t<img loading=\"lazy\" decoding=\"async\" width=\"860\" height=\"538\" src=\"https:\/\/limonna.cl\/wp-content\/uploads\/2024\/05\/about-2-limonna.jpg\" class=\"attachment-full size-full wp-image-23032\" alt=\"Terapia floral mascotas Limonna\" srcset=\"https:\/\/limonna.cl\/wp-content\/uploads\/2024\/05\/about-2-limonna.jpg 860w, https:\/\/limonna.cl\/wp-content\/uploads\/2024\/05\/about-2-limonna-300x188.jpg 300w, https:\/\/limonna.cl\/wp-content\/uploads\/2024\/05\/about-2-limonna-768x480.jpg 768w, https:\/\/limonna.cl\/wp-content\/uploads\/2024\/05\/about-2-limonna-340x213.jpg 340w, https:\/\/limonna.cl\/wp-content\/uploads\/2024\/05\/about-2-limonna-18x12.jpg 18w\" sizes=\"(max-width: 860px) 100vw, 860px\" \/>\t\t\t\t\t\t\t\t<\/a>\n\t\t\t\t\t\t\t\t\t\t\t\t\t\t\t<\/div>\n\t\t\t\t<\/div>\n\t\t\t\t\t<\/div>\n\t\t\t\t<\/div>\n\t\t<div class=\"elementor-element elementor-element-89263df e-flex e-con-boxed e-con e-parent\" data-id=\"89263df\" data-element_type=\"container\" data-e-type=\"container\">\n\t\t\t\t\t<div class=\"e-con-inner\">\n\t\t\t\t<div class=\"elementor-element elementor-element-7fae79c elementor-widget elementor-widget-spacer\" data-id=\"7fae79c\" data-element_type=\"widget\" data-e-type=\"widget\" data-widget_type=\"spacer.default\">\n\t\t\t\t\t\t\t<div class=\"elementor-spacer\">\n\t\t\t<div class=\"elementor-spacer-inner\"><\/div>\n\t\t<\/div>\n\t\t\t\t\t\t<\/div>\n\t\t\t\t<div class=\"elementor-element elementor-element-e6e48a0 elementor-widget elementor-widget-text-editor\" data-id=\"e6e48a0\" data-element_type=\"widget\" data-e-type=\"widget\" data-widget_type=\"text-editor.default\">\n\t\t\t\t\t\t\t\t\t<p>Productos naturales para mascotas en Chile, creados desde una mirada bot\u00e1nica.<\/p>\n<p>Los productos Limonna est\u00e1n certificados por <a href=\"https:\/\/crueltyfree.peta.org\/company\/love-is-pet-vibrational-healing\/\"><em>PETA.org<\/em><\/a> como vegan and cruelty-free.<\/p>\t\t\t\t\t\t\t\t<\/div>\n\t\t\t\t\t<\/div>\n\t\t\t\t<\/div>\n\t\t<div class=\"elementor-element elementor-element-10035ca e-flex e-con-boxed e-con e-parent\" data-id=\"10035ca\" data-element_type=\"container\" data-e-type=\"container\">\n\t\t\t\t\t<div class=\"e-con-inner\">\n\t\t<div class=\"elementor-element elementor-element-46877ed e-con-full e-flex e-con e-child\" data-id=\"46877ed\" data-element_type=\"container\" data-e-type=\"container\">\n\t\t\t\t<\/div>\n\t\t\t\t\t<\/div>\n\t\t\t\t<\/div>\n\t\t\t\t<\/div>","protected":false},"excerpt":{"rendered":"<p>El bienestar como el amor: se expande. Limonna es una marca chilena de pet wellness. Creamos y fabricamos \u00a0productos naturales, ecofriendly y cruelty-free para el cuidado de mascotas. Nacemos para expandir amor con la ayuda de la magia de la tierra. Queremos entregar bienestar y as\u00ed poder dar una mejor calidad de vida a nuestras [&hellip;]<\/p>\n","protected":false},"author":1,"featured_media":0,"parent":0,"menu_order":0,"comment_status":"closed","ping_status":"closed","template":"","meta":{"_editorskit_title_hidden":false,"_editorskit_reading_time":0,"_editorskit_is_block_options_detached":false,"_editorskit_block_options_position":"{}","_crdt_document":"","inline_featured_image":false,"iawp_total_views":75,"footnotes":""},"class_list":["post-21411","page","type-page","status-publish","hentry"],"yoast_head":"<!-- This site is optimized with the Yoast SEO plugin v27.4 - https:\/\/yoast.com\/product\/yoast-seo-wordpress\/ -->\n<title>Limonna | Productos naturales para mascotas en Chile<\/title>\n<meta name=\"description\" content=\"Limonna crea productos naturales para mascotas en Chile. Cuidado bot\u00e1nico, manufactura propia y una forma m\u00e1s consciente de acompa\u00f1ar su bienestar.\" \/>\n<meta name=\"robots\" content=\"index, follow, max-snippet:-1, max-image-preview:large, max-video-preview:-1\" \/>\n<link rel=\"canonical\" href=\"https:\/\/limonna.cl\/en\/about\/\" \/>\n<meta property=\"og:locale\" content=\"en_US\" \/>\n<meta property=\"og:type\" content=\"article\" \/>\n<meta property=\"og:title\" content=\"Limonna | Productos naturales para mascotas en Chile\" \/>\n<meta property=\"og:description\" content=\"Limonna crea productos naturales para mascotas en Chile. Cuidado bot\u00e1nico, manufactura propia y una forma m\u00e1s consciente de acompa\u00f1ar su bienestar.\" \/>\n<meta property=\"og:url\" content=\"https:\/\/limonna.cl\/en\/about\/\" \/>\n<meta property=\"og:site_name\" content=\"Limonna e-boutique\" \/>\n<meta property=\"article:publisher\" content=\"https:\/\/www.facebook.com\/limonna.cl\" \/>\n<meta property=\"article:modified_time\" content=\"2026-03-23T17:58:27+00:00\" \/>\n<meta property=\"og:image\" content=\"https:\/\/limonna.cl\/wp-content\/uploads\/2024\/05\/Diseno-sin-titulo.png\" \/>\n<meta name=\"twitter:card\" content=\"summary_large_image\" \/>\n<meta name=\"twitter:label1\" content=\"Est. reading time\" \/>\n\t<meta name=\"twitter:data1\" content=\"2 minutes\" \/>\n<script type=\"application\/ld+json\" class=\"yoast-schema-graph\">{\"@context\":\"https:\\\/\\\/schema.org\",\"@graph\":[{\"@type\":\"WebPage\",\"@id\":\"https:\\\/\\\/limonna.cl\\\/about\\\/\",\"url\":\"https:\\\/\\\/limonna.cl\\\/about\\\/\",\"name\":\"Limonna | Productos naturales para mascotas en Chile\",\"isPartOf\":{\"@id\":\"https:\\\/\\\/limonna.cl\\\/#website\"},\"primaryImageOfPage\":{\"@id\":\"https:\\\/\\\/limonna.cl\\\/about\\\/#primaryimage\"},\"image\":{\"@id\":\"https:\\\/\\\/limonna.cl\\\/about\\\/#primaryimage\"},\"thumbnailUrl\":\"https:\\\/\\\/limonna.cl\\\/wp-content\\\/uploads\\\/2024\\\/05\\\/Diseno-sin-titulo.png\",\"datePublished\":\"2023-07-12T02:19:49+00:00\",\"dateModified\":\"2026-03-23T17:58:27+00:00\",\"description\":\"Limonna crea productos naturales para mascotas en Chile. Cuidado bot\u00e1nico, manufactura propia y una forma m\u00e1s consciente de acompa\u00f1ar su bienestar.\",\"breadcrumb\":{\"@id\":\"https:\\\/\\\/limonna.cl\\\/about\\\/#breadcrumb\"},\"inLanguage\":\"en-US\",\"potentialAction\":[{\"@type\":\"ReadAction\",\"target\":[\"https:\\\/\\\/limonna.cl\\\/about\\\/\"]}]},{\"@type\":\"ImageObject\",\"inLanguage\":\"en-US\",\"@id\":\"https:\\\/\\\/limonna.cl\\\/about\\\/#primaryimage\",\"url\":\"https:\\\/\\\/limonna.cl\\\/wp-content\\\/uploads\\\/2024\\\/05\\\/Diseno-sin-titulo.png\",\"contentUrl\":\"https:\\\/\\\/limonna.cl\\\/wp-content\\\/uploads\\\/2024\\\/05\\\/Diseno-sin-titulo.png\"},{\"@type\":\"BreadcrumbList\",\"@id\":\"https:\\\/\\\/limonna.cl\\\/about\\\/#breadcrumb\",\"itemListElement\":[{\"@type\":\"ListItem\",\"position\":1,\"name\":\"Portada\",\"item\":\"https:\\\/\\\/limonna.cl\\\/\"},{\"@type\":\"ListItem\",\"position\":2,\"name\":\"About\"}]},{\"@type\":\"WebSite\",\"@id\":\"https:\\\/\\\/limonna.cl\\\/#website\",\"url\":\"https:\\\/\\\/limonna.cl\\\/\",\"name\":\"Limonna | Plant based magic for pets\",\"description\":\"Plant - based magic for pets\",\"publisher\":{\"@id\":\"https:\\\/\\\/limonna.cl\\\/#organization\"},\"potentialAction\":[{\"@type\":\"SearchAction\",\"target\":{\"@type\":\"EntryPoint\",\"urlTemplate\":\"https:\\\/\\\/limonna.cl\\\/?s={search_term_string}\"},\"query-input\":{\"@type\":\"PropertyValueSpecification\",\"valueRequired\":true,\"valueName\":\"search_term_string\"}}],\"inLanguage\":\"en-US\"},{\"@type\":\"Organization\",\"@id\":\"https:\\\/\\\/limonna.cl\\\/#organization\",\"name\":\"Limonna\",\"url\":\"https:\\\/\\\/limonna.cl\\\/\",\"logo\":{\"@type\":\"ImageObject\",\"inLanguage\":\"en-US\",\"@id\":\"https:\\\/\\\/limonna.cl\\\/#\\\/schema\\\/logo\\\/image\\\/\",\"url\":\"https:\\\/\\\/limonna.cl\\\/wp-content\\\/uploads\\\/2023\\\/07\\\/logo-limonna-final-negro_Mesa-de-trabajo-1-copia-2.png\",\"contentUrl\":\"https:\\\/\\\/limonna.cl\\\/wp-content\\\/uploads\\\/2023\\\/07\\\/logo-limonna-final-negro_Mesa-de-trabajo-1-copia-2.png\",\"width\":3508,\"height\":2481,\"caption\":\"Limonna\"},\"image\":{\"@id\":\"https:\\\/\\\/limonna.cl\\\/#\\\/schema\\\/logo\\\/image\\\/\"},\"sameAs\":[\"https:\\\/\\\/www.facebook.com\\\/limonna.cl\",\"https:\\\/\\\/www.instagram.com\\\/limonna.cl\\\/\",\"https:\\\/\\\/www.linkedin.com\\\/company\\\/limonna\\\/\"]}]}<\/script>\n<!-- \/ Yoast SEO plugin. -->","yoast_head_json":{"title":"Limonna | Productos naturales para mascotas en Chile","description":"Limonna crea productos naturales para mascotas en Chile. Cuidado bot\u00e1nico, manufactura propia y una forma m\u00e1s consciente de acompa\u00f1ar su bienestar.","robots":{"index":"index","follow":"follow","max-snippet":"max-snippet:-1","max-image-preview":"max-image-preview:large","max-video-preview":"max-video-preview:-1"},"canonical":"https:\/\/limonna.cl\/en\/about\/","og_locale":"en_US","og_type":"article","og_title":"Limonna | Productos naturales para mascotas en Chile","og_description":"Limonna crea productos naturales para mascotas en Chile. Cuidado bot\u00e1nico, manufactura propia y una forma m\u00e1s consciente de acompa\u00f1ar su bienestar.","og_url":"https:\/\/limonna.cl\/en\/about\/","og_site_name":"Limonna e-boutique","article_publisher":"https:\/\/www.facebook.com\/limonna.cl","article_modified_time":"2026-03-23T17:58:27+00:00","og_image":[{"url":"https:\/\/limonna.cl\/wp-content\/uploads\/2024\/05\/Diseno-sin-titulo.png","type":"","width":"","height":""}],"twitter_card":"summary_large_image","twitter_misc":{"Est. reading time":"2 minutes"},"schema":{"@context":"https:\/\/schema.org","@graph":[{"@type":"WebPage","@id":"https:\/\/limonna.cl\/about\/","url":"https:\/\/limonna.cl\/about\/","name":"Limonna | Productos naturales para mascotas en Chile","isPartOf":{"@id":"https:\/\/limonna.cl\/#website"},"primaryImageOfPage":{"@id":"https:\/\/limonna.cl\/about\/#primaryimage"},"image":{"@id":"https:\/\/limonna.cl\/about\/#primaryimage"},"thumbnailUrl":"https:\/\/limonna.cl\/wp-content\/uploads\/2024\/05\/Diseno-sin-titulo.png","datePublished":"2023-07-12T02:19:49+00:00","dateModified":"2026-03-23T17:58:27+00:00","description":"Limonna crea productos naturales para mascotas en Chile. Cuidado bot\u00e1nico, manufactura propia y una forma m\u00e1s consciente de acompa\u00f1ar su bienestar.","breadcrumb":{"@id":"https:\/\/limonna.cl\/about\/#breadcrumb"},"inLanguage":"en-US","potentialAction":[{"@type":"ReadAction","target":["https:\/\/limonna.cl\/about\/"]}]},{"@type":"ImageObject","inLanguage":"en-US","@id":"https:\/\/limonna.cl\/about\/#primaryimage","url":"https:\/\/limonna.cl\/wp-content\/uploads\/2024\/05\/Diseno-sin-titulo.png","contentUrl":"https:\/\/limonna.cl\/wp-content\/uploads\/2024\/05\/Diseno-sin-titulo.png"},{"@type":"BreadcrumbList","@id":"https:\/\/limonna.cl\/about\/#breadcrumb","itemListElement":[{"@type":"ListItem","position":1,"name":"Portada","item":"https:\/\/limonna.cl\/"},{"@type":"ListItem","position":2,"name":"About"}]},{"@type":"WebSite","@id":"https:\/\/limonna.cl\/#website","url":"https:\/\/limonna.cl\/","name":"Limonna | Plant based magic for pets","description":"Plant - based magic for pets","publisher":{"@id":"https:\/\/limonna.cl\/#organization"},"potentialAction":[{"@type":"SearchAction","target":{"@type":"EntryPoint","urlTemplate":"https:\/\/limonna.cl\/?s={search_term_string}"},"query-input":{"@type":"PropertyValueSpecification","valueRequired":true,"valueName":"search_term_string"}}],"inLanguage":"en-US"},{"@type":"Organization","@id":"https:\/\/limonna.cl\/#organization","name":"Limonna","url":"https:\/\/limonna.cl\/","logo":{"@type":"ImageObject","inLanguage":"en-US","@id":"https:\/\/limonna.cl\/#\/schema\/logo\/image\/","url":"https:\/\/limonna.cl\/wp-content\/uploads\/2023\/07\/logo-limonna-final-negro_Mesa-de-trabajo-1-copia-2.png","contentUrl":"https:\/\/limonna.cl\/wp-content\/uploads\/2023\/07\/logo-limonna-final-negro_Mesa-de-trabajo-1-copia-2.png","width":3508,"height":2481,"caption":"Limonna"},"image":{"@id":"https:\/\/limonna.cl\/#\/schema\/logo\/image\/"},"sameAs":["https:\/\/www.facebook.com\/limonna.cl","https:\/\/www.instagram.com\/limonna.cl\/","https:\/\/www.linkedin.com\/company\/limonna\/"]}]}},"_links":{"self":[{"href":"https:\/\/limonna.cl\/en\/wp-json\/wp\/v2\/pages\/21411","targetHints":{"allow":["GET"]}}],"collection":[{"href":"https:\/\/limonna.cl\/en\/wp-json\/wp\/v2\/pages"}],"about":[{"href":"https:\/\/limonna.cl\/en\/wp-json\/wp\/v2\/types\/page"}],"author":[{"embeddable":true,"href":"https:\/\/limonna.cl\/en\/wp-json\/wp\/v2\/users\/1"}],"replies":[{"embeddable":true,"href":"https:\/\/limonna.cl\/en\/wp-json\/wp\/v2\/comments?post=21411"}],"version-history":[{"count":374,"href":"https:\/\/limonna.cl\/en\/wp-json\/wp\/v2\/pages\/21411\/revisions"}],"predecessor-version":[{"id":26389,"href":"https:\/\/limonna.cl\/en\/wp-json\/wp\/v2\/pages\/21411\/revisions\/26389"}],"wp:attachment":[{"href":"https:\/\/limonna.cl\/en\/wp-json\/wp\/v2\/media?parent=21411"}],"curies":[{"name":"wp","href":"https:\/\/api.w.org\/{rel}","templated":true}]}}